{"id":367646,"date":"2022-01-05T14:03:59","date_gmt":"2022-01-05T14:03:59","guid":{"rendered":"https:\/\/staging.laplanetedesenfants.com\/product\/ensemble-jogging-looney-tunes\/"},"modified":"2022-01-05T14:03:59","modified_gmt":"2022-01-05T14:03:59","slug":"ensemble-jogging-looney-tunes","status":"publish","type":"product","link":"https:\/\/staging.laplanetedesenfants.com\/en\/produit\/ensemble-jogging-looney-tunes\/","title":{"rendered":"Ensemble Jogging Looney Tunes"},"content":{"rendered":"<p><span style=\"font-family:'Droid Sans', Helvetica, sans-serif;font-size:13px;font-style:normal;font-weight:normal;letter-spacing:normal;text-indent:0px;text-transform:none;white-space:normal;word-spacing:0px;float:none;\">La Plan\u00e8te des Enfants vous propose\u00a0 \u00a0ensemble jogging\u00a0 Looney tunes\u00a0 .C<\/span>ouleurs contrast\u00e9e avec l&#8217; image du h\u00e9ros devant. Finitions \u00e9lastiqu\u00e9es.\u00a0 Int\u00e9rieur polaire pour un contact chaud et doux. Mati\u00e8re: 100% polyester. Entretien: Lavage \u00e0 40 \u00b0C.<\/p>\n","protected":false},"excerpt":{"rendered":"<p><span style=\"font-family:'Droid Sans', Helvetica, sans-serif;font-size:13px;font-style:normal;font-weight:normal;letter-spacing:normal;text-indent:0px;text-transform:none;white-space:normal;word-spacing:0px;float:none;\">La Plan\u00e8te des Enfants vous propose\u00a0 \u00a0ensemble jogging\u00a0 Looney tunes\u00a0 .C<\/span>ouleurs contrast\u00e9e avec l&#8217; image du h\u00e9ros devant. Finitions \u00e9lastiqu\u00e9es.\u00a0 Int\u00e9rieur polaire pour un contact chaud et doux. Mati\u00e8re: 100% polyester. Entretien: Lavage \u00e0 40 \u00b0C.<\/p>\n","protected":false},"featured_media":367607,"template":"","meta":[],"product_brand":[],"product_cat":[13526,13484,13601,13779,13538,13502],"product_tag":[13456,18178,18105],"class_list":{"0":"post-367646","1":"product","2":"type-product","3":"status-publish","4":"has-post-thumbnail","6":"product_cat-boys-en","7":"product_cat-accueil-en","8":"product_cat-joggings-en","9":"product_cat-new-boys-collection-en","11":"product_cat-what-s-new-en","12":"product_tag-ensemble","13":"product_tag-ensemble-jogging-looney-tunes","14":"product_tag-looney-tunes","15":"pa_couleur-blue-en","16":"pa_couleur-marine-en","17":"pa_genre-garcon-en","18":"pa_taille-3ans_98cm","19":"pa_taille-4ans_104cm","20":"pa_taille-5ans_110cm","21":"pa_taille-6ans_116cm","22":"pa_taille-7ans_122cm","23":"pa_taille-8ans_128cm","25":"first","26":"instock","27":"shipping-taxable","28":"purchasable","29":"product-type-variable","30":"has-default-attributes"},"_links":{"self":[{"href":"https:\/\/staging.laplanetedesenfants.com\/en\/wp-json\/wp\/v2\/product\/367646","targetHints":{"allow":["GET"]}}],"collection":[{"href":"https:\/\/staging.laplanetedesenfants.com\/en\/wp-json\/wp\/v2\/product"}],"about":[{"href":"https:\/\/staging.laplanetedesenfants.com\/en\/wp-json\/wp\/v2\/types\/product"}],"version-history":[{"count":0,"href":"https:\/\/staging.laplanetedesenfants.com\/en\/wp-json\/wp\/v2\/product\/367646\/revisions"}],"wp:featuredmedia":[{"embeddable":true,"href":"https:\/\/staging.laplanetedesenfants.com\/en\/wp-json\/wp\/v2\/media\/367607"}],"wp:attachment":[{"href":"https:\/\/staging.laplanetedesenfants.com\/en\/wp-json\/wp\/v2\/media?parent=367646"}],"wp:term":[{"taxonomy":"product_brand","embeddable":true,"href":"https:\/\/staging.laplanetedesenfants.com\/en\/wp-json\/wp\/v2\/product_brand?post=367646"},{"taxonomy":"product_cat","embeddable":true,"href":"https:\/\/staging.laplanetedesenfants.com\/en\/wp-json\/wp\/v2\/product_cat?post=367646"},{"taxonomy":"product_tag","embeddable":true,"href":"https:\/\/staging.laplanetedesenfants.com\/en\/wp-json\/wp\/v2\/product_tag?post=367646"}],"curies":[{"name":"wp","href":"https:\/\/api.w.org\/{rel}","templated":true}]}}