{"id":374495,"date":"2022-03-01T12:38:57","date_gmt":"2022-03-01T12:38:57","guid":{"rendered":"https:\/\/staging.laplanetedesenfants.com\/product\/maillot-de-bain-bikini-princesse-disney-3\/"},"modified":"2022-03-01T12:38:57","modified_gmt":"2022-03-01T12:38:57","slug":"maillot-de-bain-bikini-princesse-disney-3","status":"publish","type":"product","link":"https:\/\/staging.laplanetedesenfants.com\/en\/produit\/maillot-de-bain-bikini-princesse-disney-3\/","title":{"rendered":"Maillot de bain Bikini Princesse Disney"},"content":{"rendered":"<p><span>Maillot de bain Bikini Princesse Disney, forme deux pi\u00e8ces\u00a0<\/span><\/p>\n<p><span>Mati\u00e8re principale: 85% polyamide, 15% \u00e9lasthane Doublure: 100% polyamide<\/span><\/p>\n","protected":false},"excerpt":{"rendered":"<p>La Plan\u00e8te des Enfants vous propose ce <span style=\"text-decoration:underline;\"><strong>Maillot de bain Princesse<\/strong><\/span>, deux pi\u00e8ces. Culotte haute \u00e0 volant au niveau des cuisses. Haut en forme triangulaire accompagn\u00e9 de volant sur le c\u00f4t\u00e9 int\u00e9rieur de chaque triangle. Bretelles fine avec fermoire \u00e0 clip au dos. Image imprim\u00e9 \u00e0 l&#8217;avant. Taille \u00e9lastique. Fond doubl\u00e9.\u00a0<\/p>\n","protected":false},"featured_media":374474,"template":"","meta":[],"product_brand":[],"product_cat":[13487,13511,13532,13484,13794,13541,13502],"product_tag":[18371,13477,17964,16731],"class_list":{"0":"post-374495","1":"product","2":"type-product","3":"status-publish","4":"has-post-thumbnail","6":"product_cat-accessoires-en","7":"product_cat-beach-en","8":"product_cat-girls-en","9":"product_cat-accueil-en","10":"product_cat-maillots-de-bain-en","11":"product_cat-new-girls-collection-en","12":"product_cat-what-s-new-en","13":"product_tag-bikni","14":"product_tag-maillot-de-bain","15":"product_tag-maillot-de-bain-bikini-princesse","16":"product_tag-princess","17":"pa_couleur-fuchsia-en","18":"pa_couleur-pink-en","19":"pa_genre-fille-en","20":"pa_taille-2_3ans","21":"pa_taille-3_4ans","22":"pa_taille-5_6ans","24":"first","25":"instock","26":"sale","27":"shipping-taxable","28":"purchasable","29":"product-type-variable","30":"has-default-attributes"},"_links":{"self":[{"href":"https:\/\/staging.laplanetedesenfants.com\/en\/wp-json\/wp\/v2\/product\/374495","targetHints":{"allow":["GET"]}}],"collection":[{"href":"https:\/\/staging.laplanetedesenfants.com\/en\/wp-json\/wp\/v2\/product"}],"about":[{"href":"https:\/\/staging.laplanetedesenfants.com\/en\/wp-json\/wp\/v2\/types\/product"}],"version-history":[{"count":0,"href":"https:\/\/staging.laplanetedesenfants.com\/en\/wp-json\/wp\/v2\/product\/374495\/revisions"}],"wp:featuredmedia":[{"embeddable":true,"href":"https:\/\/staging.laplanetedesenfants.com\/en\/wp-json\/wp\/v2\/media\/374474"}],"wp:attachment":[{"href":"https:\/\/staging.laplanetedesenfants.com\/en\/wp-json\/wp\/v2\/media?parent=374495"}],"wp:term":[{"taxonomy":"product_brand","embeddable":true,"href":"https:\/\/staging.laplanetedesenfants.com\/en\/wp-json\/wp\/v2\/product_brand?post=374495"},{"taxonomy":"product_cat","embeddable":true,"href":"https:\/\/staging.laplanetedesenfants.com\/en\/wp-json\/wp\/v2\/product_cat?post=374495"},{"taxonomy":"product_tag","embeddable":true,"href":"https:\/\/staging.laplanetedesenfants.com\/en\/wp-json\/wp\/v2\/product_tag?post=374495"}],"curies":[{"name":"wp","href":"https:\/\/api.w.org\/{rel}","templated":true}]}}