{"id":379677,"date":"2022-05-04T14:34:29","date_gmt":"2022-05-04T14:34:29","guid":{"rendered":"https:\/\/staging.laplanetedesenfants.com\/product\/casquette-nasa\/"},"modified":"2022-05-04T14:34:29","modified_gmt":"2022-05-04T14:34:29","slug":"casquette-nasa","status":"publish","type":"product","link":"https:\/\/staging.laplanetedesenfants.com\/en\/produit\/casquette-nasa\/","title":{"rendered":"Casquette Nasa"},"content":{"rendered":"<p>La Plan\u00e8te des Enfants vous propose cette\u00a0<span style=\"text-decoration:underline;\"><strong>Casquette Nasa.<\/strong><\/span>\u00a0R\u00e9glable par scratch. Image imprim\u00e9e devant et sur la visi\u00e8re. Tr\u00e8s l\u00e9g\u00e8re et prot\u00e8ge du soleil.<\/p>\n<p>Front Panel 100% Polyester<\/p>\n<p>Back panel: 100 % Coton<\/p>\n<p>Entretien: Lavage \u00e0 la main.<\/p>\n","protected":false},"excerpt":{"rendered":"<p>La Plan\u00e8te des Enfants vous propose cette <span style=\"text-decoration:underline;\"><strong>Casquette Nasa<\/strong><\/span>\u00a0R\u00e9glable par scratch. Image imprim\u00e9e devant et sur la visi\u00e8re. Tr\u00e8s l\u00e9g\u00e8re et prot\u00e8ge du soleil.<\/p>\n<p>Front Panel 100% Polyester<\/p>\n<p>Back panel: 100 % Coton<\/p>\n<p>Entretien: Lavage \u00e0 la main.<\/p>\n","protected":false},"featured_media":379668,"template":"","meta":[],"product_brand":[],"product_cat":[13487,13505,13526,13616,13484,13538,13508,13502],"product_tag":[14659,18627,18184],"class_list":{"0":"post-379677","1":"product","2":"type-product","3":"status-publish","4":"has-post-thumbnail","6":"product_cat-accessoires-en","7":"product_cat-all-products-en","8":"product_cat-boys-en","9":"product_cat-casquettes-bobs-en","10":"product_cat-accueil-en","11":"product_cat-new-boys-collection-en","12":"product_cat-summer-en","13":"product_cat-what-s-new-en","14":"product_tag-casquette","15":"product_tag-casquette-nasa","16":"product_tag-nasa","17":"pa_couleur-black-en","18":"pa_couleur-blue-en","19":"pa_genre-garcon-en","21":"first","22":"instock","23":"shipping-taxable","24":"purchasable","25":"product-type-variable","26":"has-default-attributes"},"_links":{"self":[{"href":"https:\/\/staging.laplanetedesenfants.com\/en\/wp-json\/wp\/v2\/product\/379677","targetHints":{"allow":["GET"]}}],"collection":[{"href":"https:\/\/staging.laplanetedesenfants.com\/en\/wp-json\/wp\/v2\/product"}],"about":[{"href":"https:\/\/staging.laplanetedesenfants.com\/en\/wp-json\/wp\/v2\/types\/product"}],"version-history":[{"count":0,"href":"https:\/\/staging.laplanetedesenfants.com\/en\/wp-json\/wp\/v2\/product\/379677\/revisions"}],"wp:featuredmedia":[{"embeddable":true,"href":"https:\/\/staging.laplanetedesenfants.com\/en\/wp-json\/wp\/v2\/media\/379668"}],"wp:attachment":[{"href":"https:\/\/staging.laplanetedesenfants.com\/en\/wp-json\/wp\/v2\/media?parent=379677"}],"wp:term":[{"taxonomy":"product_brand","embeddable":true,"href":"https:\/\/staging.laplanetedesenfants.com\/en\/wp-json\/wp\/v2\/product_brand?post=379677"},{"taxonomy":"product_cat","embeddable":true,"href":"https:\/\/staging.laplanetedesenfants.com\/en\/wp-json\/wp\/v2\/product_cat?post=379677"},{"taxonomy":"product_tag","embeddable":true,"href":"https:\/\/staging.laplanetedesenfants.com\/en\/wp-json\/wp\/v2\/product_tag?post=379677"}],"curies":[{"name":"wp","href":"https:\/\/api.w.org\/{rel}","templated":true}]}}