{"id":415443,"date":"2024-10-17T12:58:49","date_gmt":"2024-10-17T12:58:49","guid":{"rendered":"https:\/\/staging.laplanetedesenfants.com\/product\/cagoule-cars\/"},"modified":"2024-10-17T12:58:49","modified_gmt":"2024-10-17T12:58:49","slug":"cagoule-cars","status":"publish","type":"product","link":"https:\/\/staging.laplanetedesenfants.com\/en\/produit\/cagoule-cars\/","title":{"rendered":"Cagoule Cars"},"content":{"rendered":"<p>Cette cagoule Cars unie \u00e0 la finition c\u00f4te 2&#215;2 est ray\u00e9e au niveau du cou. On note que sur le cot\u00e9 de la cagoule l&#8217;image est cousue ce qui garantie une tenue parfaite tout au long de son utilisation. Taille unique. Mati\u00e8re: 100% acrylique. Entretien: Lavage \u00e0 40 \u00b0C.<\/p>\n","protected":false},"excerpt":{"rendered":"<p>Cette cagoule Cars unie \u00e0 la finition c\u00f4te 2&#215;2 est ray\u00e9e au niveau du cou. On note que sur le cot\u00e9 de la cagoule l&#8217;image est brod\u00e9e ce qui garantie une tenue parfaite tout au long de son utilisation. Taille unique. Mati\u00e8re: 100% acrylique. Entretien: Lavage \u00e0 40 \u00b0C.<\/p>\n","protected":false},"featured_media":415436,"template":"","meta":[],"product_brand":[],"product_cat":[13487,13505,13649,13526,13547,13484],"product_tag":[],"class_list":{"0":"post-415443","1":"product","2":"type-product","3":"status-publish","4":"has-post-thumbnail","6":"product_cat-accessoires-en","7":"product_cat-all-products-en","8":"product_cat-bonnets-cagoules-en","9":"product_cat-boys-en","10":"product_cat-fall-winter-2023-en","11":"product_cat-accueil-en","12":"pa_couleur-blue-en","13":"pa_couleur-marine-en","14":"pa_couleur-red-en","15":"pa_genre-garcon-en","17":"first","18":"instock","19":"sale","20":"shipping-taxable","21":"purchasable","22":"product-type-variable","23":"has-default-attributes"},"_links":{"self":[{"href":"https:\/\/staging.laplanetedesenfants.com\/en\/wp-json\/wp\/v2\/product\/415443","targetHints":{"allow":["GET"]}}],"collection":[{"href":"https:\/\/staging.laplanetedesenfants.com\/en\/wp-json\/wp\/v2\/product"}],"about":[{"href":"https:\/\/staging.laplanetedesenfants.com\/en\/wp-json\/wp\/v2\/types\/product"}],"version-history":[{"count":0,"href":"https:\/\/staging.laplanetedesenfants.com\/en\/wp-json\/wp\/v2\/product\/415443\/revisions"}],"wp:featuredmedia":[{"embeddable":true,"href":"https:\/\/staging.laplanetedesenfants.com\/en\/wp-json\/wp\/v2\/media\/415436"}],"wp:attachment":[{"href":"https:\/\/staging.laplanetedesenfants.com\/en\/wp-json\/wp\/v2\/media?parent=415443"}],"wp:term":[{"taxonomy":"product_brand","embeddable":true,"href":"https:\/\/staging.laplanetedesenfants.com\/en\/wp-json\/wp\/v2\/product_brand?post=415443"},{"taxonomy":"product_cat","embeddable":true,"href":"https:\/\/staging.laplanetedesenfants.com\/en\/wp-json\/wp\/v2\/product_cat?post=415443"},{"taxonomy":"product_tag","embeddable":true,"href":"https:\/\/staging.laplanetedesenfants.com\/en\/wp-json\/wp\/v2\/product_tag?post=415443"}],"curies":[{"name":"wp","href":"https:\/\/api.w.org\/{rel}","templated":true}]}}