{"id":418981,"date":"2025-08-14T11:32:54","date_gmt":"2025-08-14T11:32:54","guid":{"rendered":"https:\/\/staging.laplanetedesenfants.com\/product\/pokemon-coffret-6-boosters-ev105-ecarlate-et-violet-flamme-blanche-2\/"},"modified":"2025-08-14T11:32:54","modified_gmt":"2025-08-14T11:32:54","slug":"pokemon-coffret-6-boosters-ev105-ecarlate-et-violet-flamme-blanche-2","status":"publish","type":"product","link":"https:\/\/staging.laplanetedesenfants.com\/en\/produit\/pokemon-coffret-6-boosters-ev105-ecarlate-et-violet-flamme-blanche-2\/","title":{"rendered":"Pok\u00e9mon &#8211; Coffret 6 Boosters EV10.5 \u00c9carlate et Violet Foudre Noir"},"content":{"rendered":"<p style=\"border:0px solid #e5e7eb;margin:0px 0px 12px;color:#202223;font-family:UniformRnd, 'ui-sans-serif', 'system-ui', '-apple-system', 'Segoe UI', Roboto, Ubuntu, Cantarell, 'Noto Sans', sans-serif, BlinkMacSystemFont, 'Helvetica Neue', Arial, 'Apple Color Emoji', 'Segoe UI Emoji', 'Segoe UI Symbol', 'Noto Color Emoji';font-size:16px;background-color:#ffffff;\">Un monde de r\u00eaves et d&#8217;aventures vous attend. Avec ce lot de 6 boosters, vous trouverez tous les Pok\u00e9mon dont vous avez besoin pour construire votre deck et enrichir votre collection !<\/p>\n<p style=\"border:0px solid #e5e7eb;margin:0px;color:#202223;font-family:UniformRnd, 'ui-sans-serif', 'system-ui', '-apple-system', 'Segoe UI', Roboto, Ubuntu, Cantarell, 'Noto Sans', sans-serif, BlinkMacSystemFont, 'Helvetica Neue', Arial, 'Apple Color Emoji', 'Segoe UI Emoji', 'Segoe UI Symbol', 'Noto Color Emoji';font-size:16px;background-color:#ffffff;\">Coffret de boosters Pok\u00e9mon<br style=\"border:0px solid #e5e7eb;\" \/>Renforcez ou cr\u00e9ez votre deck de cartes Pok\u00e9mon avec les boosters Foudre Noir ! Chaque deck Pok\u00e9mon doit contenir exactement 60 cartes, et ne peut pas avoir plus de 4 copies d&#8217;une m\u00eame carte Pok\u00e9mon.<\/p>\n","protected":false},"excerpt":{"rendered":"<div class=\"flex text-body-40 text-grey-900\" style=\"border:0px solid #e5e7eb;font-size:16px;line-height:21.6px;color:#202223;font-family:UniformRnd, 'ui-sans-serif', 'system-ui', '-apple-system', 'Segoe UI', Roboto, Ubuntu, Cantarell, 'Noto Sans', sans-serif, BlinkMacSystemFont, 'Helvetica Neue', Arial, 'Apple Color Emoji', 'Segoe UI Emoji', 'Segoe UI Symbol', 'Noto Color Emoji';background-color:#ffffff;\"><span style=\"border:0px solid #e5e7eb;\">Parfait pour am\u00e9liorer vos decks ou enrichir votre collection<\/span><\/div>\n<div class=\"flex text-body-40 text-grey-900\" style=\"border:0px solid #e5e7eb;font-size:16px;line-height:21.6px;color:#202223;font-family:UniformRnd, 'ui-sans-serif', 'system-ui', '-apple-system', 'Segoe UI', Roboto, Ubuntu, Cantarell, 'Noto Sans', sans-serif, BlinkMacSystemFont, 'Helvetica Neue', Arial, 'Apple Color Emoji', 'Segoe UI Emoji', 'Segoe UI Symbol', 'Noto Color Emoji';background-color:#ffffff;\"><span class=\"rounded-full min-w-[5px] min-h-[5px] w-[5px] h-[5px] bg-blue-400 mr-2 mt-2\" style=\"border:0px solid #e5e7eb;margin-right:0.5rem;margin-top:0.5rem;height:5px;min-height:5px;width:5px;min-width:5px;background-color:#1f8ef4;\"><\/span><span style=\"border:0px solid #e5e7eb;\">Chaque booster contient 10 cartes Pok\u00e9mon<\/span><\/div>\n<div class=\"flex text-body-40 text-grey-900\" style=\"border:0px solid #e5e7eb;font-size:16px;line-height:21.6px;color:#202223;font-family:UniformRnd, 'ui-sans-serif', 'system-ui', '-apple-system', 'Segoe UI', Roboto, Ubuntu, Cantarell, 'Noto Sans', sans-serif, BlinkMacSystemFont, 'Helvetica Neue', Arial, 'Apple Color Emoji', 'Segoe UI Emoji', 'Segoe UI Symbol', 'Noto Color Emoji';background-color:#ffffff;\"><span class=\"rounded-full min-w-[5px] min-h-[5px] w-[5px] h-[5px] bg-blue-400 mr-2 mt-2\" style=\"border:0px solid #e5e7eb;margin-right:0.5rem;margin-top:0.5rem;height:5px;min-height:5px;width:5px;min-width:5px;background-color:#1f8ef4;\"><\/span><span style=\"border:0px solid #e5e7eb;\">Contenu : 6x boosters Foudre Noir (10x cartes chacun, 60x cartes au total)<\/span><\/div>\n<div class=\"flex text-body-40 text-grey-900\" style=\"border:0px solid #e5e7eb;font-size:16px;line-height:21.6px;color:#202223;font-family:UniformRnd, 'ui-sans-serif', 'system-ui', '-apple-system', 'Segoe UI', Roboto, Ubuntu, Cantarell, 'Noto Sans', sans-serif, BlinkMacSystemFont, 'Helvetica Neue', Arial, 'Apple Color Emoji', 'Segoe UI Emoji', 'Segoe UI Symbol', 'Noto Color Emoji';background-color:#ffffff;\"><span class=\"rounded-full min-w-[5px] min-h-[5px] w-[5px] h-[5px] bg-blue-400 mr-2 mt-2\" style=\"border:0px solid #e5e7eb;margin-right:0.5rem;margin-top:0.5rem;height:5px;min-height:5px;width:5px;min-width:5px;background-color:#1f8ef4;\"><\/span><span style=\"border:0px solid #e5e7eb;\">Dimensions : 7,4L x 5,1l x 11,1H cm<\/span><\/div>\n","protected":false},"featured_media":418976,"template":"","meta":[],"product_brand":[],"product_cat":[13505,13749,13496,13484,13502],"product_tag":[21201,21202,15770],"class_list":{"0":"post-418981","1":"product","2":"type-product","3":"status-publish","4":"has-post-thumbnail","6":"product_cat-all-products-en","7":"product_cat-cartes-a-jouer-en","8":"product_cat-games-toys-en","9":"product_cat-accueil-en","10":"product_cat-what-s-new-en","11":"product_tag-coffret-6-boosters","12":"product_tag-ecarlate-et-violet-flamme-blanch","13":"product_tag-pokemon","14":"pa_genre-garcon-en","16":"first","17":"instock","18":"sale","19":"shipping-taxable","20":"purchasable","21":"product-type-simple"},"_links":{"self":[{"href":"https:\/\/staging.laplanetedesenfants.com\/en\/wp-json\/wp\/v2\/product\/418981","targetHints":{"allow":["GET"]}}],"collection":[{"href":"https:\/\/staging.laplanetedesenfants.com\/en\/wp-json\/wp\/v2\/product"}],"about":[{"href":"https:\/\/staging.laplanetedesenfants.com\/en\/wp-json\/wp\/v2\/types\/product"}],"version-history":[{"count":0,"href":"https:\/\/staging.laplanetedesenfants.com\/en\/wp-json\/wp\/v2\/product\/418981\/revisions"}],"wp:featuredmedia":[{"embeddable":true,"href":"https:\/\/staging.laplanetedesenfants.com\/en\/wp-json\/wp\/v2\/media\/418976"}],"wp:attachment":[{"href":"https:\/\/staging.laplanetedesenfants.com\/en\/wp-json\/wp\/v2\/media?parent=418981"}],"wp:term":[{"taxonomy":"product_brand","embeddable":true,"href":"https:\/\/staging.laplanetedesenfants.com\/en\/wp-json\/wp\/v2\/product_brand?post=418981"},{"taxonomy":"product_cat","embeddable":true,"href":"https:\/\/staging.laplanetedesenfants.com\/en\/wp-json\/wp\/v2\/product_cat?post=418981"},{"taxonomy":"product_tag","embeddable":true,"href":"https:\/\/staging.laplanetedesenfants.com\/en\/wp-json\/wp\/v2\/product_tag?post=418981"}],"curies":[{"name":"wp","href":"https:\/\/api.w.org\/{rel}","templated":true}]}}