{"id":169370,"date":"2015-12-22T11:29:24","date_gmt":"2015-12-22T11:29:24","guid":{"rendered":"https:\/\/staging.laplanetedesenfants.com\/staging\/product\/impermeable-mickey\/"},"modified":"2015-12-22T11:29:24","modified_gmt":"2015-12-22T11:29:24","slug":"impermeable-mickey","status":"publish","type":"product","link":"https:\/\/staging.laplanetedesenfants.com\/staging\/produit\/impermeable-mickey\/","title":{"rendered":"Imperm\u00e9able Mickey"},"content":{"rendered":"<p>Imperm\u00e9able Mickey 100% PVC \u00e0 capuche. Prot\u00e8ge de la pluie. Manches longues. Fermeture \u00e0 pressions. Capuche \u00e9lastique. Imprim\u00e9 du h\u00e9ros sur la poitrine et au dos.<\/p>\n","protected":false},"excerpt":{"rendered":"<p>Imperm\u00e9able Mickey 100% PVC \u00e0 capuche. Prot\u00e8ge de la pluie. Manches longues. Fermeture \u00e0 pressions. Capuche \u00e9lastique. Imprim\u00e9 du h\u00e9ros sur la poitrine et au dos.<\/p>\n","protected":false},"featured_media":169355,"template":"","meta":[],"product_brand":[],"product_cat":[13483,13525,13651,13732,13504],"product_tag":[13440,14592,14595,14593,14594,14586],"class_list":{"0":"post-169370","1":"product","2":"type-product","3":"status-publish","4":"has-post-thumbnail","6":"product_cat-accueil","7":"product_cat-garcons","8":"product_cat-impermeables","9":"product_cat-manteaux-blousons","10":"product_cat-tous-les-produits","11":"product_tag-disney","12":"product_tag-impermeable","13":"product_tag-impermeables","14":"product_tag-manteau","15":"product_tag-manteaux","16":"product_tag-mickey","17":"pa_couleur-bleu","18":"pa_couleur-ciel","19":"pa_genre-garcon","20":"pa_taille-2ans_86cm","21":"pa_taille-4ans_104cm","22":"pa_taille-6ans_116cm","24":"first","25":"instock","26":"sale","27":"shipping-taxable","28":"purchasable","29":"product-type-variable","30":"has-default-attributes"},"_links":{"self":[{"href":"https:\/\/staging.laplanetedesenfants.com\/staging\/wp-json\/wp\/v2\/product\/169370","targetHints":{"allow":["GET"]}}],"collection":[{"href":"https:\/\/staging.laplanetedesenfants.com\/staging\/wp-json\/wp\/v2\/product"}],"about":[{"href":"https:\/\/staging.laplanetedesenfants.com\/staging\/wp-json\/wp\/v2\/types\/product"}],"version-history":[{"count":0,"href":"https:\/\/staging.laplanetedesenfants.com\/staging\/wp-json\/wp\/v2\/product\/169370\/revisions"}],"wp:featuredmedia":[{"embeddable":true,"href":"https:\/\/staging.laplanetedesenfants.com\/staging\/wp-json\/wp\/v2\/media\/169355"}],"wp:attachment":[{"href":"https:\/\/staging.laplanetedesenfants.com\/staging\/wp-json\/wp\/v2\/media?parent=169370"}],"wp:term":[{"taxonomy":"product_brand","embeddable":true,"href":"https:\/\/staging.laplanetedesenfants.com\/staging\/wp-json\/wp\/v2\/product_brand?post=169370"},{"taxonomy":"product_cat","embeddable":true,"href":"https:\/\/staging.laplanetedesenfants.com\/staging\/wp-json\/wp\/v2\/product_cat?post=169370"},{"taxonomy":"product_tag","embeddable":true,"href":"https:\/\/staging.laplanetedesenfants.com\/staging\/wp-json\/wp\/v2\/product_tag?post=169370"}],"curies":[{"name":"wp","href":"https:\/\/api.w.org\/{rel}","templated":true}]}}