{"id":169978,"date":"2015-12-22T11:40:56","date_gmt":"2015-12-22T11:40:56","guid":{"rendered":"https:\/\/staging.laplanetedesenfants.com\/staging\/product\/cache-cou-mickey\/"},"modified":"2015-12-22T11:40:56","modified_gmt":"2015-12-22T11:40:56","slug":"cache-cou-mickey","status":"publish","type":"product","link":"https:\/\/staging.laplanetedesenfants.com\/staging\/produit\/cache-cou-mickey\/","title":{"rendered":"Cache Cou Mickey"},"content":{"rendered":"<p>Cache cou Mickey doublure micro polaire doux et chaud. Imprim\u00e9 entierement. Mati\u00e8re: 100% polyester. Entretien: lavage \u00e0 40 \u00b0C.<\/p>\n","protected":false},"excerpt":{"rendered":"<p>Cache cou Mickey doublure micro polaire doux et chaud. Imprim\u00e9 entierement. Mati\u00e8re: 100% polyester. Entretien: lavage \u00e0 40 \u00b0C.<\/p>\n","protected":false},"featured_media":169973,"template":"","meta":[],"product_brand":[],"product_cat":[13486,13483,13714,13699,13525,13498,13546,13504],"product_tag":[13448,13473,13474,13440,14586],"class_list":{"0":"post-169978","1":"product","2":"type-product","3":"status-publish","4":"has-post-thumbnail","6":"product_cat-accessoires","7":"product_cat-accueil","8":"product_cat-cache-oreilles-cache-cou","9":"product_cat-echarpes-gants-bonnets","10":"product_cat-garcons","11":"product_cat-less-5","12":"product_cat-solde-automne-hiver-2023","13":"product_cat-tous-les-produits","14":"product_tag-cache","15":"product_tag-cache-cou","16":"product_tag-caches-cous","17":"product_tag-disney","18":"product_tag-mickey","19":"pa_couleur-bleu","20":"pa_couleur-rouge","21":"pa_genre-garcon","23":"first","24":"instock","25":"sale","26":"shipping-taxable","27":"purchasable","28":"product-type-variable","29":"has-default-attributes"},"_links":{"self":[{"href":"https:\/\/staging.laplanetedesenfants.com\/staging\/wp-json\/wp\/v2\/product\/169978","targetHints":{"allow":["GET"]}}],"collection":[{"href":"https:\/\/staging.laplanetedesenfants.com\/staging\/wp-json\/wp\/v2\/product"}],"about":[{"href":"https:\/\/staging.laplanetedesenfants.com\/staging\/wp-json\/wp\/v2\/types\/product"}],"version-history":[{"count":0,"href":"https:\/\/staging.laplanetedesenfants.com\/staging\/wp-json\/wp\/v2\/product\/169978\/revisions"}],"wp:featuredmedia":[{"embeddable":true,"href":"https:\/\/staging.laplanetedesenfants.com\/staging\/wp-json\/wp\/v2\/media\/169973"}],"wp:attachment":[{"href":"https:\/\/staging.laplanetedesenfants.com\/staging\/wp-json\/wp\/v2\/media?parent=169978"}],"wp:term":[{"taxonomy":"product_brand","embeddable":true,"href":"https:\/\/staging.laplanetedesenfants.com\/staging\/wp-json\/wp\/v2\/product_brand?post=169978"},{"taxonomy":"product_cat","embeddable":true,"href":"https:\/\/staging.laplanetedesenfants.com\/staging\/wp-json\/wp\/v2\/product_cat?post=169978"},{"taxonomy":"product_tag","embeddable":true,"href":"https:\/\/staging.laplanetedesenfants.com\/staging\/wp-json\/wp\/v2\/product_tag?post=169978"}],"curies":[{"name":"wp","href":"https:\/\/api.w.org\/{rel}","templated":true}]}}