{"id":171241,"date":"2015-12-22T11:52:54","date_gmt":"2015-12-22T11:52:54","guid":{"rendered":"https:\/\/staging.laplanetedesenfants.com\/staging\/product\/bonnet-a-pompon-minions\/"},"modified":"2015-12-22T11:52:54","modified_gmt":"2015-12-22T11:52:54","slug":"bonnet-a-pompon-minions","status":"publish","type":"product","link":"https:\/\/staging.laplanetedesenfants.com\/staging\/produit\/bonnet-a-pompon-minions\/","title":{"rendered":"Bonnet \u00e0 Pompon Minions"},"content":{"rendered":"<p>La Plan\u00e8te des Enfants vous pr\u00e9sente ce splendide Bonnet \u00e0 Pompon Minions ray\u00e9.<br \/>Celui ci, a son image cousue au devant du bonnet, ce qui lui garantit une tenue parfaite tout au long de son utilisation.<br \/>Ce Bonnet \u00e0 Pompon Minions prot\u00e8gera vos enfants durant tout l&#8217;hiver.<br \/>Taille unique<br \/>Mati\u00e8re: 100% acrylique<br \/>Entretien: Lavage \u00e0 40\u00b0C<\/p>\n","protected":false},"excerpt":{"rendered":"<p>Ce bonnet \u00e0 pompon ray\u00e9 Minions a son image brod\u00e9e au devant du bonnet qui garantie une tenue parfaite tout au long de son utilisation. Taille unique. Mati\u00e8re: 100% acrylique. Entretien: Lavage \u00e0 40\u00b0C.<\/p>\n","protected":false},"featured_media":171234,"template":"","meta":[],"product_brand":[],"product_cat":[13483],"product_tag":[13438,13454,13455,13439,13440,14613,14615],"class_list":{"0":"post-171241","1":"product","2":"type-product","3":"status-publish","4":"has-post-thumbnail","6":"product_cat-accueil","7":"product_tag-bonnet","8":"product_tag-bonnet-a-pompon","9":"product_tag-bonnet-a-pompons","10":"product_tag-bonnets","11":"product_tag-disney","12":"product_tag-minion","13":"product_tag-minions","15":"first","16":"instock","17":"sale","18":"shipping-taxable","19":"purchasable","20":"product-type-variable","21":"has-default-attributes"},"_links":{"self":[{"href":"https:\/\/staging.laplanetedesenfants.com\/staging\/wp-json\/wp\/v2\/product\/171241","targetHints":{"allow":["GET"]}}],"collection":[{"href":"https:\/\/staging.laplanetedesenfants.com\/staging\/wp-json\/wp\/v2\/product"}],"about":[{"href":"https:\/\/staging.laplanetedesenfants.com\/staging\/wp-json\/wp\/v2\/types\/product"}],"version-history":[{"count":0,"href":"https:\/\/staging.laplanetedesenfants.com\/staging\/wp-json\/wp\/v2\/product\/171241\/revisions"}],"wp:featuredmedia":[{"embeddable":true,"href":"https:\/\/staging.laplanetedesenfants.com\/staging\/wp-json\/wp\/v2\/media\/171234"}],"wp:attachment":[{"href":"https:\/\/staging.laplanetedesenfants.com\/staging\/wp-json\/wp\/v2\/media?parent=171241"}],"wp:term":[{"taxonomy":"product_brand","embeddable":true,"href":"https:\/\/staging.laplanetedesenfants.com\/staging\/wp-json\/wp\/v2\/product_brand?post=171241"},{"taxonomy":"product_cat","embeddable":true,"href":"https:\/\/staging.laplanetedesenfants.com\/staging\/wp-json\/wp\/v2\/product_cat?post=171241"},{"taxonomy":"product_tag","embeddable":true,"href":"https:\/\/staging.laplanetedesenfants.com\/staging\/wp-json\/wp\/v2\/product_tag?post=171241"}],"curies":[{"name":"wp","href":"https:\/\/api.w.org\/{rel}","templated":true}]}}