{"id":174012,"date":"2015-12-22T12:22:24","date_gmt":"2015-12-22T12:22:24","guid":{"rendered":"https:\/\/staging.laplanetedesenfants.com\/staging\/product\/legging-minnie\/"},"modified":"2015-12-22T12:22:24","modified_gmt":"2015-12-22T12:22:24","slug":"legging-minnie","status":"publish","type":"product","link":"https:\/\/staging.laplanetedesenfants.com\/staging\/produit\/legging-minnie\/","title":{"rendered":"Legging  Minnie"},"content":{"rendered":"<p>Legging Minnie \u00e0 fleurs. Taille \u00e9lastique. Image imprim\u00e9e sur la jambe pour le legging rose. Mati\u00e8re: 91% polyester, 9% \u00e9lasthane. Entretien: Lavage \u00e0 40\u00b0C.<\/p>\n","protected":false},"excerpt":{"rendered":"<p>Legging Minnie \u00e0 fleurs. Taille \u00e9lastique. Image imprim\u00e9e sur la jambe pour le legging rose. Mati\u00e8re: 91% polyester, 9% \u00e9lasthane. Entretien: Lavage \u00e0 40\u00b0C.<\/p>\n","protected":false},"featured_media":174003,"template":"","meta":[],"product_brand":[],"product_cat":[13483,13531,13642,13498,13799,13534,13504],"product_tag":[13440,13481,13480,13482,14616],"class_list":{"0":"post-174012","1":"product","2":"type-product","3":"status-publish","4":"has-post-thumbnail","6":"product_cat-accueil","7":"product_cat-filles","8":"product_cat-leggings","9":"product_cat-less-5","10":"product_cat-nouvelle-collection-fille","11":"product_cat-promos","12":"product_cat-tous-les-produits","13":"product_tag-disney","14":"product_tag-leggin","15":"product_tag-legging","16":"product_tag-leggings","17":"product_tag-minnie","18":"pa_couleur-bleu","19":"pa_couleur-rose","20":"pa_genre-fille","21":"pa_taille-2ans_86cm","22":"pa_taille-4ans_104cm","23":"pa_taille-6ans_116cm","24":"pa_taille-8ans_128cm","26":"first","27":"instock","28":"sale","29":"shipping-taxable","30":"purchasable","31":"product-type-variable"},"_links":{"self":[{"href":"https:\/\/staging.laplanetedesenfants.com\/staging\/wp-json\/wp\/v2\/product\/174012","targetHints":{"allow":["GET"]}}],"collection":[{"href":"https:\/\/staging.laplanetedesenfants.com\/staging\/wp-json\/wp\/v2\/product"}],"about":[{"href":"https:\/\/staging.laplanetedesenfants.com\/staging\/wp-json\/wp\/v2\/types\/product"}],"version-history":[{"count":0,"href":"https:\/\/staging.laplanetedesenfants.com\/staging\/wp-json\/wp\/v2\/product\/174012\/revisions"}],"wp:featuredmedia":[{"embeddable":true,"href":"https:\/\/staging.laplanetedesenfants.com\/staging\/wp-json\/wp\/v2\/media\/174003"}],"wp:attachment":[{"href":"https:\/\/staging.laplanetedesenfants.com\/staging\/wp-json\/wp\/v2\/media?parent=174012"}],"wp:term":[{"taxonomy":"product_brand","embeddable":true,"href":"https:\/\/staging.laplanetedesenfants.com\/staging\/wp-json\/wp\/v2\/product_brand?post=174012"},{"taxonomy":"product_cat","embeddable":true,"href":"https:\/\/staging.laplanetedesenfants.com\/staging\/wp-json\/wp\/v2\/product_cat?post=174012"},{"taxonomy":"product_tag","embeddable":true,"href":"https:\/\/staging.laplanetedesenfants.com\/staging\/wp-json\/wp\/v2\/product_tag?post=174012"}],"curies":[{"name":"wp","href":"https:\/\/api.w.org\/{rel}","templated":true}]}}