{"id":177719,"date":"2015-12-22T12:44:35","date_gmt":"2015-12-22T12:44:35","guid":{"rendered":"https:\/\/staging.laplanetedesenfants.com\/staging\/product\/bonnet-a-pompon-spiderman-2\/"},"modified":"2015-12-22T12:44:35","modified_gmt":"2015-12-22T12:44:35","slug":"bonnet-a-pompon-spiderman-2","status":"publish","type":"product","link":"https:\/\/staging.laplanetedesenfants.com\/staging\/produit\/bonnet-a-pompon-spiderman-2\/","title":{"rendered":"Bonnet \u00e0 Pompon Spiderman"},"content":{"rendered":"<p>La Plan\u00e8te des Enfants vous pr\u00e9sente ce splendide Bonnet \u00e0 Pompon Spiderman ray\u00e9.<br \/>Celui ci, a son image cousue au devant du bonnet, ce qui lui garantit une tenue parfaite tout au long de son utilisation.<br \/>Ce Bonnet \u00e0 Pompon Minions prot\u00e8gera vos enfants durant tout l&#8217;hiver.<br \/>Taille unique<br \/>Mati\u00e8re: 100% acrylique<br \/>Entretien: Lavage \u00e0 40\u00b0C<\/p>\n","protected":false},"excerpt":{"rendered":"<p>La Plan\u00e8te des Enfants vous propose ce bonnet \u00e0 pompon ray\u00e9 Spiderman.<br \/>Celui-ci a son image brod\u00e9e au devant du bonnet qui garantie une tenue parfaite tout au long de son utilisation.<\/p>\n<p>\u00b7 Taille Unique<br \/>\u00b7 Mati\u00e8re: 100% acrylique<br \/>\u00b7 Entretien: Lavage \u00e0 40\u00b0C.<\/p>\n","protected":false},"featured_media":177715,"template":"","meta":[],"product_brand":[],"product_cat":[13483],"product_tag":[13454,14651,13455,13439,14642,14643],"class_list":{"0":"post-177719","1":"product","2":"type-product","3":"status-publish","4":"has-post-thumbnail","6":"product_cat-accueil","7":"product_tag-bonnet-a-pompon","8":"product_tag-bonnet-a-pompon-spiderman","9":"product_tag-bonnet-a-pompons","10":"product_tag-bonnets","11":"product_tag-marvel","12":"product_tag-spiderman","14":"first","15":"instock","16":"sale","17":"shipping-taxable","18":"purchasable","19":"product-type-variable","20":"has-default-attributes"},"_links":{"self":[{"href":"https:\/\/staging.laplanetedesenfants.com\/staging\/wp-json\/wp\/v2\/product\/177719","targetHints":{"allow":["GET"]}}],"collection":[{"href":"https:\/\/staging.laplanetedesenfants.com\/staging\/wp-json\/wp\/v2\/product"}],"about":[{"href":"https:\/\/staging.laplanetedesenfants.com\/staging\/wp-json\/wp\/v2\/types\/product"}],"version-history":[{"count":0,"href":"https:\/\/staging.laplanetedesenfants.com\/staging\/wp-json\/wp\/v2\/product\/177719\/revisions"}],"wp:featuredmedia":[{"embeddable":true,"href":"https:\/\/staging.laplanetedesenfants.com\/staging\/wp-json\/wp\/v2\/media\/177715"}],"wp:attachment":[{"href":"https:\/\/staging.laplanetedesenfants.com\/staging\/wp-json\/wp\/v2\/media?parent=177719"}],"wp:term":[{"taxonomy":"product_brand","embeddable":true,"href":"https:\/\/staging.laplanetedesenfants.com\/staging\/wp-json\/wp\/v2\/product_brand?post=177719"},{"taxonomy":"product_cat","embeddable":true,"href":"https:\/\/staging.laplanetedesenfants.com\/staging\/wp-json\/wp\/v2\/product_cat?post=177719"},{"taxonomy":"product_tag","embeddable":true,"href":"https:\/\/staging.laplanetedesenfants.com\/staging\/wp-json\/wp\/v2\/product_tag?post=177719"}],"curies":[{"name":"wp","href":"https:\/\/api.w.org\/{rel}","templated":true}]}}