{"id":180681,"date":"2015-12-22T13:14:00","date_gmt":"2015-12-22T13:14:00","guid":{"rendered":"https:\/\/staging.laplanetedesenfants.com\/staging\/product\/cache-cou-tortues-ninja\/"},"modified":"2015-12-22T13:14:00","modified_gmt":"2015-12-22T13:14:00","slug":"cache-cou-tortues-ninja","status":"publish","type":"product","link":"https:\/\/staging.laplanetedesenfants.com\/staging\/produit\/cache-cou-tortues-ninja\/","title":{"rendered":"Cache Cou Tortues Ninja"},"content":{"rendered":"<p>Cache cou Tortues Ninja doublure micro polaire doux et chaud. Imprim\u00e9 entierement. Mati\u00e8re: 100% polyester. Entretien: lavage \u00e0 40 \u00b0C.<\/p>\n","protected":false},"excerpt":{"rendered":"<p>Cache cou Tortues Ninja doublure micro polaire doux et chaud. Imprim\u00e9 entierement. Mati\u00e8re: 100% polyester. Entretien: lavage \u00e0 40 \u00b0C.<\/p>\n","protected":false},"featured_media":180676,"template":"","meta":[],"product_brand":[],"product_cat":[13486,13483,13714,13498,13546,13504],"product_tag":[13448,13473,13474,14669,14666,14670],"class_list":{"0":"post-180681","1":"product","2":"type-product","3":"status-publish","4":"has-post-thumbnail","6":"product_cat-accessoires","7":"product_cat-accueil","8":"product_cat-cache-oreilles-cache-cou","9":"product_cat-less-5","10":"product_cat-solde-automne-hiver-2023","11":"product_cat-tous-les-produits","12":"product_tag-cache","13":"product_tag-cache-cou","14":"product_tag-caches-cous","15":"product_tag-ninja","16":"product_tag-tortues-ninja","17":"product_tag-turtles","18":"pa_couleur-bleu","19":"pa_couleur-vert","20":"pa_genre-garcon","22":"first","23":"instock","24":"shipping-taxable","25":"purchasable","26":"product-type-variable","27":"has-default-attributes"},"_links":{"self":[{"href":"https:\/\/staging.laplanetedesenfants.com\/staging\/wp-json\/wp\/v2\/product\/180681","targetHints":{"allow":["GET"]}}],"collection":[{"href":"https:\/\/staging.laplanetedesenfants.com\/staging\/wp-json\/wp\/v2\/product"}],"about":[{"href":"https:\/\/staging.laplanetedesenfants.com\/staging\/wp-json\/wp\/v2\/types\/product"}],"version-history":[{"count":0,"href":"https:\/\/staging.laplanetedesenfants.com\/staging\/wp-json\/wp\/v2\/product\/180681\/revisions"}],"wp:featuredmedia":[{"embeddable":true,"href":"https:\/\/staging.laplanetedesenfants.com\/staging\/wp-json\/wp\/v2\/media\/180676"}],"wp:attachment":[{"href":"https:\/\/staging.laplanetedesenfants.com\/staging\/wp-json\/wp\/v2\/media?parent=180681"}],"wp:term":[{"taxonomy":"product_brand","embeddable":true,"href":"https:\/\/staging.laplanetedesenfants.com\/staging\/wp-json\/wp\/v2\/product_brand?post=180681"},{"taxonomy":"product_cat","embeddable":true,"href":"https:\/\/staging.laplanetedesenfants.com\/staging\/wp-json\/wp\/v2\/product_cat?post=180681"},{"taxonomy":"product_tag","embeddable":true,"href":"https:\/\/staging.laplanetedesenfants.com\/staging\/wp-json\/wp\/v2\/product_tag?post=180681"}],"curies":[{"name":"wp","href":"https:\/\/api.w.org\/{rel}","templated":true}]}}