{"id":180915,"date":"2015-12-22T13:16:43","date_gmt":"2015-12-22T13:16:43","guid":{"rendered":"https:\/\/staging.laplanetedesenfants.com\/staging\/product\/ensemble-debardeur-culotte-violetta\/"},"modified":"2015-12-22T13:16:43","modified_gmt":"2015-12-22T13:16:43","slug":"ensemble-debardeur-culotte-violetta","status":"publish","type":"product","link":"https:\/\/staging.laplanetedesenfants.com\/staging\/produit\/ensemble-debardeur-culotte-violetta\/","title":{"rendered":"Ensemble D\u00e9bardeur \/Culotte Violetta"},"content":{"rendered":"","protected":false},"excerpt":{"rendered":"<p>Ensemble d\u00e9bardeur culotte Violetta. Couleurs contrastantes. Col V. Bretelles Fines. Image imprim\u00e9e devant. Pour la culotte, taille \u00e9lastique. Fond doubl\u00e9 image imprim\u00e9e devant. Couleurs contrastantes aux finitions. Mati\u00e8re: 100% coton. Entretien;: Lavage 40 \u00b0C<\/p>\n","protected":false},"featured_media":180913,"template":"","meta":[],"product_brand":[],"product_cat":[13483,13726,13531,13711,13504],"product_tag":[],"class_list":{"0":"post-180915","1":"product","2":"type-product","3":"status-publish","4":"has-post-thumbnail","6":"product_cat-accueil","7":"product_cat-ensembles","8":"product_cat-filles","9":"product_cat-sous-vetements-chaussettes","10":"product_cat-tous-les-produits","11":"pa_couleur-fuchsia","12":"pa_couleur-rose","13":"pa_genre-fille","14":"pa_taille-10_12ans","15":"pa_taille-4_6ans","16":"pa_taille-7_8ans","18":"first","19":"instock","20":"sale","21":"shipping-taxable","22":"purchasable","23":"product-type-variable","24":"has-default-attributes"},"_links":{"self":[{"href":"https:\/\/staging.laplanetedesenfants.com\/staging\/wp-json\/wp\/v2\/product\/180915","targetHints":{"allow":["GET"]}}],"collection":[{"href":"https:\/\/staging.laplanetedesenfants.com\/staging\/wp-json\/wp\/v2\/product"}],"about":[{"href":"https:\/\/staging.laplanetedesenfants.com\/staging\/wp-json\/wp\/v2\/types\/product"}],"version-history":[{"count":0,"href":"https:\/\/staging.laplanetedesenfants.com\/staging\/wp-json\/wp\/v2\/product\/180915\/revisions"}],"wp:featuredmedia":[{"embeddable":true,"href":"https:\/\/staging.laplanetedesenfants.com\/staging\/wp-json\/wp\/v2\/media\/180913"}],"wp:attachment":[{"href":"https:\/\/staging.laplanetedesenfants.com\/staging\/wp-json\/wp\/v2\/media?parent=180915"}],"wp:term":[{"taxonomy":"product_brand","embeddable":true,"href":"https:\/\/staging.laplanetedesenfants.com\/staging\/wp-json\/wp\/v2\/product_brand?post=180915"},{"taxonomy":"product_cat","embeddable":true,"href":"https:\/\/staging.laplanetedesenfants.com\/staging\/wp-json\/wp\/v2\/product_cat?post=180915"},{"taxonomy":"product_tag","embeddable":true,"href":"https:\/\/staging.laplanetedesenfants.com\/staging\/wp-json\/wp\/v2\/product_tag?post=180915"}],"curies":[{"name":"wp","href":"https:\/\/api.w.org\/{rel}","templated":true}]}}