{"id":185302,"date":"2016-02-03T12:21:52","date_gmt":"2016-02-03T12:21:52","guid":{"rendered":"https:\/\/staging.laplanetedesenfants.com\/staging\/product\/chemise-de-nuit-manches-courtes-hello-kitty-2\/"},"modified":"2016-02-03T12:21:52","modified_gmt":"2016-02-03T12:21:52","slug":"chemise-de-nuit-manches-courtes-hello-kitty-2","status":"publish","type":"product","link":"https:\/\/staging.laplanetedesenfants.com\/staging\/produit\/chemise-de-nuit-manches-courtes-hello-kitty-2\/","title":{"rendered":"Chemise de Nuit Manches Courtes Hello Kitty"},"content":{"rendered":"<p>Chemise de Nuit manches courtes Hello Kitty. Col rond. Imprim\u00e9 devant. Couleurs de l&#8217;imprim\u00e9 contrastantes. Mati\u00e8re: 100% coton. Entretien: Lavage \u00e0 40 \u00b0C.<\/p>\n","protected":false},"excerpt":{"rendered":"<p>Chemise de nuit manches courtes Hello Kitty. Col rond. Imprim\u00e9 devant. Couleurs de l&#8217;imprim\u00e9 contrastantes. Mati\u00e8re: 100% coton. Entretien: Lavage \u00e0 40 \u00b0C.<\/p>\n","protected":false},"featured_media":185290,"template":"","meta":[],"product_brand":[],"product_cat":[13483],"product_tag":[13742,14681,13741,13740,14617,13472,14682],"class_list":{"0":"post-185302","1":"product","2":"type-product","3":"status-publish","4":"has-post-thumbnail","6":"product_cat-accueil","7":"product_tag-fille","8":"product_tag-hello-kitty","9":"product_tag-manche-courte","10":"product_tag-manches-courtes","11":"product_tag-robe","12":"product_tag-robe-de-chambre","13":"product_tag-sanrio","15":"first","16":"instock","17":"sale","18":"shipping-taxable","19":"purchasable","20":"product-type-variable","21":"has-default-attributes"},"_links":{"self":[{"href":"https:\/\/staging.laplanetedesenfants.com\/staging\/wp-json\/wp\/v2\/product\/185302","targetHints":{"allow":["GET"]}}],"collection":[{"href":"https:\/\/staging.laplanetedesenfants.com\/staging\/wp-json\/wp\/v2\/product"}],"about":[{"href":"https:\/\/staging.laplanetedesenfants.com\/staging\/wp-json\/wp\/v2\/types\/product"}],"version-history":[{"count":0,"href":"https:\/\/staging.laplanetedesenfants.com\/staging\/wp-json\/wp\/v2\/product\/185302\/revisions"}],"wp:featuredmedia":[{"embeddable":true,"href":"https:\/\/staging.laplanetedesenfants.com\/staging\/wp-json\/wp\/v2\/media\/185290"}],"wp:attachment":[{"href":"https:\/\/staging.laplanetedesenfants.com\/staging\/wp-json\/wp\/v2\/media?parent=185302"}],"wp:term":[{"taxonomy":"product_brand","embeddable":true,"href":"https:\/\/staging.laplanetedesenfants.com\/staging\/wp-json\/wp\/v2\/product_brand?post=185302"},{"taxonomy":"product_cat","embeddable":true,"href":"https:\/\/staging.laplanetedesenfants.com\/staging\/wp-json\/wp\/v2\/product_cat?post=185302"},{"taxonomy":"product_tag","embeddable":true,"href":"https:\/\/staging.laplanetedesenfants.com\/staging\/wp-json\/wp\/v2\/product_tag?post=185302"}],"curies":[{"name":"wp","href":"https:\/\/api.w.org\/{rel}","templated":true}]}}