{"id":201569,"date":"2016-04-06T18:36:59","date_gmt":"2016-04-06T18:36:59","guid":{"rendered":"https:\/\/staging.laplanetedesenfants.com\/staging\/product\/legging-court-my-little-pony\/"},"modified":"2016-04-06T18:36:59","modified_gmt":"2016-04-06T18:36:59","slug":"legging-court-my-little-pony","status":"publish","type":"product","link":"https:\/\/staging.laplanetedesenfants.com\/staging\/produit\/legging-court-my-little-pony\/","title":{"rendered":"Legging Court My Little Pony"},"content":{"rendered":"<p>La Plan\u00e8te des Enfants vous propose ce <span style=\"text-decoration:underline;\"><strong>Legging Court My Little Pony<\/strong><\/span>. Taille \u00e9lastique. Image imprim\u00e9e. Mati\u00e8re: 95% polyester, 5% \u00e9lasthane. Entretien: Lavage \u00e0 40\u00b0C.<\/p>\n","protected":false},"excerpt":{"rendered":"<p>La Plan\u00e8te des Enfants vous propose ce <span style=\"text-decoration:underline;\"><strong>Legging Court My Little Pony<\/strong><\/span>. Taille \u00e9lastique. Image imprim\u00e9e. Mati\u00e8re: 95% polyester, 5% \u00e9lasthane. Entretien: Lavage \u00e0 40\u00b0C.<\/p>\n","protected":false},"featured_media":201561,"template":"","meta":[],"product_brand":[],"product_cat":[13483,13531,13642,13501,13534],"product_tag":[14982,14983,13481,13480,13482,14984,15156,15154],"class_list":{"0":"post-201569","1":"product","2":"type-product","3":"status-publish","4":"has-post-thumbnail","6":"product_cat-accueil","7":"product_cat-filles","8":"product_cat-leggings","9":"product_cat-nouveautes","10":"product_cat-promos","11":"product_tag-collant","12":"product_tag-collants","13":"product_tag-leggin","14":"product_tag-legging","15":"product_tag-leggings","16":"product_tag-my-little-pony","17":"product_tag-patins-a-roulette-spideman","18":"product_tag-set-rollers-spiderman","19":"pa_couleur-fuchsia","20":"pa_couleur-violet","21":"pa_genre-fille","22":"pa_taille-2ans_86cm","23":"pa_taille-4ans_104cm","24":"pa_taille-6ans_116cm","26":"first","27":"instock","28":"sale","29":"shipping-taxable","30":"purchasable","31":"product-type-variable"},"_links":{"self":[{"href":"https:\/\/staging.laplanetedesenfants.com\/staging\/wp-json\/wp\/v2\/product\/201569","targetHints":{"allow":["GET"]}}],"collection":[{"href":"https:\/\/staging.laplanetedesenfants.com\/staging\/wp-json\/wp\/v2\/product"}],"about":[{"href":"https:\/\/staging.laplanetedesenfants.com\/staging\/wp-json\/wp\/v2\/types\/product"}],"version-history":[{"count":0,"href":"https:\/\/staging.laplanetedesenfants.com\/staging\/wp-json\/wp\/v2\/product\/201569\/revisions"}],"wp:featuredmedia":[{"embeddable":true,"href":"https:\/\/staging.laplanetedesenfants.com\/staging\/wp-json\/wp\/v2\/media\/201561"}],"wp:attachment":[{"href":"https:\/\/staging.laplanetedesenfants.com\/staging\/wp-json\/wp\/v2\/media?parent=201569"}],"wp:term":[{"taxonomy":"product_brand","embeddable":true,"href":"https:\/\/staging.laplanetedesenfants.com\/staging\/wp-json\/wp\/v2\/product_brand?post=201569"},{"taxonomy":"product_cat","embeddable":true,"href":"https:\/\/staging.laplanetedesenfants.com\/staging\/wp-json\/wp\/v2\/product_cat?post=201569"},{"taxonomy":"product_tag","embeddable":true,"href":"https:\/\/staging.laplanetedesenfants.com\/staging\/wp-json\/wp\/v2\/product_tag?post=201569"}],"curies":[{"name":"wp","href":"https:\/\/api.w.org\/{rel}","templated":true}]}}