{"id":202907,"date":"2016-04-07T17:45:40","date_gmt":"2016-04-07T17:45:40","guid":{"rendered":"https:\/\/staging.laplanetedesenfants.com\/staging\/product\/poncho-de-bain-tortues-ninja\/"},"modified":"2016-04-07T17:45:40","modified_gmt":"2016-04-07T17:45:40","slug":"poncho-de-bain-tortues-ninja","status":"publish","type":"product","link":"https:\/\/staging.laplanetedesenfants.com\/staging\/produit\/poncho-de-bain-tortues-ninja\/","title":{"rendered":"Poncho de bain  Tortues ninja"},"content":{"rendered":"<p>La Plan\u00e8te des Enfants vous propose ce <span style=\"text-decoration:underline;\"><strong>Poncho de Bain \u00e0 Capuche Tortues Ninja<\/strong><\/span> Pratique \u00e0 enfiler, le <span style=\"text-decoration:underline;\"><strong><span style=\"text-decoration:underline;\"><strong>Poncho de Bain \u00e0 Capuche Tortues Ninja<\/strong><\/span> <\/strong><\/span>prot\u00e9gera votre enfant \u00e0 la sortie du bain ou \u00e0 la plage. Fabriqu\u00e9 en microfibre il est confortable et doux au touch\u00e9. Couleurs contrastantes. Entretien: lavage \u00e0 40 \u00b0C.<\/p>\n<p>Dimensions 55&#215;110 cm<\/p>\n","protected":false},"excerpt":{"rendered":"<p>La Plan\u00e8te des Enfants vous propose ce <span style=\"text-decoration:underline;\"><strong>Poncho de Bain \u00e0 Capuche Tortues Ninja<\/strong><\/span> Pratique \u00e0 enfiler, le <span style=\"text-decoration:underline;\"><strong><span style=\"text-decoration:underline;\"><strong>Poncho de Bain \u00e0 Capuche Tortues Ninja<\/strong><\/span> <\/strong><\/span>prot\u00e9gera votre enfant \u00e0 la sortie du bain ou \u00e0 la plage. Fabriqu\u00e9 en microfibre il est confortable et doux au touch\u00e9. Couleurs contrastantes. Entretien: lavage \u00e0 40 \u00b0C.<\/p>\n<p>Dimensions 55&#215;110 cm<\/p>\n","protected":false},"featured_media":202897,"template":"","meta":[],"product_brand":[],"product_cat":[13486,13483,13507,13525,13501,13510,13666,13534,13513],"product_tag":[13478,14881,14653,14596,15196,15193],"class_list":{"0":"post-202907","1":"product","2":"type-product","3":"status-publish","4":"has-post-thumbnail","6":"product_cat-accessoires","7":"product_cat-accueil","8":"product_cat-ete","9":"product_cat-garcons","10":"product_cat-nouveautes","11":"product_cat-plage","12":"product_cat-ponchos","13":"product_cat-promos","14":"product_cat-serviettes","15":"product_tag-bain","16":"product_tag-les-tortues-ninjas","17":"product_tag-mer","18":"product_tag-poncho","19":"product_tag-poncho-capuche","20":"product_tag-poncho-de-bain","21":"pa_genre-garcon","23":"first","24":"instock","25":"sale","26":"shipping-taxable","27":"purchasable","28":"product-type-simple"},"_links":{"self":[{"href":"https:\/\/staging.laplanetedesenfants.com\/staging\/wp-json\/wp\/v2\/product\/202907","targetHints":{"allow":["GET"]}}],"collection":[{"href":"https:\/\/staging.laplanetedesenfants.com\/staging\/wp-json\/wp\/v2\/product"}],"about":[{"href":"https:\/\/staging.laplanetedesenfants.com\/staging\/wp-json\/wp\/v2\/types\/product"}],"version-history":[{"count":0,"href":"https:\/\/staging.laplanetedesenfants.com\/staging\/wp-json\/wp\/v2\/product\/202907\/revisions"}],"wp:featuredmedia":[{"embeddable":true,"href":"https:\/\/staging.laplanetedesenfants.com\/staging\/wp-json\/wp\/v2\/media\/202897"}],"wp:attachment":[{"href":"https:\/\/staging.laplanetedesenfants.com\/staging\/wp-json\/wp\/v2\/media?parent=202907"}],"wp:term":[{"taxonomy":"product_brand","embeddable":true,"href":"https:\/\/staging.laplanetedesenfants.com\/staging\/wp-json\/wp\/v2\/product_brand?post=202907"},{"taxonomy":"product_cat","embeddable":true,"href":"https:\/\/staging.laplanetedesenfants.com\/staging\/wp-json\/wp\/v2\/product_cat?post=202907"},{"taxonomy":"product_tag","embeddable":true,"href":"https:\/\/staging.laplanetedesenfants.com\/staging\/wp-json\/wp\/v2\/product_tag?post=202907"}],"curies":[{"name":"wp","href":"https:\/\/api.w.org\/{rel}","templated":true}]}}