{"id":240347,"date":"2017-01-25T17:39:01","date_gmt":"2017-01-25T17:39:01","guid":{"rendered":"https:\/\/staging.laplanetedesenfants.com\/staging\/product\/legging-hello-kitty-4\/"},"modified":"2017-01-25T17:39:01","modified_gmt":"2017-01-25T17:39:01","slug":"legging-hello-kitty-4","status":"publish","type":"product","link":"https:\/\/staging.laplanetedesenfants.com\/staging\/produit\/legging-hello-kitty-4\/","title":{"rendered":"Legging  Hello Kitty"},"content":{"rendered":"<p>Legging Hello Kitty long uni ou ray\u00e9 bi color. Taille \u00e9lastique. Image imprim\u00e9e sur la jambe. Mati\u00e8re: 91% polyester, 9% \u00e9lasthane. Entretien: Lavage \u00e0 40\u00b0C.<\/p>\n","protected":false},"excerpt":{"rendered":"<p>Legging Hello Kitty long uni ou ray\u00e9 bi color. Taille \u00e9lastique. Image imprim\u00e9e sur la jambe. Mati\u00e8re: 91% polyester, 9% \u00e9lasthane. Entretien: Lavage \u00e0 40\u00b0C.<\/p>\n","protected":false},"featured_media":240329,"template":"","meta":[],"product_brand":[],"product_cat":[13483],"product_tag":[14681,13481,13480,13482,14682],"class_list":{"0":"post-240347","1":"product","2":"type-product","3":"status-publish","4":"has-post-thumbnail","6":"product_cat-accueil","7":"product_tag-hello-kitty","8":"product_tag-leggin","9":"product_tag-legging","10":"product_tag-leggings","11":"product_tag-sanrio","13":"first","14":"instock","15":"sale","16":"shipping-taxable","17":"purchasable","18":"product-type-variable","19":"has-default-attributes"},"_links":{"self":[{"href":"https:\/\/staging.laplanetedesenfants.com\/staging\/wp-json\/wp\/v2\/product\/240347","targetHints":{"allow":["GET"]}}],"collection":[{"href":"https:\/\/staging.laplanetedesenfants.com\/staging\/wp-json\/wp\/v2\/product"}],"about":[{"href":"https:\/\/staging.laplanetedesenfants.com\/staging\/wp-json\/wp\/v2\/types\/product"}],"version-history":[{"count":0,"href":"https:\/\/staging.laplanetedesenfants.com\/staging\/wp-json\/wp\/v2\/product\/240347\/revisions"}],"wp:featuredmedia":[{"embeddable":true,"href":"https:\/\/staging.laplanetedesenfants.com\/staging\/wp-json\/wp\/v2\/media\/240329"}],"wp:attachment":[{"href":"https:\/\/staging.laplanetedesenfants.com\/staging\/wp-json\/wp\/v2\/media?parent=240347"}],"wp:term":[{"taxonomy":"product_brand","embeddable":true,"href":"https:\/\/staging.laplanetedesenfants.com\/staging\/wp-json\/wp\/v2\/product_brand?post=240347"},{"taxonomy":"product_cat","embeddable":true,"href":"https:\/\/staging.laplanetedesenfants.com\/staging\/wp-json\/wp\/v2\/product_cat?post=240347"},{"taxonomy":"product_tag","embeddable":true,"href":"https:\/\/staging.laplanetedesenfants.com\/staging\/wp-json\/wp\/v2\/product_tag?post=240347"}],"curies":[{"name":"wp","href":"https:\/\/api.w.org\/{rel}","templated":true}]}}