{"id":242291,"date":"2017-01-30T14:06:26","date_gmt":"2017-01-30T14:06:26","guid":{"rendered":"https:\/\/staging.laplanetedesenfants.com\/staging\/product\/ensemble-debardeur-et-culotte-monster-high\/"},"modified":"2017-01-30T14:06:26","modified_gmt":"2017-01-30T14:06:26","slug":"ensemble-debardeur-et-culotte-monster-high","status":"publish","type":"product","link":"https:\/\/staging.laplanetedesenfants.com\/staging\/produit\/ensemble-debardeur-et-culotte-monster-high\/","title":{"rendered":"Ensemble D\u00e9bardeur et Culotte Monster High"},"content":{"rendered":"<p>La Plan\u00e8te des Enfants vous propose cet <span style=\"text-decoration:underline;\"><strong>Ensemble D\u00e9bardeur Culotte Monster High<\/strong><\/span>. Image imprim\u00e9e \u00e0 l&#8217;avant et sur le short. Col rond. Couleurs contrastantes. Mati\u00e8re: 100% coton. Entretien: Lavage \u00e0 40 \u00b0C.<\/p>\n","protected":false},"excerpt":{"rendered":"<p>La Plan\u00e8te des Enfants vous propose cet <span style=\"text-decoration:underline;\"><strong>Ensemble D\u00e9bardeur Culotte \u00a0<strong>Monster High<\/strong><\/strong><\/span>. Image imprim\u00e9e \u00e0 l&#8217;avant et sur le short. Col rond. Couleurs contrastantes. Mati\u00e8re: 100% coton. Entretien: Lavage \u00e0 40 \u00b0C.<\/p>\n","protected":false},"featured_media":242287,"template":"","meta":[],"product_brand":[],"product_cat":[13483,13726,13531,13498,13711,13504],"product_tag":[14959,15853,15345],"class_list":{"0":"post-242291","1":"product","2":"type-product","3":"status-publish","4":"has-post-thumbnail","6":"product_cat-accueil","7":"product_cat-ensembles","8":"product_cat-filles","9":"product_cat-less-5","10":"product_cat-sous-vetements-chaussettes","11":"product_cat-tous-les-produits","12":"product_tag-debardeur-culotte","13":"product_tag-ensemble-debardeur-et-culotte-mo","14":"product_tag-monster-high","15":"pa_couleur-blanc","16":"pa_couleur-fuchsia","17":"pa_genre-fille","18":"pa_taille-10_12ans","19":"pa_taille-4_6ans","20":"pa_taille-7_8ans","22":"first","23":"instock","24":"sale","25":"shipping-taxable","26":"purchasable","27":"product-type-variable","28":"has-default-attributes"},"_links":{"self":[{"href":"https:\/\/staging.laplanetedesenfants.com\/staging\/wp-json\/wp\/v2\/product\/242291","targetHints":{"allow":["GET"]}}],"collection":[{"href":"https:\/\/staging.laplanetedesenfants.com\/staging\/wp-json\/wp\/v2\/product"}],"about":[{"href":"https:\/\/staging.laplanetedesenfants.com\/staging\/wp-json\/wp\/v2\/types\/product"}],"version-history":[{"count":0,"href":"https:\/\/staging.laplanetedesenfants.com\/staging\/wp-json\/wp\/v2\/product\/242291\/revisions"}],"wp:featuredmedia":[{"embeddable":true,"href":"https:\/\/staging.laplanetedesenfants.com\/staging\/wp-json\/wp\/v2\/media\/242287"}],"wp:attachment":[{"href":"https:\/\/staging.laplanetedesenfants.com\/staging\/wp-json\/wp\/v2\/media?parent=242291"}],"wp:term":[{"taxonomy":"product_brand","embeddable":true,"href":"https:\/\/staging.laplanetedesenfants.com\/staging\/wp-json\/wp\/v2\/product_brand?post=242291"},{"taxonomy":"product_cat","embeddable":true,"href":"https:\/\/staging.laplanetedesenfants.com\/staging\/wp-json\/wp\/v2\/product_cat?post=242291"},{"taxonomy":"product_tag","embeddable":true,"href":"https:\/\/staging.laplanetedesenfants.com\/staging\/wp-json\/wp\/v2\/product_tag?post=242291"}],"curies":[{"name":"wp","href":"https:\/\/api.w.org\/{rel}","templated":true}]}}