{"id":263235,"date":"2017-06-27T20:19:10","date_gmt":"2017-06-27T20:19:10","guid":{"rendered":"https:\/\/staging.laplanetedesenfants.com\/staging\/product\/casquette-avengers-3\/"},"modified":"2017-06-27T20:19:10","modified_gmt":"2017-06-27T20:19:10","slug":"casquette-avengers-3","status":"publish","type":"product","link":"https:\/\/staging.laplanetedesenfants.com\/staging\/produit\/casquette-avengers-3\/","title":{"rendered":"Casquette Avengers"},"content":{"rendered":"<p>La Plan\u00e8te des Enfants vous propose cette <span style=\"text-decoration:underline;\"><strong>Casquette Avengers<\/strong><\/span>. R\u00e9glable par scratch. Image imprim\u00e9e devant et sur la visi\u00e8re. Tr\u00e8s l\u00e9g\u00e8re et prot\u00e8ge du soleil.<br \/> Mati\u00e8re:\u00a0 60% coton et 40% polyester.<br \/> Entretien: Lavage \u00e0 la main.<\/p>\n","protected":false},"excerpt":{"rendered":"<p>La Plan\u00e8te des Enfants vous propose cette <span style=\"text-decoration:underline;\"><strong>Casquette Avengers<\/strong><\/span>. R\u00e9glable par scratch. Image imprim\u00e9e devant et sur la visi\u00e8re. Tr\u00e8s l\u00e9g\u00e8re et prot\u00e8ge du soleil.<br \/> Mati\u00e8re:\u00a0 60% coton et 40% polyester.<br \/> Entretien: Lavage \u00e0 la main.<\/p>\n","protected":false},"featured_media":263216,"template":"","meta":[],"product_brand":[],"product_cat":[13486,13483,13615,13507,13501,13537,13534,13504],"product_tag":[14798,14751,14799,14652],"class_list":{"0":"post-263235","1":"product","2":"type-product","3":"status-publish","4":"has-post-thumbnail","6":"product_cat-accessoires","7":"product_cat-accueil","8":"product_cat-casquettes-bobs","9":"product_cat-ete","10":"product_cat-nouveautes","11":"product_cat-nouvelle-collection-garcon","12":"product_cat-promos","13":"product_cat-tous-les-produits","14":"product_tag-casquette-avangers","15":"product_tag-casquette-bleu","16":"product_tag-enfants","17":"product_tag-plage","18":"pa_couleur-bleu","19":"pa_couleur-marine","20":"pa_couleur-rouge","21":"pa_genre-garcon","23":"first","24":"instock","25":"sale","26":"shipping-taxable","27":"purchasable","28":"product-type-variable","29":"has-default-attributes"},"_links":{"self":[{"href":"https:\/\/staging.laplanetedesenfants.com\/staging\/wp-json\/wp\/v2\/product\/263235","targetHints":{"allow":["GET"]}}],"collection":[{"href":"https:\/\/staging.laplanetedesenfants.com\/staging\/wp-json\/wp\/v2\/product"}],"about":[{"href":"https:\/\/staging.laplanetedesenfants.com\/staging\/wp-json\/wp\/v2\/types\/product"}],"version-history":[{"count":0,"href":"https:\/\/staging.laplanetedesenfants.com\/staging\/wp-json\/wp\/v2\/product\/263235\/revisions"}],"wp:featuredmedia":[{"embeddable":true,"href":"https:\/\/staging.laplanetedesenfants.com\/staging\/wp-json\/wp\/v2\/media\/263216"}],"wp:attachment":[{"href":"https:\/\/staging.laplanetedesenfants.com\/staging\/wp-json\/wp\/v2\/media?parent=263235"}],"wp:term":[{"taxonomy":"product_brand","embeddable":true,"href":"https:\/\/staging.laplanetedesenfants.com\/staging\/wp-json\/wp\/v2\/product_brand?post=263235"},{"taxonomy":"product_cat","embeddable":true,"href":"https:\/\/staging.laplanetedesenfants.com\/staging\/wp-json\/wp\/v2\/product_cat?post=263235"},{"taxonomy":"product_tag","embeddable":true,"href":"https:\/\/staging.laplanetedesenfants.com\/staging\/wp-json\/wp\/v2\/product_tag?post=263235"}],"curies":[{"name":"wp","href":"https:\/\/api.w.org\/{rel}","templated":true}]}}