{"id":264012,"date":"2017-07-14T13:05:53","date_gmt":"2017-07-14T13:05:53","guid":{"rendered":"https:\/\/staging.laplanetedesenfants.com\/staging\/product\/cartable-trolley-avec-roulettes-cars-disney-2\/"},"modified":"2017-07-14T13:05:53","modified_gmt":"2017-07-14T13:05:53","slug":"cartable-trolley-avec-roulettes-cars-disney-2","status":"publish","type":"product","link":"https:\/\/staging.laplanetedesenfants.com\/staging\/produit\/cartable-trolley-avec-roulettes-cars-disney-2\/","title":{"rendered":"Cartable trolley avec roulettes Cars Disney"},"content":{"rendered":"<p>Cartable trolley avec roulettes Cars Disney<\/p>\n<p>&#8211; Qualit\u00e9 sup\u00e9rieure<\/p>\n<p>&#8211; Lani\u00e8res renforc\u00e9es<\/p>\n<p>&#8211; En toile synth\u00e9tique Se porte sur les \u00e9paules avec ses bretelles ajustables, \u00e0 la main avec sa anse fixe et se tire gr\u00e2ce \u00e0 sa poign\u00e9e de traction.. Confort, s\u00e9curit\u00e9 et succ\u00e8s garantis !<\/p>\n<p>-Dimension : 38X14X33 cm\u00a0<\/p>\n","protected":false},"excerpt":{"rendered":"<p>Cartable trolley avec roulettes Cars Disney<\/p>\n<p>&#8211; Qualit\u00e9 sup\u00e9rieure<\/p>\n<p>&#8211; Lani\u00e8res renforc\u00e9es<\/p>\n<p>&#8211; En toile synth\u00e9tique Se porte sur les \u00e9paules avec ses bretelles ajustables, \u00e0 la main avec sa anse fixe et se tire gr\u00e2ce \u00e0 sa poign\u00e9e de traction.. Confort, s\u00e9curit\u00e9 et succ\u00e8s garantis !<\/p>\n<p>-Dimension : 38X14X33 cm\u00a0<\/p>\n","protected":false},"featured_media":264009,"template":"","meta":[],"product_brand":[],"product_cat":[13483],"product_tag":[14680,14716,14719,13440,14720,14717,14718],"class_list":{"0":"post-264012","1":"product","2":"type-product","3":"status-publish","4":"has-post-thumbnail","6":"product_cat-accueil","7":"product_tag-cars","8":"product_tag-cartable","9":"product_tag-cartable-a-roulettes","10":"product_tag-disney","11":"product_tag-sac","12":"product_tag-sac-a-dos","13":"product_tag-trolley","15":"first","16":"instock","17":"sale","18":"shipping-taxable","19":"purchasable","20":"product-type-simple"},"_links":{"self":[{"href":"https:\/\/staging.laplanetedesenfants.com\/staging\/wp-json\/wp\/v2\/product\/264012","targetHints":{"allow":["GET"]}}],"collection":[{"href":"https:\/\/staging.laplanetedesenfants.com\/staging\/wp-json\/wp\/v2\/product"}],"about":[{"href":"https:\/\/staging.laplanetedesenfants.com\/staging\/wp-json\/wp\/v2\/types\/product"}],"version-history":[{"count":0,"href":"https:\/\/staging.laplanetedesenfants.com\/staging\/wp-json\/wp\/v2\/product\/264012\/revisions"}],"wp:featuredmedia":[{"embeddable":true,"href":"https:\/\/staging.laplanetedesenfants.com\/staging\/wp-json\/wp\/v2\/media\/264009"}],"wp:attachment":[{"href":"https:\/\/staging.laplanetedesenfants.com\/staging\/wp-json\/wp\/v2\/media?parent=264012"}],"wp:term":[{"taxonomy":"product_brand","embeddable":true,"href":"https:\/\/staging.laplanetedesenfants.com\/staging\/wp-json\/wp\/v2\/product_brand?post=264012"},{"taxonomy":"product_cat","embeddable":true,"href":"https:\/\/staging.laplanetedesenfants.com\/staging\/wp-json\/wp\/v2\/product_cat?post=264012"},{"taxonomy":"product_tag","embeddable":true,"href":"https:\/\/staging.laplanetedesenfants.com\/staging\/wp-json\/wp\/v2\/product_tag?post=264012"}],"curies":[{"name":"wp","href":"https:\/\/api.w.org\/{rel}","templated":true}]}}