{"id":269233,"date":"2017-10-17T13:11:51","date_gmt":"2017-10-17T13:11:51","guid":{"rendered":"https:\/\/staging.laplanetedesenfants.com\/staging\/product\/coffret-cadeau-hello-kitty\/"},"modified":"2017-10-17T13:11:51","modified_gmt":"2017-10-17T13:11:51","slug":"coffret-cadeau-hello-kitty","status":"publish","type":"product","link":"https:\/\/staging.laplanetedesenfants.com\/staging\/produit\/coffret-cadeau-hello-kitty\/","title":{"rendered":"COFFRET CADEAU HELLO KITTY"},"content":{"rendered":"<p><span>\u00a0la plante des enfants ce collection : Hello Kitty Marque : Jemini Cat\u00e9gorie : Pr\u00eat \u00e0 offrir: coffret et sac cadeau D\u00e9nomination : COFFRET CADEAU HELLO KITTY Description : Ce coffret cadeau Hello Kitty comprend un bavoir et une paire de chaussons 3- mois ! Compos\u00e9 d&#8217;un bavoir brod\u00e9 et d&#8217;une paire de chaussons. En tissu \u00e9ponge. En bo\u00eete vitrine. Taille du produit : 24\/8 c<\/span><\/p>\n","protected":false},"excerpt":{"rendered":"<div class=\"pb-left-column col-xs-12 col-sm-12 col-md-5\">\n<div id=\"views_block\" class=\"clearfix\"><\/div>\n<\/p><\/div>\n<div class=\"pb-center-column col-xs-12 col-sm-12 col-md-7\">\n<div class=\"pb-centercolumn\">\n<div id=\"short_description_block\">\n<div id=\"short_description_content\" class=\"rte align_justify\">\n<p>\u00a0la plante des enfants ce\u00a0 Collection : Hello Kitty Marque : Jemini Cat\u00e9gorie : Pr\u00eat \u00e0 offrir: coffret et sac cadeau D\u00e9nomination : COFFRET CADEAU HELLO KITTY Description : Ce coffret cadeau Hello Kitty comprend un bavoir et une paire de chaussons 3- mois ! Compos\u00e9 d&#8217;un bavoir brod\u00e9 et d&#8217;une paire de chaussons. En tissu \u00e9ponge. En bo\u00eete vitrine. Taille du produit : 24\/8 c<\/p>\n<\/p><\/div>\n<\/p><\/div>\n<\/p><\/div>\n<\/p><\/div>\n","protected":false},"featured_media":269228,"template":"","meta":[],"product_brand":[],"product_cat":[13483],"product_tag":[16297,16296,14681],"class_list":{"0":"post-269233","1":"product","2":"type-product","3":"status-publish","4":"has-post-thumbnail","6":"product_cat-accueil","7":"product_tag-coffret-cadeau","8":"product_tag-coffret-cadeau-hello-kitty","9":"product_tag-hello-kitty","11":"first","12":"instock","13":"sale","14":"shipping-taxable","15":"purchasable","16":"product-type-simple"},"_links":{"self":[{"href":"https:\/\/staging.laplanetedesenfants.com\/staging\/wp-json\/wp\/v2\/product\/269233","targetHints":{"allow":["GET"]}}],"collection":[{"href":"https:\/\/staging.laplanetedesenfants.com\/staging\/wp-json\/wp\/v2\/product"}],"about":[{"href":"https:\/\/staging.laplanetedesenfants.com\/staging\/wp-json\/wp\/v2\/types\/product"}],"version-history":[{"count":0,"href":"https:\/\/staging.laplanetedesenfants.com\/staging\/wp-json\/wp\/v2\/product\/269233\/revisions"}],"wp:featuredmedia":[{"embeddable":true,"href":"https:\/\/staging.laplanetedesenfants.com\/staging\/wp-json\/wp\/v2\/media\/269228"}],"wp:attachment":[{"href":"https:\/\/staging.laplanetedesenfants.com\/staging\/wp-json\/wp\/v2\/media?parent=269233"}],"wp:term":[{"taxonomy":"product_brand","embeddable":true,"href":"https:\/\/staging.laplanetedesenfants.com\/staging\/wp-json\/wp\/v2\/product_brand?post=269233"},{"taxonomy":"product_cat","embeddable":true,"href":"https:\/\/staging.laplanetedesenfants.com\/staging\/wp-json\/wp\/v2\/product_cat?post=269233"},{"taxonomy":"product_tag","embeddable":true,"href":"https:\/\/staging.laplanetedesenfants.com\/staging\/wp-json\/wp\/v2\/product_tag?post=269233"}],"curies":[{"name":"wp","href":"https:\/\/api.w.org\/{rel}","templated":true}]}}