{"id":271690,"date":"2017-10-30T15:44:49","date_gmt":"2017-10-30T15:44:49","guid":{"rendered":"https:\/\/staging.laplanetedesenfants.com\/staging\/product\/montre-bey-blade\/"},"modified":"2017-10-30T15:44:49","modified_gmt":"2017-10-30T15:44:49","slug":"montre-bey-blade","status":"publish","type":"product","link":"https:\/\/staging.laplanetedesenfants.com\/staging\/produit\/montre-bey-blade\/","title":{"rendered":"Montre Bey Blade"},"content":{"rendered":"<p>La Plan\u00e8te des Enfants vous propose cette\u00a0<\/p>\n<p>Montre digitale Beyblade Metal Fusion 5 fonctions : heures, minutes, secondes, jour et mois Fonctionne\u00a0<\/p>\n","protected":false},"excerpt":{"rendered":"<p>La Plan\u00e8te des Enfants vous propose cette <span style=\"text-decoration:underline;\"><strong>Montre\u00a0Bey Blade\u00a0<\/strong><\/span>parfaitement adapt\u00e9 \u00e0 votre enfant, qui lui permettra d&#8217;apprendre \u00e0 lire l&#8217;heure tout en s&#8217;amusant.<\/p><\/p>\n","protected":false},"featured_media":271687,"template":"","meta":[],"product_brand":[],"product_cat":[13483],"product_tag":[15391,16409,16410],"class_list":{"0":"post-271690","1":"product","2":"type-product","3":"status-publish","4":"has-post-thumbnail","6":"product_cat-accueil","7":"product_tag-montre","8":"product_tag-montre-bey-blade","9":"product_tag-montre-digitale-beyblade-metal","11":"first","12":"instock","13":"sale","14":"shipping-taxable","15":"purchasable","16":"product-type-simple"},"_links":{"self":[{"href":"https:\/\/staging.laplanetedesenfants.com\/staging\/wp-json\/wp\/v2\/product\/271690","targetHints":{"allow":["GET"]}}],"collection":[{"href":"https:\/\/staging.laplanetedesenfants.com\/staging\/wp-json\/wp\/v2\/product"}],"about":[{"href":"https:\/\/staging.laplanetedesenfants.com\/staging\/wp-json\/wp\/v2\/types\/product"}],"version-history":[{"count":0,"href":"https:\/\/staging.laplanetedesenfants.com\/staging\/wp-json\/wp\/v2\/product\/271690\/revisions"}],"wp:featuredmedia":[{"embeddable":true,"href":"https:\/\/staging.laplanetedesenfants.com\/staging\/wp-json\/wp\/v2\/media\/271687"}],"wp:attachment":[{"href":"https:\/\/staging.laplanetedesenfants.com\/staging\/wp-json\/wp\/v2\/media?parent=271690"}],"wp:term":[{"taxonomy":"product_brand","embeddable":true,"href":"https:\/\/staging.laplanetedesenfants.com\/staging\/wp-json\/wp\/v2\/product_brand?post=271690"},{"taxonomy":"product_cat","embeddable":true,"href":"https:\/\/staging.laplanetedesenfants.com\/staging\/wp-json\/wp\/v2\/product_cat?post=271690"},{"taxonomy":"product_tag","embeddable":true,"href":"https:\/\/staging.laplanetedesenfants.com\/staging\/wp-json\/wp\/v2\/product_tag?post=271690"}],"curies":[{"name":"wp","href":"https:\/\/api.w.org\/{rel}","templated":true}]}}