{"id":278030,"date":"2018-02-15T12:25:34","date_gmt":"2018-02-15T12:25:34","guid":{"rendered":"https:\/\/staging.laplanetedesenfants.com\/staging\/product\/cache-cou-la-reine-des-neiges-2\/"},"modified":"2018-02-15T12:25:34","modified_gmt":"2018-02-15T12:25:34","slug":"cache-cou-la-reine-des-neiges-2","status":"publish","type":"product","link":"https:\/\/staging.laplanetedesenfants.com\/staging\/produit\/cache-cou-la-reine-des-neiges-2\/","title":{"rendered":"Cache Cou La Reine des Neiges"},"content":{"rendered":"<p><strong>Cache cou La reine des neiges<\/strong>\u00a0doublure micro polaire doux et chaud. Imprim\u00e9 entierement. Mati\u00e8re: 100% polyester. Entretien: lavage \u00e0 40 \u00b0C.<\/p>\n","protected":false},"excerpt":{"rendered":"<p><strong>Cache cou La reine des neiges<\/strong> doublure micro polaire doux et chaud. Imprim\u00e9 entierement. Mati\u00e8re: 100% polyester. Entretien: lavage \u00e0 40 \u00b0C.<\/p>\n","protected":false},"featured_media":278021,"template":"","meta":[],"product_brand":[],"product_cat":[13483],"product_tag":[13448,13473,13474,13440,13444,13445],"class_list":{"0":"post-278030","1":"product","2":"type-product","3":"status-publish","4":"has-post-thumbnail","6":"product_cat-accueil","7":"product_tag-cache","8":"product_tag-cache-cou","9":"product_tag-caches-cous","10":"product_tag-disney","11":"product_tag-la-reine-des-neiges","12":"product_tag-reine-des-neiges","14":"first","15":"instock","16":"shipping-taxable","17":"purchasable","18":"product-type-variable","19":"has-default-attributes"},"_links":{"self":[{"href":"https:\/\/staging.laplanetedesenfants.com\/staging\/wp-json\/wp\/v2\/product\/278030","targetHints":{"allow":["GET"]}}],"collection":[{"href":"https:\/\/staging.laplanetedesenfants.com\/staging\/wp-json\/wp\/v2\/product"}],"about":[{"href":"https:\/\/staging.laplanetedesenfants.com\/staging\/wp-json\/wp\/v2\/types\/product"}],"version-history":[{"count":0,"href":"https:\/\/staging.laplanetedesenfants.com\/staging\/wp-json\/wp\/v2\/product\/278030\/revisions"}],"wp:featuredmedia":[{"embeddable":true,"href":"https:\/\/staging.laplanetedesenfants.com\/staging\/wp-json\/wp\/v2\/media\/278021"}],"wp:attachment":[{"href":"https:\/\/staging.laplanetedesenfants.com\/staging\/wp-json\/wp\/v2\/media?parent=278030"}],"wp:term":[{"taxonomy":"product_brand","embeddable":true,"href":"https:\/\/staging.laplanetedesenfants.com\/staging\/wp-json\/wp\/v2\/product_brand?post=278030"},{"taxonomy":"product_cat","embeddable":true,"href":"https:\/\/staging.laplanetedesenfants.com\/staging\/wp-json\/wp\/v2\/product_cat?post=278030"},{"taxonomy":"product_tag","embeddable":true,"href":"https:\/\/staging.laplanetedesenfants.com\/staging\/wp-json\/wp\/v2\/product_tag?post=278030"}],"curies":[{"name":"wp","href":"https:\/\/api.w.org\/{rel}","templated":true}]}}