{"id":285885,"date":"2018-04-13T15:07:38","date_gmt":"2018-04-13T15:07:38","guid":{"rendered":"https:\/\/staging.laplanetedesenfants.com\/staging\/product\/casquette-mickey-disney-3\/"},"modified":"2018-04-13T15:07:38","modified_gmt":"2018-04-13T15:07:38","slug":"casquette-mickey-disney-3","status":"publish","type":"product","link":"https:\/\/staging.laplanetedesenfants.com\/staging\/produit\/casquette-mickey-disney-3\/","title":{"rendered":"Casquette Mickey Disney"},"content":{"rendered":"<p>La Plan\u00e8te des Enfants vous propose cette\u00a0<span><strong>Casquette Mickey Disney.<\/strong><\/span>\u00a0R\u00e9glable par scratch. Image imprim\u00e9e devant et sur la visi\u00e8re.<\/p>\n<p>Tr\u00e8s l\u00e9g\u00e8re et prot\u00e8ge du soleil.<br \/>Mati\u00e8re: 20% coton et 80% polyester.<br \/>Entretien: Lavage \u00e0 la main.<\/p>\n","protected":false},"excerpt":{"rendered":"<p>La Plan\u00e8te des Enfants vous propose cette\u00a0<span><strong>Casquette Mickey Disney.<\/strong><\/span>\u00a0R\u00e9glable par scratch. Image imprim\u00e9e devant et sur la visi\u00e8re.<\/p>\n<p>Tr\u00e8s l\u00e9g\u00e8re et prot\u00e8ge du soleil.<br \/>Mati\u00e8re:\u00a0 20% coton et 80% polyester.<br \/>Entretien: Lavage \u00e0 la main.<\/p>\n","protected":false},"featured_media":285881,"template":"","meta":[],"product_brand":[],"product_cat":[13486,13483,13615,13501,13537],"product_tag":[14659,14750,16005,15417,13440,14586,15361],"class_list":{"0":"post-285885","1":"product","2":"type-product","3":"status-publish","4":"has-post-thumbnail","6":"product_cat-accessoires","7":"product_cat-accueil","8":"product_cat-casquettes-bobs","9":"product_cat-nouveautes","10":"product_cat-nouvelle-collection-garcon","11":"product_tag-casquette","12":"product_tag-casquette-mickey","13":"product_tag-casquette-mickey-pas-chers","14":"product_tag-casquettes","15":"product_tag-disney","16":"product_tag-mickey","17":"product_tag-mickey-disney","18":"pa_couleur-marine","19":"pa_couleur-rouge","20":"pa_genre-garcon","21":"pa_taille-13988","22":"pa_taille-13991","24":"first","25":"instock","26":"sale","27":"shipping-taxable","28":"purchasable","29":"product-type-variable","30":"has-default-attributes"},"_links":{"self":[{"href":"https:\/\/staging.laplanetedesenfants.com\/staging\/wp-json\/wp\/v2\/product\/285885","targetHints":{"allow":["GET"]}}],"collection":[{"href":"https:\/\/staging.laplanetedesenfants.com\/staging\/wp-json\/wp\/v2\/product"}],"about":[{"href":"https:\/\/staging.laplanetedesenfants.com\/staging\/wp-json\/wp\/v2\/types\/product"}],"version-history":[{"count":0,"href":"https:\/\/staging.laplanetedesenfants.com\/staging\/wp-json\/wp\/v2\/product\/285885\/revisions"}],"wp:featuredmedia":[{"embeddable":true,"href":"https:\/\/staging.laplanetedesenfants.com\/staging\/wp-json\/wp\/v2\/media\/285881"}],"wp:attachment":[{"href":"https:\/\/staging.laplanetedesenfants.com\/staging\/wp-json\/wp\/v2\/media?parent=285885"}],"wp:term":[{"taxonomy":"product_brand","embeddable":true,"href":"https:\/\/staging.laplanetedesenfants.com\/staging\/wp-json\/wp\/v2\/product_brand?post=285885"},{"taxonomy":"product_cat","embeddable":true,"href":"https:\/\/staging.laplanetedesenfants.com\/staging\/wp-json\/wp\/v2\/product_cat?post=285885"},{"taxonomy":"product_tag","embeddable":true,"href":"https:\/\/staging.laplanetedesenfants.com\/staging\/wp-json\/wp\/v2\/product_tag?post=285885"}],"curies":[{"name":"wp","href":"https:\/\/api.w.org\/{rel}","templated":true}]}}