{"id":292144,"date":"2018-06-14T22:57:34","date_gmt":"2018-06-14T22:57:34","guid":{"rendered":"https:\/\/staging.laplanetedesenfants.com\/staging\/product\/drap-de-plage-dory-disney\/"},"modified":"2018-06-14T22:57:34","modified_gmt":"2018-06-14T22:57:34","slug":"drap-de-plage-dory-disney","status":"publish","type":"product","link":"https:\/\/staging.laplanetedesenfants.com\/staging\/produit\/drap-de-plage-dory-disney\/","title":{"rendered":"Drap de plage Dory Disney"},"content":{"rendered":"<p>La Plan\u00e8te des Enfants vous propose cette\u00a0<strong>Serviette de Plage\u00a0Dory Disney<\/strong><\/p>\n<p>&#8211; en\u00a0250\u00a0gsm<\/p>\n<p>&#8211; 100 % Microfibre.<\/p>\n<p>Cette\u00a0<strong>Serviette de Plage Dory Disney<\/strong>\u00a0est parfaitement adapt\u00e9e pour toutes vos sorties \u00e0 la piscine ou \u00e0 la mer ainsi que pour le quotidien de votre enfant \u00e0 la maison.<\/p>\n<p>&#8211; Dimensions : 140cm x 70 cm<\/p><\/p>\n","protected":false},"excerpt":{"rendered":"<p>La Plan\u00e8te des Enfants vous propose cette\u00a0<strong>Serviette de Plage\u00a0Dory Disney<\/strong><\/p>\n<p>&#8211; en\u00a0250\u00a0gsm<\/p>\n<p>&#8211; 100 % Microfibre.<\/p>\n<p>Cette\u00a0<strong>Serviette de Plage Dory Disney<\/strong>\u00a0est parfaitement adapt\u00e9e pour toutes vos sorties \u00e0 la piscine ou \u00e0 la mer ainsi que pour le quotidien de votre enfant \u00e0 la maison.<\/p>\n<p>&#8211; Dimensions : 140cm x 70 cm<\/p><\/p>\n","protected":false},"featured_media":292142,"template":"","meta":[],"product_brand":[],"product_cat":[13483],"product_tag":[15933,16814,15192,14598,14637,16813],"class_list":{"0":"post-292144","1":"product","2":"type-product","3":"status-publish","4":"has-post-thumbnail","6":"product_cat-accueil","7":"product_tag-drap-de-plage-disney","8":"product_tag-drap-de-plage-dory-disney","9":"product_tag-plage-mer","10":"product_tag-serviette","11":"product_tag-serviette-de-bain","12":"product_tag-serviette-de-plage-dory-disney","14":"first","15":"instock","16":"sale","17":"shipping-taxable","18":"purchasable","19":"product-type-simple"},"_links":{"self":[{"href":"https:\/\/staging.laplanetedesenfants.com\/staging\/wp-json\/wp\/v2\/product\/292144","targetHints":{"allow":["GET"]}}],"collection":[{"href":"https:\/\/staging.laplanetedesenfants.com\/staging\/wp-json\/wp\/v2\/product"}],"about":[{"href":"https:\/\/staging.laplanetedesenfants.com\/staging\/wp-json\/wp\/v2\/types\/product"}],"version-history":[{"count":0,"href":"https:\/\/staging.laplanetedesenfants.com\/staging\/wp-json\/wp\/v2\/product\/292144\/revisions"}],"wp:featuredmedia":[{"embeddable":true,"href":"https:\/\/staging.laplanetedesenfants.com\/staging\/wp-json\/wp\/v2\/media\/292142"}],"wp:attachment":[{"href":"https:\/\/staging.laplanetedesenfants.com\/staging\/wp-json\/wp\/v2\/media?parent=292144"}],"wp:term":[{"taxonomy":"product_brand","embeddable":true,"href":"https:\/\/staging.laplanetedesenfants.com\/staging\/wp-json\/wp\/v2\/product_brand?post=292144"},{"taxonomy":"product_cat","embeddable":true,"href":"https:\/\/staging.laplanetedesenfants.com\/staging\/wp-json\/wp\/v2\/product_cat?post=292144"},{"taxonomy":"product_tag","embeddable":true,"href":"https:\/\/staging.laplanetedesenfants.com\/staging\/wp-json\/wp\/v2\/product_tag?post=292144"}],"curies":[{"name":"wp","href":"https:\/\/api.w.org\/{rel}","templated":true}]}}