{"id":300463,"date":"2018-12-28T14:18:10","date_gmt":"2018-12-28T14:18:10","guid":{"rendered":"https:\/\/staging.laplanetedesenfants.com\/staging\/product\/mug-3d-winnie\/"},"modified":"2018-12-28T14:18:10","modified_gmt":"2018-12-28T14:18:10","slug":"mug-3d-winnie","status":"publish","type":"product","link":"https:\/\/staging.laplanetedesenfants.com\/staging\/produit\/mug-3d-winnie\/","title":{"rendered":"MUG 3D WINNIE"},"content":{"rendered":"<p><span>MUG 3D WINNIE: Disney Winnie l&#8217;ourson Marque : Spel Cat\u00e9gorie : Bols\/gourdes\/verres D\u00e9nomination : MUG 3D WINNIE Description : Prends tes boissons avec ton compagnon pr\u00e9f\u00e9r\u00e9 !!! Attention : photo non contractuelle PCB<\/span><\/p>\n","protected":false},"excerpt":{"rendered":"<p><span>MUG 3D WINNIE: Disney Winnie l&#8217;ourson Marque : Spel Cat\u00e9gorie : Bols\/gourdes\/verres D\u00e9nomination : MUG 3D WINNIE Description : Prends tes boissons avec ton compagnon pr\u00e9f\u00e9r\u00e9 !!! Attention : photo non contractuelle PCB<\/span><\/p>\n","protected":false},"featured_media":300462,"template":"","meta":[],"product_brand":[],"product_cat":[13483],"product_tag":[14737,17107,17106],"class_list":{"0":"post-300463","1":"product","2":"type-product","3":"status-publish","4":"has-post-thumbnail","6":"product_cat-accueil","7":"product_tag-mug","8":"product_tag-mug-3d-winnie","9":"product_tag-winnie","11":"first","12":"instock","13":"sale","14":"shipping-taxable","15":"purchasable","16":"product-type-simple"},"_links":{"self":[{"href":"https:\/\/staging.laplanetedesenfants.com\/staging\/wp-json\/wp\/v2\/product\/300463","targetHints":{"allow":["GET"]}}],"collection":[{"href":"https:\/\/staging.laplanetedesenfants.com\/staging\/wp-json\/wp\/v2\/product"}],"about":[{"href":"https:\/\/staging.laplanetedesenfants.com\/staging\/wp-json\/wp\/v2\/types\/product"}],"version-history":[{"count":0,"href":"https:\/\/staging.laplanetedesenfants.com\/staging\/wp-json\/wp\/v2\/product\/300463\/revisions"}],"wp:featuredmedia":[{"embeddable":true,"href":"https:\/\/staging.laplanetedesenfants.com\/staging\/wp-json\/wp\/v2\/media\/300462"}],"wp:attachment":[{"href":"https:\/\/staging.laplanetedesenfants.com\/staging\/wp-json\/wp\/v2\/media?parent=300463"}],"wp:term":[{"taxonomy":"product_brand","embeddable":true,"href":"https:\/\/staging.laplanetedesenfants.com\/staging\/wp-json\/wp\/v2\/product_brand?post=300463"},{"taxonomy":"product_cat","embeddable":true,"href":"https:\/\/staging.laplanetedesenfants.com\/staging\/wp-json\/wp\/v2\/product_cat?post=300463"},{"taxonomy":"product_tag","embeddable":true,"href":"https:\/\/staging.laplanetedesenfants.com\/staging\/wp-json\/wp\/v2\/product_tag?post=300463"}],"curies":[{"name":"wp","href":"https:\/\/api.w.org\/{rel}","templated":true}]}}