{"id":305066,"date":"2019-06-07T12:38:10","date_gmt":"2019-06-07T12:38:10","guid":{"rendered":"https:\/\/staging.laplanetedesenfants.com\/staging\/product\/pendule-spiderman-2\/"},"modified":"2019-06-07T12:38:10","modified_gmt":"2019-06-07T12:38:10","slug":"pendule-spiderman-2","status":"publish","type":"product","link":"https:\/\/staging.laplanetedesenfants.com\/staging\/produit\/pendule-spiderman-2\/","title":{"rendered":"Pendule murale Spiderman"},"content":{"rendered":"<p><span><span>La Plan\u00e8te des Enfants vous propose cette <span style=\"text-decoration:underline;\"><strong>H<\/strong><strong>orloge Spiderman<\/strong><\/span> qui apportera une touche d\u00e9co \u00e0 la chambre de votre enfant ou \u00e0 sa salle de jeux.\u00a0 Vous pourrez la fixer au dessus de son bureau ou en face de son lit, le cadran \u00e0 12 chiffres. Les trois aiguilles lui indiqueront l&#8217;heure et les minutes mais aussi les secondes.Diam\u00e8tre 25 cm.<\/span> Composition : Plastique &#8211; Diam\u00e8tre : 25 cm &#8211; Largeur : 25 cm &#8211; Type d&#8217;affichage : Analogique &#8211; Type de piles : 1 LR06 AA<\/span><\/p>\n","protected":false},"excerpt":{"rendered":"<p><span>La Plan\u00e8te des Enfants vous propose cette <span style=\"text-decoration:underline;\"><strong>H<\/strong><strong>orloge Spiderman<\/strong><\/span> qui apportera une touche d\u00e9co \u00e0 la chambre de votre enfant ou \u00e0 sa salle de jeux.\u00a0 Vous pourrez la fixer au dessus de son bureau ou en face de son lit, le cadran \u00e0 12 chiffres. Les trois aiguilles lui indiqueront l&#8217;heure et les minutes mais aussi les secondes.Diam\u00e8tre 25 cm.<\/span><\/p>\n","protected":false},"featured_media":305064,"template":"","meta":[],"product_brand":[],"product_cat":[13483],"product_tag":[15325,15373,15374,15372],"class_list":{"0":"post-305066","1":"product","2":"type-product","3":"status-publish","4":"has-post-thumbnail","6":"product_cat-accueil","7":"product_tag-horloge","8":"product_tag-horloge-murale-spiderman","9":"product_tag-horloge-spiderman","10":"product_tag-pendule-spiderman","12":"first","13":"instock","14":"sale","15":"shipping-taxable","16":"purchasable","17":"product-type-simple"},"_links":{"self":[{"href":"https:\/\/staging.laplanetedesenfants.com\/staging\/wp-json\/wp\/v2\/product\/305066","targetHints":{"allow":["GET"]}}],"collection":[{"href":"https:\/\/staging.laplanetedesenfants.com\/staging\/wp-json\/wp\/v2\/product"}],"about":[{"href":"https:\/\/staging.laplanetedesenfants.com\/staging\/wp-json\/wp\/v2\/types\/product"}],"version-history":[{"count":0,"href":"https:\/\/staging.laplanetedesenfants.com\/staging\/wp-json\/wp\/v2\/product\/305066\/revisions"}],"wp:featuredmedia":[{"embeddable":true,"href":"https:\/\/staging.laplanetedesenfants.com\/staging\/wp-json\/wp\/v2\/media\/305064"}],"wp:attachment":[{"href":"https:\/\/staging.laplanetedesenfants.com\/staging\/wp-json\/wp\/v2\/media?parent=305066"}],"wp:term":[{"taxonomy":"product_brand","embeddable":true,"href":"https:\/\/staging.laplanetedesenfants.com\/staging\/wp-json\/wp\/v2\/product_brand?post=305066"},{"taxonomy":"product_cat","embeddable":true,"href":"https:\/\/staging.laplanetedesenfants.com\/staging\/wp-json\/wp\/v2\/product_cat?post=305066"},{"taxonomy":"product_tag","embeddable":true,"href":"https:\/\/staging.laplanetedesenfants.com\/staging\/wp-json\/wp\/v2\/product_tag?post=305066"}],"curies":[{"name":"wp","href":"https:\/\/api.w.org\/{rel}","templated":true}]}}