{"id":317550,"date":"2020-02-13T11:35:27","date_gmt":"2020-02-13T11:35:27","guid":{"rendered":"https:\/\/staging.laplanetedesenfants.com\/staging\/product\/boite-a-gouter-mickey-disney-2\/"},"modified":"2020-02-13T11:35:27","modified_gmt":"2020-02-13T11:35:27","slug":"boite-a-gouter-mickey-disney-2","status":"publish","type":"product","link":"https:\/\/staging.laplanetedesenfants.com\/staging\/produit\/boite-a-gouter-mickey-disney-2\/","title":{"rendered":"Bo\u00eete \u00e0 go\u00fbter Mickey Disney"},"content":{"rendered":"<h4><span style=\"text-align:left;color:#000000;text-transform:none;text-indent:0px;letter-spacing:normal;font-family:Poppins, sans-serif;font-size:13px;font-style:normal;font-variant:normal;font-weight:100;text-decoration:none;word-spacing:0px;white-space:normal;float:none;background-color:#ffffff;\">Dimension boite :\u00a016.5 x\u00a011 x 6 cm.<\/span><\/h4>\n","protected":false},"excerpt":{"rendered":"<p>Bo\u00eete \u00e0 go\u00fbter Mickey\u00a0en PVC<\/p>\n<p>Dimension boite :\u00a016 x 11x 6 cm.<\/p>\n","protected":false},"featured_media":317549,"template":"","meta":[],"product_brand":[],"product_cat":[13483],"product_tag":[15619,17638,13440,14586,15361],"class_list":{"0":"post-317550","1":"product","2":"type-product","3":"status-publish","4":"has-post-thumbnail","6":"product_cat-accueil","7":"product_tag-boite-a-gouter","8":"product_tag-boite-a-gouter-mickey-disney","9":"product_tag-disney","10":"product_tag-mickey","11":"product_tag-mickey-disney","13":"first","14":"instock","15":"sale","16":"shipping-taxable","17":"purchasable","18":"product-type-simple"},"_links":{"self":[{"href":"https:\/\/staging.laplanetedesenfants.com\/staging\/wp-json\/wp\/v2\/product\/317550","targetHints":{"allow":["GET"]}}],"collection":[{"href":"https:\/\/staging.laplanetedesenfants.com\/staging\/wp-json\/wp\/v2\/product"}],"about":[{"href":"https:\/\/staging.laplanetedesenfants.com\/staging\/wp-json\/wp\/v2\/types\/product"}],"version-history":[{"count":0,"href":"https:\/\/staging.laplanetedesenfants.com\/staging\/wp-json\/wp\/v2\/product\/317550\/revisions"}],"wp:featuredmedia":[{"embeddable":true,"href":"https:\/\/staging.laplanetedesenfants.com\/staging\/wp-json\/wp\/v2\/media\/317549"}],"wp:attachment":[{"href":"https:\/\/staging.laplanetedesenfants.com\/staging\/wp-json\/wp\/v2\/media?parent=317550"}],"wp:term":[{"taxonomy":"product_brand","embeddable":true,"href":"https:\/\/staging.laplanetedesenfants.com\/staging\/wp-json\/wp\/v2\/product_brand?post=317550"},{"taxonomy":"product_cat","embeddable":true,"href":"https:\/\/staging.laplanetedesenfants.com\/staging\/wp-json\/wp\/v2\/product_cat?post=317550"},{"taxonomy":"product_tag","embeddable":true,"href":"https:\/\/staging.laplanetedesenfants.com\/staging\/wp-json\/wp\/v2\/product_tag?post=317550"}],"curies":[{"name":"wp","href":"https:\/\/api.w.org\/{rel}","templated":true}]}}