{"id":318619,"date":"2020-03-10T09:59:49","date_gmt":"2020-03-10T09:59:49","guid":{"rendered":"https:\/\/staging.laplanetedesenfants.com\/staging\/product\/casquette-lol-surprise\/"},"modified":"2020-03-10T09:59:49","modified_gmt":"2020-03-10T09:59:49","slug":"casquette-lol-surprise","status":"publish","type":"product","link":"https:\/\/staging.laplanetedesenfants.com\/staging\/produit\/casquette-lol-surprise\/","title":{"rendered":"Casquette Lol Surprise"},"content":{"rendered":"<p>2\u00a0colories assorties\u00a0<\/p>\n<p>50% Coton,\u00a050% Polyester<\/p>\n","protected":false},"excerpt":{"rendered":"<p>La Plan\u00e8te des Enfants vous propose cette\u00a0Casquette LOL SURPRISE. Image imprim\u00e9e devant et sur la visi\u00e8re.<\/p>\n<p>-Tr\u00e8s l\u00e9g\u00e8re et prot\u00e8ge du soleil<br \/>-Entretien: Lavage \u00e0 la main.<\/p>\n","protected":false},"featured_media":318616,"template":"","meta":[],"product_brand":[],"product_cat":[13486,13483,13615,13507,13531,13501,13540,13504],"product_tag":[14659,17671,13440,14799,17155],"class_list":{"0":"post-318619","1":"product","2":"type-product","3":"status-publish","4":"has-post-thumbnail","6":"product_cat-accessoires","7":"product_cat-accueil","8":"product_cat-casquettes-bobs","9":"product_cat-ete","10":"product_cat-filles","11":"product_cat-nouveautes","12":"product_cat-nouvelle-collection-fille","13":"product_cat-tous-les-produits","14":"product_tag-casquette","15":"product_tag-casquette-lol-surprise","16":"product_tag-disney","17":"product_tag-enfants","18":"product_tag-lol-surprise","19":"pa_couleur-fuchsia","20":"pa_couleur-violet","21":"pa_genre-fille","22":"pa_taille-13988","23":"pa_taille-13991","25":"first","26":"instock","27":"sale","28":"shipping-taxable","29":"purchasable","30":"product-type-variable","31":"has-default-attributes"},"_links":{"self":[{"href":"https:\/\/staging.laplanetedesenfants.com\/staging\/wp-json\/wp\/v2\/product\/318619","targetHints":{"allow":["GET"]}}],"collection":[{"href":"https:\/\/staging.laplanetedesenfants.com\/staging\/wp-json\/wp\/v2\/product"}],"about":[{"href":"https:\/\/staging.laplanetedesenfants.com\/staging\/wp-json\/wp\/v2\/types\/product"}],"version-history":[{"count":0,"href":"https:\/\/staging.laplanetedesenfants.com\/staging\/wp-json\/wp\/v2\/product\/318619\/revisions"}],"wp:featuredmedia":[{"embeddable":true,"href":"https:\/\/staging.laplanetedesenfants.com\/staging\/wp-json\/wp\/v2\/media\/318616"}],"wp:attachment":[{"href":"https:\/\/staging.laplanetedesenfants.com\/staging\/wp-json\/wp\/v2\/media?parent=318619"}],"wp:term":[{"taxonomy":"product_brand","embeddable":true,"href":"https:\/\/staging.laplanetedesenfants.com\/staging\/wp-json\/wp\/v2\/product_brand?post=318619"},{"taxonomy":"product_cat","embeddable":true,"href":"https:\/\/staging.laplanetedesenfants.com\/staging\/wp-json\/wp\/v2\/product_cat?post=318619"},{"taxonomy":"product_tag","embeddable":true,"href":"https:\/\/staging.laplanetedesenfants.com\/staging\/wp-json\/wp\/v2\/product_tag?post=318619"}],"curies":[{"name":"wp","href":"https:\/\/api.w.org\/{rel}","templated":true}]}}