{"id":318700,"date":"2020-03-10T10:24:48","date_gmt":"2020-03-10T10:24:48","guid":{"rendered":"https:\/\/staging.laplanetedesenfants.com\/staging\/product\/casquette-lol-surprise-2\/"},"modified":"2020-03-10T10:24:48","modified_gmt":"2020-03-10T10:24:48","slug":"casquette-lol-surprise-2","status":"publish","type":"product","link":"https:\/\/staging.laplanetedesenfants.com\/staging\/produit\/casquette-lol-surprise-2\/","title":{"rendered":"Casquette Lol Surprise"},"content":{"rendered":"<p>Front Panel 100% Polyester<\/p>\n<p>Back panel: 100 % Coton<\/p>\n","protected":false},"excerpt":{"rendered":"<p>La Plan\u00e8te des Enfants vous propose cette\u00a0Casquette LOL SURPRISE. Image imprim\u00e9e devant et sur la visi\u00e8re.<\/p>\n<p>-Tr\u00e8s l\u00e9g\u00e8re et prot\u00e8ge du soleil<br \/>-Entretien: Lavage \u00e0 la main.<\/p>\n","protected":false},"featured_media":318696,"template":"","meta":[],"product_brand":[],"product_cat":[13483],"product_tag":[14659,17671,17155],"class_list":{"0":"post-318700","1":"product","2":"type-product","3":"status-publish","4":"has-post-thumbnail","6":"product_cat-accueil","7":"product_tag-casquette","8":"product_tag-casquette-lol-surprise","9":"product_tag-lol-surprise","11":"first","12":"instock","13":"sale","14":"shipping-taxable","15":"purchasable","16":"product-type-variable","17":"has-default-attributes"},"_links":{"self":[{"href":"https:\/\/staging.laplanetedesenfants.com\/staging\/wp-json\/wp\/v2\/product\/318700","targetHints":{"allow":["GET"]}}],"collection":[{"href":"https:\/\/staging.laplanetedesenfants.com\/staging\/wp-json\/wp\/v2\/product"}],"about":[{"href":"https:\/\/staging.laplanetedesenfants.com\/staging\/wp-json\/wp\/v2\/types\/product"}],"version-history":[{"count":0,"href":"https:\/\/staging.laplanetedesenfants.com\/staging\/wp-json\/wp\/v2\/product\/318700\/revisions"}],"wp:featuredmedia":[{"embeddable":true,"href":"https:\/\/staging.laplanetedesenfants.com\/staging\/wp-json\/wp\/v2\/media\/318696"}],"wp:attachment":[{"href":"https:\/\/staging.laplanetedesenfants.com\/staging\/wp-json\/wp\/v2\/media?parent=318700"}],"wp:term":[{"taxonomy":"product_brand","embeddable":true,"href":"https:\/\/staging.laplanetedesenfants.com\/staging\/wp-json\/wp\/v2\/product_brand?post=318700"},{"taxonomy":"product_cat","embeddable":true,"href":"https:\/\/staging.laplanetedesenfants.com\/staging\/wp-json\/wp\/v2\/product_cat?post=318700"},{"taxonomy":"product_tag","embeddable":true,"href":"https:\/\/staging.laplanetedesenfants.com\/staging\/wp-json\/wp\/v2\/product_tag?post=318700"}],"curies":[{"name":"wp","href":"https:\/\/api.w.org\/{rel}","templated":true}]}}