{"id":320158,"date":"2020-03-18T13:37:43","date_gmt":"2020-03-18T13:37:43","guid":{"rendered":"https:\/\/staging.laplanetedesenfants.com\/staging\/product\/tongs-paw-patrol-pat-patrouille-2\/"},"modified":"2020-03-18T13:37:43","modified_gmt":"2020-03-18T13:37:43","slug":"tongs-paw-patrol-pat-patrouille-2","status":"publish","type":"product","link":"https:\/\/staging.laplanetedesenfants.com\/staging\/produit\/tongs-paw-patrol-pat-patrouille-2\/","title":{"rendered":"Tongs Paw patrol &#8211; Pat patrouille"},"content":{"rendered":"<p>La Plan\u00e8te des Enfants vous propose ces <span style=\"text-decoration:underline;\"><strong>Tongs Paw Patrol <\/strong><\/span>synth\u00e9tique. Mati\u00e8re 100% PVC. Couleurs contrastantes. Entretien: Nettoyer \u00e0 la main avec une lingette.<\/p>\n","protected":false},"excerpt":{"rendered":"<p>La Plan\u00e8te des Enfants vous propose ces <span style=\"text-decoration:underline;\"><strong>Tongs Paw Patrol <\/strong><\/span>synth\u00e9tique. Mati\u00e8re 100% PVC. Couleurs contrastantes. Entretien: Nettoyer \u00e0 la main avec une lingette.<\/p>\n","protected":false},"featured_media":320137,"template":"","meta":[],"product_brand":[],"product_cat":[13486,13483,13723,13519,13525,13501,13510,13543,13534],"product_tag":[15442,14624,15450],"class_list":{"0":"post-320158","1":"product","2":"type-product","3":"status-publish","4":"has-post-thumbnail","6":"product_cat-accessoires","7":"product_cat-accueil","8":"product_cat-chaussons-tongs-bottes-de-pluie","9":"product_cat-ete-2","10":"product_cat-garcons","11":"product_cat-nouveautes","12":"product_cat-plage","13":"product_cat-printemps-2024","14":"product_cat-promos","15":"product_tag-chaussures-de-plage","16":"product_tag-paw-patrol","17":"product_tag-tongs-paw-patrol","18":"pa_genre-garcon","19":"pa_pointure-26_27","20":"pa_pointure-28_29","21":"pa_pointure-30_31","22":"pa_pointure-32_33","24":"first","25":"instock","26":"sale","27":"shipping-taxable","28":"purchasable","29":"product-type-variable","30":"has-default-attributes"},"_links":{"self":[{"href":"https:\/\/staging.laplanetedesenfants.com\/staging\/wp-json\/wp\/v2\/product\/320158","targetHints":{"allow":["GET"]}}],"collection":[{"href":"https:\/\/staging.laplanetedesenfants.com\/staging\/wp-json\/wp\/v2\/product"}],"about":[{"href":"https:\/\/staging.laplanetedesenfants.com\/staging\/wp-json\/wp\/v2\/types\/product"}],"version-history":[{"count":0,"href":"https:\/\/staging.laplanetedesenfants.com\/staging\/wp-json\/wp\/v2\/product\/320158\/revisions"}],"wp:featuredmedia":[{"embeddable":true,"href":"https:\/\/staging.laplanetedesenfants.com\/staging\/wp-json\/wp\/v2\/media\/320137"}],"wp:attachment":[{"href":"https:\/\/staging.laplanetedesenfants.com\/staging\/wp-json\/wp\/v2\/media?parent=320158"}],"wp:term":[{"taxonomy":"product_brand","embeddable":true,"href":"https:\/\/staging.laplanetedesenfants.com\/staging\/wp-json\/wp\/v2\/product_brand?post=320158"},{"taxonomy":"product_cat","embeddable":true,"href":"https:\/\/staging.laplanetedesenfants.com\/staging\/wp-json\/wp\/v2\/product_cat?post=320158"},{"taxonomy":"product_tag","embeddable":true,"href":"https:\/\/staging.laplanetedesenfants.com\/staging\/wp-json\/wp\/v2\/product_tag?post=320158"}],"curies":[{"name":"wp","href":"https:\/\/api.w.org\/{rel}","templated":true}]}}