{"id":331317,"date":"2020-05-27T18:27:55","date_gmt":"2020-05-27T18:27:55","guid":{"rendered":"https:\/\/staging.laplanetedesenfants.com\/staging\/product\/tongs-cars-2\/"},"modified":"2020-05-27T18:27:55","modified_gmt":"2020-05-27T18:27:55","slug":"tongs-cars-2","status":"publish","type":"product","link":"https:\/\/staging.laplanetedesenfants.com\/staging\/produit\/tongs-cars-2\/","title":{"rendered":"Tongs Cars"},"content":{"rendered":"<p>Tongs Cars synth\u00e9tique. Mati\u00e8re 100% PVC. Couleurs contrastantes. Entretien: Nettoyer \u00e0 la main avec une lingette.<\/p>\n","protected":false},"excerpt":{"rendered":"<p>Tongs Cars synth\u00e9tique. Mati\u00e8re 100% PVC. Couleurs contrastantes. Entretien: Nettoyer \u00e0 la main avec une lingette.<\/p>\n","protected":false},"featured_media":331313,"template":"","meta":[],"product_brand":[],"product_cat":[13483],"product_tag":[14680,14611,14612,13440,14608,14609,14610],"class_list":{"0":"post-331317","1":"product","2":"type-product","3":"status-publish","4":"has-post-thumbnail","6":"product_cat-accueil","7":"product_tag-cars","8":"product_tag-chaussure","9":"product_tag-chaussures","10":"product_tag-disney","11":"product_tag-garcon","12":"product_tag-tong","13":"product_tag-tongs","15":"first","16":"instock","17":"sale","18":"shipping-taxable","19":"purchasable","20":"product-type-variable","21":"has-default-attributes"},"_links":{"self":[{"href":"https:\/\/staging.laplanetedesenfants.com\/staging\/wp-json\/wp\/v2\/product\/331317","targetHints":{"allow":["GET"]}}],"collection":[{"href":"https:\/\/staging.laplanetedesenfants.com\/staging\/wp-json\/wp\/v2\/product"}],"about":[{"href":"https:\/\/staging.laplanetedesenfants.com\/staging\/wp-json\/wp\/v2\/types\/product"}],"version-history":[{"count":0,"href":"https:\/\/staging.laplanetedesenfants.com\/staging\/wp-json\/wp\/v2\/product\/331317\/revisions"}],"wp:featuredmedia":[{"embeddable":true,"href":"https:\/\/staging.laplanetedesenfants.com\/staging\/wp-json\/wp\/v2\/media\/331313"}],"wp:attachment":[{"href":"https:\/\/staging.laplanetedesenfants.com\/staging\/wp-json\/wp\/v2\/media?parent=331317"}],"wp:term":[{"taxonomy":"product_brand","embeddable":true,"href":"https:\/\/staging.laplanetedesenfants.com\/staging\/wp-json\/wp\/v2\/product_brand?post=331317"},{"taxonomy":"product_cat","embeddable":true,"href":"https:\/\/staging.laplanetedesenfants.com\/staging\/wp-json\/wp\/v2\/product_cat?post=331317"},{"taxonomy":"product_tag","embeddable":true,"href":"https:\/\/staging.laplanetedesenfants.com\/staging\/wp-json\/wp\/v2\/product_tag?post=331317"}],"curies":[{"name":"wp","href":"https:\/\/api.w.org\/{rel}","templated":true}]}}