{"id":331933,"date":"2020-06-02T18:48:20","date_gmt":"2020-06-02T18:48:20","guid":{"rendered":"https:\/\/staging.laplanetedesenfants.com\/staging\/product\/tongs-spiderman-4\/"},"modified":"2020-06-02T18:48:20","modified_gmt":"2020-06-02T18:48:20","slug":"tongs-spiderman-4","status":"publish","type":"product","link":"https:\/\/staging.laplanetedesenfants.com\/staging\/produit\/tongs-spiderman-4\/","title":{"rendered":"Tongs Spiderman"},"content":{"rendered":"<p>Tongs Spiderman synth\u00e9tique. Mati\u00e8re 100% PVC. Couleurs contrastantes. Entretien: Nettoyer \u00e0 la main avec une lingette.<\/p>\n","protected":false},"excerpt":{"rendered":"<p>Tongs Spiderman synth\u00e9tique. Mati\u00e8re 100% PVC. Couleurs contrastantes. Entretien: Nettoyer \u00e0 la main avec une lingette.<\/p>\n","protected":false},"featured_media":331928,"template":"","meta":[],"product_brand":[],"product_cat":[13483],"product_tag":[14611,14612,14608,14642,14643,14609,14610],"class_list":{"0":"post-331933","1":"product","2":"type-product","3":"status-publish","4":"has-post-thumbnail","6":"product_cat-accueil","7":"product_tag-chaussure","8":"product_tag-chaussures","9":"product_tag-garcon","10":"product_tag-marvel","11":"product_tag-spiderman","12":"product_tag-tong","13":"product_tag-tongs","15":"first","16":"instock","17":"sale","18":"shipping-taxable","19":"purchasable","20":"product-type-variable","21":"has-default-attributes"},"_links":{"self":[{"href":"https:\/\/staging.laplanetedesenfants.com\/staging\/wp-json\/wp\/v2\/product\/331933","targetHints":{"allow":["GET"]}}],"collection":[{"href":"https:\/\/staging.laplanetedesenfants.com\/staging\/wp-json\/wp\/v2\/product"}],"about":[{"href":"https:\/\/staging.laplanetedesenfants.com\/staging\/wp-json\/wp\/v2\/types\/product"}],"version-history":[{"count":0,"href":"https:\/\/staging.laplanetedesenfants.com\/staging\/wp-json\/wp\/v2\/product\/331933\/revisions"}],"wp:featuredmedia":[{"embeddable":true,"href":"https:\/\/staging.laplanetedesenfants.com\/staging\/wp-json\/wp\/v2\/media\/331928"}],"wp:attachment":[{"href":"https:\/\/staging.laplanetedesenfants.com\/staging\/wp-json\/wp\/v2\/media?parent=331933"}],"wp:term":[{"taxonomy":"product_brand","embeddable":true,"href":"https:\/\/staging.laplanetedesenfants.com\/staging\/wp-json\/wp\/v2\/product_brand?post=331933"},{"taxonomy":"product_cat","embeddable":true,"href":"https:\/\/staging.laplanetedesenfants.com\/staging\/wp-json\/wp\/v2\/product_cat?post=331933"},{"taxonomy":"product_tag","embeddable":true,"href":"https:\/\/staging.laplanetedesenfants.com\/staging\/wp-json\/wp\/v2\/product_tag?post=331933"}],"curies":[{"name":"wp","href":"https:\/\/api.w.org\/{rel}","templated":true}]}}