{"id":359764,"date":"2021-05-24T19:20:23","date_gmt":"2021-05-24T19:20:23","guid":{"rendered":"https:\/\/staging.laplanetedesenfants.com\/staging\/product\/casquette-la-reine-des-neiges-disney-3\/"},"modified":"2021-05-24T19:20:23","modified_gmt":"2021-05-24T19:20:23","slug":"casquette-la-reine-des-neiges-disney-3","status":"publish","type":"product","link":"https:\/\/staging.laplanetedesenfants.com\/staging\/produit\/casquette-la-reine-des-neiges-disney-3\/","title":{"rendered":"Casquette La Reine Des Neiges Disney &#8211; Frozen 2"},"content":{"rendered":"<p>La Plan\u00e8te des Enfants vous propose cette <span style=\"text-decoration:underline;\"><strong>Casquette Frozen 2 Disney<\/strong><\/span>\u00a0R\u00e9glable par scratch. Image imprim\u00e9e devant et sur la visi\u00e8re. Tr\u00e8s l\u00e9g\u00e8re et prot\u00e8ge du soleil.<\/p>\n<p> Entretien: Lavage \u00e0 la main.<\/p>\n","protected":false},"excerpt":{"rendered":"<p>La Plan\u00e8te des Enfants vous propose cette <span style=\"text-decoration:underline;\"><strong>Casquette\u00a0Frozen 2 Disney.<\/strong><\/span> R\u00e9glable par scratch. Image imprim\u00e9e devant et sur la visi\u00e8re. Tr\u00e8s l\u00e9g\u00e8re et prot\u00e8ge du soleil.<br \/> Mati\u00e8re: (\u00a0Front Panel 100% Polyester )et ( Back panel: 100 % Coton)<br \/> Entretien: Lavage \u00e0 la main.<\/p>\n","protected":false},"featured_media":359762,"template":"","meta":[],"product_brand":[],"product_cat":[13486,13483,13615,13507,13531,13501,13540,13504],"product_tag":[14659,18004,15950,15417],"class_list":{"0":"post-359764","1":"product","2":"type-product","3":"status-publish","4":"has-post-thumbnail","6":"product_cat-accessoires","7":"product_cat-accueil","8":"product_cat-casquettes-bobs","9":"product_cat-ete","10":"product_cat-filles","11":"product_cat-nouveautes","12":"product_cat-nouvelle-collection-fille","13":"product_cat-tous-les-produits","14":"product_tag-casquette","15":"product_tag-casquette-frozen-2-disney","16":"product_tag-casquette-licences-pas-chers","17":"product_tag-casquettes","18":"pa_couleur-bordeaux","19":"pa_couleur-marron","20":"pa_genre-garcon","21":"pa_taille-13988","22":"pa_taille-13991","24":"first","25":"instock","26":"sale","27":"shipping-taxable","28":"purchasable","29":"product-type-variable","30":"has-default-attributes"},"_links":{"self":[{"href":"https:\/\/staging.laplanetedesenfants.com\/staging\/wp-json\/wp\/v2\/product\/359764","targetHints":{"allow":["GET"]}}],"collection":[{"href":"https:\/\/staging.laplanetedesenfants.com\/staging\/wp-json\/wp\/v2\/product"}],"about":[{"href":"https:\/\/staging.laplanetedesenfants.com\/staging\/wp-json\/wp\/v2\/types\/product"}],"version-history":[{"count":0,"href":"https:\/\/staging.laplanetedesenfants.com\/staging\/wp-json\/wp\/v2\/product\/359764\/revisions"}],"wp:featuredmedia":[{"embeddable":true,"href":"https:\/\/staging.laplanetedesenfants.com\/staging\/wp-json\/wp\/v2\/media\/359762"}],"wp:attachment":[{"href":"https:\/\/staging.laplanetedesenfants.com\/staging\/wp-json\/wp\/v2\/media?parent=359764"}],"wp:term":[{"taxonomy":"product_brand","embeddable":true,"href":"https:\/\/staging.laplanetedesenfants.com\/staging\/wp-json\/wp\/v2\/product_brand?post=359764"},{"taxonomy":"product_cat","embeddable":true,"href":"https:\/\/staging.laplanetedesenfants.com\/staging\/wp-json\/wp\/v2\/product_cat?post=359764"},{"taxonomy":"product_tag","embeddable":true,"href":"https:\/\/staging.laplanetedesenfants.com\/staging\/wp-json\/wp\/v2\/product_tag?post=359764"}],"curies":[{"name":"wp","href":"https:\/\/api.w.org\/{rel}","templated":true}]}}