{"id":360308,"date":"2021-05-28T17:56:15","date_gmt":"2021-05-28T17:56:15","guid":{"rendered":"https:\/\/staging.laplanetedesenfants.com\/staging\/product\/casquette-frozen-2-disney\/"},"modified":"2021-05-28T17:56:15","modified_gmt":"2021-05-28T17:56:15","slug":"casquette-frozen-2-disney","status":"publish","type":"product","link":"https:\/\/staging.laplanetedesenfants.com\/staging\/produit\/casquette-frozen-2-disney\/","title":{"rendered":"Casquette Frozen 2 Disney"},"content":{"rendered":"<p>La Plan\u00e8te des Enfants vous propose cette <span style=\"text-decoration:underline;\"><strong>Casquette Frozen 2 Disney<\/strong><\/span>\u00a0R\u00e9glable par scratch. Image imprim\u00e9e devant et sur la visi\u00e8re. Tr\u00e8s l\u00e9g\u00e8re et prot\u00e8ge du soleil.<\/p>\n<p>Entretien: Lavage \u00e0 la main.<\/p>\n","protected":false},"excerpt":{"rendered":"<p>La Plan\u00e8te des Enfants vous propose cette <span style=\"text-decoration:underline;\"><strong>Casquette\u00a0Frozen 2 Disney.<\/strong><\/span> R\u00e9glable par scratch. Image imprim\u00e9e devant et sur la visi\u00e8re. Tr\u00e8s l\u00e9g\u00e8re et prot\u00e8ge du soleil.<br \/>Mati\u00e8re: (\u00a0Front Panel 100% Polyester )et ( Back panel: 100 % Coton)<br \/>Entretien: Lavage \u00e0 la main.<\/p>\n","protected":false},"featured_media":360305,"template":"","meta":[],"product_brand":[],"product_cat":[13486,13483,13615,13507,13531,13501,13540,13504],"product_tag":[14659,18004,15950,15417],"class_list":{"0":"post-360308","1":"product","2":"type-product","3":"status-publish","4":"has-post-thumbnail","6":"product_cat-accessoires","7":"product_cat-accueil","8":"product_cat-casquettes-bobs","9":"product_cat-ete","10":"product_cat-filles","11":"product_cat-nouveautes","12":"product_cat-nouvelle-collection-fille","13":"product_cat-tous-les-produits","14":"product_tag-casquette","15":"product_tag-casquette-frozen-2-disney","16":"product_tag-casquette-licences-pas-chers","17":"product_tag-casquettes","18":"pa_couleur-bordeaux","19":"pa_couleur-ciel","20":"pa_couleur-rouge","21":"pa_genre-garcon","22":"pa_taille-13988","23":"pa_taille-13991","25":"first","26":"instock","27":"sale","28":"shipping-taxable","29":"purchasable","30":"product-type-variable","31":"has-default-attributes"},"_links":{"self":[{"href":"https:\/\/staging.laplanetedesenfants.com\/staging\/wp-json\/wp\/v2\/product\/360308","targetHints":{"allow":["GET"]}}],"collection":[{"href":"https:\/\/staging.laplanetedesenfants.com\/staging\/wp-json\/wp\/v2\/product"}],"about":[{"href":"https:\/\/staging.laplanetedesenfants.com\/staging\/wp-json\/wp\/v2\/types\/product"}],"version-history":[{"count":0,"href":"https:\/\/staging.laplanetedesenfants.com\/staging\/wp-json\/wp\/v2\/product\/360308\/revisions"}],"wp:featuredmedia":[{"embeddable":true,"href":"https:\/\/staging.laplanetedesenfants.com\/staging\/wp-json\/wp\/v2\/media\/360305"}],"wp:attachment":[{"href":"https:\/\/staging.laplanetedesenfants.com\/staging\/wp-json\/wp\/v2\/media?parent=360308"}],"wp:term":[{"taxonomy":"product_brand","embeddable":true,"href":"https:\/\/staging.laplanetedesenfants.com\/staging\/wp-json\/wp\/v2\/product_brand?post=360308"},{"taxonomy":"product_cat","embeddable":true,"href":"https:\/\/staging.laplanetedesenfants.com\/staging\/wp-json\/wp\/v2\/product_cat?post=360308"},{"taxonomy":"product_tag","embeddable":true,"href":"https:\/\/staging.laplanetedesenfants.com\/staging\/wp-json\/wp\/v2\/product_tag?post=360308"}],"curies":[{"name":"wp","href":"https:\/\/api.w.org\/{rel}","templated":true}]}}