{"id":361137,"date":"2021-05-30T20:26:43","date_gmt":"2021-05-30T20:26:43","guid":{"rendered":"https:\/\/staging.laplanetedesenfants.com\/staging\/product\/tongs-pat-patrouille\/"},"modified":"2021-05-30T20:26:43","modified_gmt":"2021-05-30T20:26:43","slug":"tongs-pat-patrouille","status":"publish","type":"product","link":"https:\/\/staging.laplanetedesenfants.com\/staging\/produit\/tongs-pat-patrouille\/","title":{"rendered":"Tongs Pat Patrouille"},"content":{"rendered":"<p>La Plan\u00e8te des Enfants vous propose ces <span style=\"text-decoration:underline;\"><strong>Tongs\u00a0 Pat&#8217;patrouille\u00a0<\/strong><\/span>synth\u00e9tique. Mati\u00e8re 100% PVC. Couleurs contrastantes. Entretien: Nettoyer \u00e0 la main avec une lingette.<\/p>\n","protected":false},"excerpt":{"rendered":"<p>La Plan\u00e8te des Enfants vous propose ces <span style=\"text-decoration:underline;\"><strong>Tongs\u00a0 pat&#8217;patrouiile\u00a0<\/strong><\/span>synth\u00e9tique. Mati\u00e8re 100% PVC. Couleurs contrastantes. Entretien: Nettoyer \u00e0 la main avec une lingette.<\/p>\n","protected":false},"featured_media":361135,"template":"","meta":[],"product_brand":[],"product_cat":[13486,13483,13723,13519,13531,13525,13501,13510,13543,13534],"product_tag":[14623,14609,17280],"class_list":{"0":"post-361137","1":"product","2":"type-product","3":"status-publish","4":"has-post-thumbnail","6":"product_cat-accessoires","7":"product_cat-accueil","8":"product_cat-chaussons-tongs-bottes-de-pluie","9":"product_cat-ete-2","10":"product_cat-filles","11":"product_cat-garcons","12":"product_cat-nouveautes","13":"product_cat-plage","14":"product_cat-printemps-2024","15":"product_cat-promos","16":"product_tag-pat-patrouille","17":"product_tag-tong","18":"product_tag-tong-pat-patrouille","19":"pa_couleur-bleu","20":"pa_couleur-rouge","21":"pa_genre-fille","22":"pa_pointure-23_25","23":"pa_pointure-26_27","24":"pa_pointure-28_30","26":"first","27":"instock","28":"sale","29":"shipping-taxable","30":"purchasable","31":"product-type-variable","32":"has-default-attributes"},"_links":{"self":[{"href":"https:\/\/staging.laplanetedesenfants.com\/staging\/wp-json\/wp\/v2\/product\/361137","targetHints":{"allow":["GET"]}}],"collection":[{"href":"https:\/\/staging.laplanetedesenfants.com\/staging\/wp-json\/wp\/v2\/product"}],"about":[{"href":"https:\/\/staging.laplanetedesenfants.com\/staging\/wp-json\/wp\/v2\/types\/product"}],"version-history":[{"count":0,"href":"https:\/\/staging.laplanetedesenfants.com\/staging\/wp-json\/wp\/v2\/product\/361137\/revisions"}],"wp:featuredmedia":[{"embeddable":true,"href":"https:\/\/staging.laplanetedesenfants.com\/staging\/wp-json\/wp\/v2\/media\/361135"}],"wp:attachment":[{"href":"https:\/\/staging.laplanetedesenfants.com\/staging\/wp-json\/wp\/v2\/media?parent=361137"}],"wp:term":[{"taxonomy":"product_brand","embeddable":true,"href":"https:\/\/staging.laplanetedesenfants.com\/staging\/wp-json\/wp\/v2\/product_brand?post=361137"},{"taxonomy":"product_cat","embeddable":true,"href":"https:\/\/staging.laplanetedesenfants.com\/staging\/wp-json\/wp\/v2\/product_cat?post=361137"},{"taxonomy":"product_tag","embeddable":true,"href":"https:\/\/staging.laplanetedesenfants.com\/staging\/wp-json\/wp\/v2\/product_tag?post=361137"}],"curies":[{"name":"wp","href":"https:\/\/api.w.org\/{rel}","templated":true}]}}