{"id":361696,"date":"2021-06-06T14:14:40","date_gmt":"2021-06-06T14:14:40","guid":{"rendered":"https:\/\/staging.laplanetedesenfants.com\/staging\/product\/tongs-cars-disney\/"},"modified":"2021-06-06T14:14:40","modified_gmt":"2021-06-06T14:14:40","slug":"tongs-cars-disney","status":"publish","type":"product","link":"https:\/\/staging.laplanetedesenfants.com\/staging\/produit\/tongs-cars-disney\/","title":{"rendered":"Tongs Cars Disney"},"content":{"rendered":"<p>La Plan\u00e8te des Enfants vous propose ces <span style=\"text-decoration:underline;\"><strong>Tongs\u00a0Cars Disney\u00a0<\/strong><\/span>synth\u00e9tique. Mati\u00e8re 100% PVC. Couleurs contrastantes. Entretien: Nettoyer \u00e0 la main avec une lingette.<\/p>\n","protected":false},"excerpt":{"rendered":"<p>La Plan\u00e8te des Enfants vous propose ces Tongs Cars Disney<span style=\"text-decoration:underline;\"><strong>\u00a0<\/strong><\/span>synth\u00e9tique. Mati\u00e8re 100% PVC. Couleurs contrastantes. Entretien: Nettoyer \u00e0 la main avec une lingette.<\/p>\n","protected":false},"featured_media":361694,"template":"","meta":[],"product_brand":[],"product_cat":[13486,13483,13723,13519,13525,13501,13537,13510],"product_tag":[14846,14609,18031],"class_list":{"0":"post-361696","1":"product","2":"type-product","3":"status-publish","4":"has-post-thumbnail","6":"product_cat-accessoires","7":"product_cat-accueil","8":"product_cat-chaussons-tongs-bottes-de-pluie","9":"product_cat-ete-2","10":"product_cat-garcons","11":"product_cat-nouveautes","12":"product_cat-nouvelle-collection-garcon","13":"product_cat-plage","14":"product_tag-cars-disney","15":"product_tag-tong","16":"product_tag-tongs-cars-disney","17":"pa_couleur-bleu","18":"pa_couleur-ciel","19":"pa_genre-fille","20":"pa_pointure-23_25","21":"pa_pointure-26_27","22":"pa_pointure-28_30","24":"first","25":"instock","26":"sale","27":"shipping-taxable","28":"purchasable","29":"product-type-variable","30":"has-default-attributes"},"_links":{"self":[{"href":"https:\/\/staging.laplanetedesenfants.com\/staging\/wp-json\/wp\/v2\/product\/361696","targetHints":{"allow":["GET"]}}],"collection":[{"href":"https:\/\/staging.laplanetedesenfants.com\/staging\/wp-json\/wp\/v2\/product"}],"about":[{"href":"https:\/\/staging.laplanetedesenfants.com\/staging\/wp-json\/wp\/v2\/types\/product"}],"version-history":[{"count":0,"href":"https:\/\/staging.laplanetedesenfants.com\/staging\/wp-json\/wp\/v2\/product\/361696\/revisions"}],"wp:featuredmedia":[{"embeddable":true,"href":"https:\/\/staging.laplanetedesenfants.com\/staging\/wp-json\/wp\/v2\/media\/361694"}],"wp:attachment":[{"href":"https:\/\/staging.laplanetedesenfants.com\/staging\/wp-json\/wp\/v2\/media?parent=361696"}],"wp:term":[{"taxonomy":"product_brand","embeddable":true,"href":"https:\/\/staging.laplanetedesenfants.com\/staging\/wp-json\/wp\/v2\/product_brand?post=361696"},{"taxonomy":"product_cat","embeddable":true,"href":"https:\/\/staging.laplanetedesenfants.com\/staging\/wp-json\/wp\/v2\/product_cat?post=361696"},{"taxonomy":"product_tag","embeddable":true,"href":"https:\/\/staging.laplanetedesenfants.com\/staging\/wp-json\/wp\/v2\/product_tag?post=361696"}],"curies":[{"name":"wp","href":"https:\/\/api.w.org\/{rel}","templated":true}]}}