{"id":363667,"date":"2021-08-24T16:04:29","date_gmt":"2021-08-24T16:04:29","guid":{"rendered":"https:\/\/staging.laplanetedesenfants.com\/staging\/product\/boite-a-gouter-mickey-disney-4\/"},"modified":"2021-08-24T16:04:29","modified_gmt":"2021-08-24T16:04:29","slug":"boite-a-gouter-mickey-disney-4","status":"publish","type":"product","link":"https:\/\/staging.laplanetedesenfants.com\/staging\/produit\/boite-a-gouter-mickey-disney-4\/","title":{"rendered":"Bo\u00eete \u00e0 go\u00fbter Mickey Disney"},"content":{"rendered":"<h4><span style=\"text-align:left;color:#000000;text-transform:none;text-indent:0px;letter-spacing:normal;font-family:Poppins, sans-serif;font-size:13px;font-style:normal;font-variant:normal;font-weight:100;text-decoration:none;word-spacing:0px;white-space:normal;float:none;background-color:#ffffff;\">Dimension boite :\u00a016.5 x\u00a011 x 6 cm.<\/span><\/h4>\n","protected":false},"excerpt":{"rendered":"<p>Bo\u00eete \u00e0 go\u00fbter Mickey\u00a0en PVC<\/p>\n<p>Dimension boite :\u00a016 x 11x 6 cm.<\/p>\n","protected":false},"featured_media":363666,"template":"","meta":[],"product_brand":[],"product_cat":[13486,13483,13781,13501,13606,13504],"product_tag":[15619,17638,13440,14586,15361],"class_list":{"0":"post-363667","1":"product","2":"type-product","3":"status-publish","4":"has-post-thumbnail","6":"product_cat-accessoires","7":"product_cat-accueil","8":"product_cat-boites-a-gouter","9":"product_cat-nouveautes","10":"product_cat-sacs-besaces","11":"product_cat-tous-les-produits","12":"product_tag-boite-a-gouter","13":"product_tag-boite-a-gouter-mickey-disney","14":"product_tag-disney","15":"product_tag-mickey","16":"product_tag-mickey-disney","18":"first","19":"instock","20":"sale","21":"shipping-taxable","22":"purchasable","23":"product-type-simple"},"_links":{"self":[{"href":"https:\/\/staging.laplanetedesenfants.com\/staging\/wp-json\/wp\/v2\/product\/363667","targetHints":{"allow":["GET"]}}],"collection":[{"href":"https:\/\/staging.laplanetedesenfants.com\/staging\/wp-json\/wp\/v2\/product"}],"about":[{"href":"https:\/\/staging.laplanetedesenfants.com\/staging\/wp-json\/wp\/v2\/types\/product"}],"version-history":[{"count":0,"href":"https:\/\/staging.laplanetedesenfants.com\/staging\/wp-json\/wp\/v2\/product\/363667\/revisions"}],"wp:featuredmedia":[{"embeddable":true,"href":"https:\/\/staging.laplanetedesenfants.com\/staging\/wp-json\/wp\/v2\/media\/363666"}],"wp:attachment":[{"href":"https:\/\/staging.laplanetedesenfants.com\/staging\/wp-json\/wp\/v2\/media?parent=363667"}],"wp:term":[{"taxonomy":"product_brand","embeddable":true,"href":"https:\/\/staging.laplanetedesenfants.com\/staging\/wp-json\/wp\/v2\/product_brand?post=363667"},{"taxonomy":"product_cat","embeddable":true,"href":"https:\/\/staging.laplanetedesenfants.com\/staging\/wp-json\/wp\/v2\/product_cat?post=363667"},{"taxonomy":"product_tag","embeddable":true,"href":"https:\/\/staging.laplanetedesenfants.com\/staging\/wp-json\/wp\/v2\/product_tag?post=363667"}],"curies":[{"name":"wp","href":"https:\/\/api.w.org\/{rel}","templated":true}]}}