{"id":370511,"date":"2022-01-18T13:05:24","date_gmt":"2022-01-18T13:05:24","guid":{"rendered":"https:\/\/staging.laplanetedesenfants.com\/staging\/product\/ensemble-debardeur-avec-short-la-reine-des-neiges-disney\/"},"modified":"2022-01-18T13:05:24","modified_gmt":"2022-01-18T13:05:24","slug":"ensemble-debardeur-avec-short-la-reine-des-neiges-disney","status":"publish","type":"product","link":"https:\/\/staging.laplanetedesenfants.com\/staging\/produit\/ensemble-debardeur-avec-short-la-reine-des-neiges-disney\/","title":{"rendered":"Ensemble D\u00e9bardeur Avec Short La Reine Des Neiges Disney"},"content":{"rendered":"<p>\u00a0Ensemble D\u00e9bardeur avec short La Reine Des Neiges Disney\u00a0 \u00a0. Image imprim\u00e9e \u00e0 l&#8217;avant. Couleur unie. Mati\u00e8re:\u00a0<span style=\"background-color:#ffffff;color:#666666;font-family:Poppins, sans-serif;font-size:14px;letter-spacing:1px;\"><span style=\"color:#000000;\">100% coton<\/span>\u00a0<\/span>. Entretien: Lavage \u00e0 40\u00b0C.<\/p>\n","protected":false},"excerpt":{"rendered":"<p>\u00a0Ensemble D\u00e9bardeur avec short La Reine Des Neiges Disney\u00a0 \u00a0. Image imprim\u00e9e \u00e0 l&#8217;avant. Couleur unie. Mati\u00e8re:\u00a0<span style=\"background-color:#ffffff;color:#666666;font-family:Poppins, sans-serif;font-size:14px;letter-spacing:1px;\"><span style=\"color:#000000;\">100% coton<\/span>\u00a0<\/span>. Entretien: Lavage \u00e0 40\u00b0C.<\/p>\n","protected":false},"featured_media":370509,"template":"","meta":[],"product_brand":[],"product_cat":[13486,13483,13726,13507,13531,13501,13510,13534,13784,13504],"product_tag":[13478,13440,14647,18225,15265,14617],"class_list":{"0":"post-370511","1":"product","2":"type-product","3":"status-publish","4":"has-post-thumbnail","6":"product_cat-accessoires","7":"product_cat-accueil","8":"product_cat-ensembles","9":"product_cat-ete","10":"product_cat-filles","11":"product_cat-nouveautes","12":"product_cat-plage","13":"product_cat-promos","14":"product_cat-robes","15":"product_cat-tous-les-produits","16":"product_tag-bain","17":"product_tag-disney","18":"product_tag-ensemble-debardeur","19":"product_tag-ensemble-debardeur-avec-short-la","20":"product_tag-la-reine-des-neiges-disney","21":"product_tag-robe","22":"pa_couleur-bleu","23":"pa_couleur-violet","24":"pa_genre-fille","25":"pa_taille-2ans_86cm","26":"pa_taille-3ans_98cm","27":"pa_taille-4ans_104cm","28":"pa_taille-5ans_110cm","29":"pa_taille-6ans_116cm","30":"pa_taille-8ans_128cm","32":"first","33":"instock","34":"sale","35":"shipping-taxable","36":"purchasable","37":"product-type-variable","38":"has-default-attributes"},"_links":{"self":[{"href":"https:\/\/staging.laplanetedesenfants.com\/staging\/wp-json\/wp\/v2\/product\/370511","targetHints":{"allow":["GET"]}}],"collection":[{"href":"https:\/\/staging.laplanetedesenfants.com\/staging\/wp-json\/wp\/v2\/product"}],"about":[{"href":"https:\/\/staging.laplanetedesenfants.com\/staging\/wp-json\/wp\/v2\/types\/product"}],"version-history":[{"count":0,"href":"https:\/\/staging.laplanetedesenfants.com\/staging\/wp-json\/wp\/v2\/product\/370511\/revisions"}],"wp:featuredmedia":[{"embeddable":true,"href":"https:\/\/staging.laplanetedesenfants.com\/staging\/wp-json\/wp\/v2\/media\/370509"}],"wp:attachment":[{"href":"https:\/\/staging.laplanetedesenfants.com\/staging\/wp-json\/wp\/v2\/media?parent=370511"}],"wp:term":[{"taxonomy":"product_brand","embeddable":true,"href":"https:\/\/staging.laplanetedesenfants.com\/staging\/wp-json\/wp\/v2\/product_brand?post=370511"},{"taxonomy":"product_cat","embeddable":true,"href":"https:\/\/staging.laplanetedesenfants.com\/staging\/wp-json\/wp\/v2\/product_cat?post=370511"},{"taxonomy":"product_tag","embeddable":true,"href":"https:\/\/staging.laplanetedesenfants.com\/staging\/wp-json\/wp\/v2\/product_tag?post=370511"}],"curies":[{"name":"wp","href":"https:\/\/api.w.org\/{rel}","templated":true}]}}