{"id":375138,"date":"2022-03-03T14:23:14","date_gmt":"2022-03-03T14:23:14","guid":{"rendered":"https:\/\/staging.laplanetedesenfants.com\/staging\/product\/boite-de-3-slips-mickey-disney-2\/"},"modified":"2022-03-03T14:23:14","modified_gmt":"2022-03-03T14:23:14","slug":"boite-de-3-slips-mickey-disney-2","status":"publish","type":"product","link":"https:\/\/staging.laplanetedesenfants.com\/staging\/produit\/boite-de-3-slips-mickey-disney-2\/","title":{"rendered":"Boite De 3 Slips Mickey Disney"},"content":{"rendered":"<p>&#8220;3 slips Mickey. Taille \u00e9lastique. Fond doubl\u00e9. Mati\u00e8re : 100% coton Entretien : lavage \u00e0 30\u00b0C&#8221;<\/p>\n","protected":false},"excerpt":{"rendered":"<p>&#8220;3 slips Mickey. Taille \u00e9lastique. Fond doubl\u00e9. Mati\u00e8re : 100% coton Entretien : lavage \u00e0 30\u00b0C&#8221;<\/p>\n","protected":false},"featured_media":375137,"template":"","meta":[],"product_brand":[],"product_cat":[13483,13507,13525,13489,13498,13720,13681,13504],"product_tag":[13440,14588,14589,14586,14590,14591],"class_list":{"0":"post-375138","1":"product","2":"type-product","3":"status-publish","4":"has-post-thumbnail","6":"product_cat-accueil","7":"product_cat-ete","8":"product_cat-garcons","9":"product_cat-maison","10":"product_cat-less-5","11":"product_cat-slips-boxers","12":"product_cat-sous-vetements","13":"product_cat-tous-les-produits","14":"product_tag-disney","15":"product_tag-ensemble-de-slip","16":"product_tag-ensemble-de-slips","17":"product_tag-mickey","18":"product_tag-slip","19":"product_tag-slips","20":"pa_genre-garcon","21":"pa_taille-3_4ans","22":"pa_taille-5_6ans","23":"pa_taille-7_8ans","25":"first","26":"instock","27":"sale","28":"shipping-taxable","29":"purchasable","30":"product-type-variable","31":"has-default-attributes"},"_links":{"self":[{"href":"https:\/\/staging.laplanetedesenfants.com\/staging\/wp-json\/wp\/v2\/product\/375138","targetHints":{"allow":["GET"]}}],"collection":[{"href":"https:\/\/staging.laplanetedesenfants.com\/staging\/wp-json\/wp\/v2\/product"}],"about":[{"href":"https:\/\/staging.laplanetedesenfants.com\/staging\/wp-json\/wp\/v2\/types\/product"}],"version-history":[{"count":0,"href":"https:\/\/staging.laplanetedesenfants.com\/staging\/wp-json\/wp\/v2\/product\/375138\/revisions"}],"wp:featuredmedia":[{"embeddable":true,"href":"https:\/\/staging.laplanetedesenfants.com\/staging\/wp-json\/wp\/v2\/media\/375137"}],"wp:attachment":[{"href":"https:\/\/staging.laplanetedesenfants.com\/staging\/wp-json\/wp\/v2\/media?parent=375138"}],"wp:term":[{"taxonomy":"product_brand","embeddable":true,"href":"https:\/\/staging.laplanetedesenfants.com\/staging\/wp-json\/wp\/v2\/product_brand?post=375138"},{"taxonomy":"product_cat","embeddable":true,"href":"https:\/\/staging.laplanetedesenfants.com\/staging\/wp-json\/wp\/v2\/product_cat?post=375138"},{"taxonomy":"product_tag","embeddable":true,"href":"https:\/\/staging.laplanetedesenfants.com\/staging\/wp-json\/wp\/v2\/product_tag?post=375138"}],"curies":[{"name":"wp","href":"https:\/\/api.w.org\/{rel}","templated":true}]}}