{"id":376101,"date":"2022-03-10T15:40:05","date_gmt":"2022-03-10T15:40:05","guid":{"rendered":"https:\/\/staging.laplanetedesenfants.com\/staging\/product\/casquette-bella-ciao\/"},"modified":"2022-03-10T15:40:05","modified_gmt":"2022-03-10T15:40:05","slug":"casquette-bella-ciao","status":"publish","type":"product","link":"https:\/\/staging.laplanetedesenfants.com\/staging\/produit\/casquette-bella-ciao\/","title":{"rendered":"Casquette Bella Ciao"},"content":{"rendered":"<p>La Plan\u00e8te des Enfants vous propose cette\u00a0<span style=\"text-decoration:underline;\"><strong>Casquette Bell Ciao<\/strong><\/span>. R\u00e9glable par scratch. Image imprim\u00e9e devant et sur la visi\u00e8re. Tr\u00e8s l\u00e9g\u00e8re et prot\u00e8ge du soleil.<br \/>Mati\u00e8re: Front Panel 100%polyester, Back Panel 100%coton<br \/>Entretien: Lavage \u00e0 la main.<\/p>\n","protected":false},"excerpt":{"rendered":"<p>La Plan\u00e8te des Enfants vous propose cette\u00a0<span style=\"text-decoration:underline;\"><strong>Casquette Bell Ciao<\/strong><\/span>. R\u00e9glable par scratch. Image imprim\u00e9e devant et sur la visi\u00e8re. Tr\u00e8s l\u00e9g\u00e8re et prot\u00e8ge du soleil.<br \/>Mati\u00e8re: Front Panel 100%polyester, Back Panel 100%coton<\/p>\n<p>Entretien: Lavage \u00e0 la main..<\/p>\n","protected":false},"featured_media":376097,"template":"","meta":[],"product_brand":[],"product_cat":[13486,13483,13615,13507,13501,13534,13504],"product_tag":[17923,18181,18409,14751,14799,14652],"class_list":{"0":"post-376101","1":"product","2":"type-product","3":"status-publish","4":"has-post-thumbnail","6":"product_cat-accessoires","7":"product_cat-accueil","8":"product_cat-casquettes-bobs","9":"product_cat-ete","10":"product_cat-nouveautes","11":"product_cat-promos","12":"product_cat-tous-les-produits","13":"product_tag-bella-ciao","14":"product_tag-casa-de-papel","15":"product_tag-casquette-bella-ciao","16":"product_tag-casquette-bleu","17":"product_tag-enfants","18":"product_tag-plage","19":"pa_couleur-gris","20":"pa_couleur-noir","21":"pa_genre-garcon","23":"first","24":"instock","25":"shipping-taxable","26":"purchasable","27":"product-type-variable","28":"has-default-attributes"},"_links":{"self":[{"href":"https:\/\/staging.laplanetedesenfants.com\/staging\/wp-json\/wp\/v2\/product\/376101","targetHints":{"allow":["GET"]}}],"collection":[{"href":"https:\/\/staging.laplanetedesenfants.com\/staging\/wp-json\/wp\/v2\/product"}],"about":[{"href":"https:\/\/staging.laplanetedesenfants.com\/staging\/wp-json\/wp\/v2\/types\/product"}],"version-history":[{"count":0,"href":"https:\/\/staging.laplanetedesenfants.com\/staging\/wp-json\/wp\/v2\/product\/376101\/revisions"}],"wp:featuredmedia":[{"embeddable":true,"href":"https:\/\/staging.laplanetedesenfants.com\/staging\/wp-json\/wp\/v2\/media\/376097"}],"wp:attachment":[{"href":"https:\/\/staging.laplanetedesenfants.com\/staging\/wp-json\/wp\/v2\/media?parent=376101"}],"wp:term":[{"taxonomy":"product_brand","embeddable":true,"href":"https:\/\/staging.laplanetedesenfants.com\/staging\/wp-json\/wp\/v2\/product_brand?post=376101"},{"taxonomy":"product_cat","embeddable":true,"href":"https:\/\/staging.laplanetedesenfants.com\/staging\/wp-json\/wp\/v2\/product_cat?post=376101"},{"taxonomy":"product_tag","embeddable":true,"href":"https:\/\/staging.laplanetedesenfants.com\/staging\/wp-json\/wp\/v2\/product_tag?post=376101"}],"curies":[{"name":"wp","href":"https:\/\/api.w.org\/{rel}","templated":true}]}}