{"id":376422,"date":"2022-03-23T14:48:52","date_gmt":"2022-03-23T14:48:52","guid":{"rendered":"https:\/\/staging.laplanetedesenfants.com\/staging\/product\/casquette-bebe-licorne\/"},"modified":"2022-03-23T14:48:52","modified_gmt":"2022-03-23T14:48:52","slug":"casquette-bebe-licorne","status":"publish","type":"product","link":"https:\/\/staging.laplanetedesenfants.com\/staging\/produit\/casquette-bebe-licorne\/","title":{"rendered":"Casquette B\u00e9b\u00e9 Licorne"},"content":{"rendered":"<p>La Plan\u00e8te des Enfants vous propose cette\u00a0<span style=\"text-decoration:underline;\"><strong>Casquette\u00a0B\u00e9b\u00e9 licorne.<\/strong><\/span>\u00a0R\u00e9glable par scratch. Image imprim\u00e9e devant et sur la visi\u00e8re. Tr\u00e8s l\u00e9g\u00e8re et prot\u00e8ge du soleil.<br \/>Mati\u00e8re: (\u00a0Front Panel 100% Polyester )et ( Back panel: 100 % Coton)<br \/>Entretien: Lavage \u00e0 la main.<\/p>\n","protected":false},"excerpt":{"rendered":"<p>La Plan\u00e8te des Enfants vous propose cette\u00a0<span style=\"text-decoration:underline;\"><strong>Casquette\u00a0B\u00e9b\u00e9 licorne.<\/strong><\/span>\u00a0R\u00e9glable par scratch. Image imprim\u00e9e devant et sur la visi\u00e8re. Tr\u00e8s l\u00e9g\u00e8re et prot\u00e8ge du soleil.<br \/>Mati\u00e8re: (\u00a0Front Panel 100% Polyester )et ( Back panel: 100 % Coton)<br \/>Entretien: Lavage \u00e0 la main.<\/p>\n","protected":false},"featured_media":376420,"template":"","meta":[],"product_brand":[],"product_cat":[13486,13483,13615,13507,13531,13501,13540,13504],"product_tag":[14659,18482,15950,15417,17060],"class_list":{"0":"post-376422","1":"product","2":"type-product","3":"status-publish","4":"has-post-thumbnail","6":"product_cat-accessoires","7":"product_cat-accueil","8":"product_cat-casquettes-bobs","9":"product_cat-ete","10":"product_cat-filles","11":"product_cat-nouveautes","12":"product_cat-nouvelle-collection-fille","13":"product_cat-tous-les-produits","14":"product_tag-casquette","15":"product_tag-casquette-bebe-licorne","16":"product_tag-casquette-licences-pas-chers","17":"product_tag-casquettes","18":"product_tag-licorne","19":"pa_couleur-fuchsia","20":"pa_couleur-rose","21":"pa_genre-garcon","22":"pa_taille-41_43cm","23":"pa_taille-44_46cm","24":"pa_taille-47_46cm","25":"pa_taille-48_49cm","27":"first","28":"instock","29":"sale","30":"shipping-taxable","31":"purchasable","32":"product-type-variable","33":"has-default-attributes"},"_links":{"self":[{"href":"https:\/\/staging.laplanetedesenfants.com\/staging\/wp-json\/wp\/v2\/product\/376422","targetHints":{"allow":["GET"]}}],"collection":[{"href":"https:\/\/staging.laplanetedesenfants.com\/staging\/wp-json\/wp\/v2\/product"}],"about":[{"href":"https:\/\/staging.laplanetedesenfants.com\/staging\/wp-json\/wp\/v2\/types\/product"}],"version-history":[{"count":0,"href":"https:\/\/staging.laplanetedesenfants.com\/staging\/wp-json\/wp\/v2\/product\/376422\/revisions"}],"wp:featuredmedia":[{"embeddable":true,"href":"https:\/\/staging.laplanetedesenfants.com\/staging\/wp-json\/wp\/v2\/media\/376420"}],"wp:attachment":[{"href":"https:\/\/staging.laplanetedesenfants.com\/staging\/wp-json\/wp\/v2\/media?parent=376422"}],"wp:term":[{"taxonomy":"product_brand","embeddable":true,"href":"https:\/\/staging.laplanetedesenfants.com\/staging\/wp-json\/wp\/v2\/product_brand?post=376422"},{"taxonomy":"product_cat","embeddable":true,"href":"https:\/\/staging.laplanetedesenfants.com\/staging\/wp-json\/wp\/v2\/product_cat?post=376422"},{"taxonomy":"product_tag","embeddable":true,"href":"https:\/\/staging.laplanetedesenfants.com\/staging\/wp-json\/wp\/v2\/product_tag?post=376422"}],"curies":[{"name":"wp","href":"https:\/\/api.w.org\/{rel}","templated":true}]}}