{"id":376940,"date":"2022-04-07T15:17:55","date_gmt":"2022-04-07T15:17:55","guid":{"rendered":"https:\/\/staging.laplanetedesenfants.com\/staging\/product\/casquette-batman-3\/"},"modified":"2022-04-07T15:17:55","modified_gmt":"2022-04-07T15:17:55","slug":"casquette-batman-3","status":"publish","type":"product","link":"https:\/\/staging.laplanetedesenfants.com\/staging\/produit\/casquette-batman-3\/","title":{"rendered":"Casquette Batman"},"content":{"rendered":"<p style=\"margin:0px;font-size:14px;color:#666666;line-height:24px;font-family:Poppins, sans-serif;letter-spacing:1px;background-color:#ffffff;\">Front Panel 100% Polyester<\/p>\n<p style=\"margin:0px;font-size:14px;color:#666666;line-height:24px;font-family:Poppins, sans-serif;letter-spacing:1px;background-color:#ffffff;\">Back panel: 100 % Coton<\/p>\n","protected":false},"excerpt":{"rendered":"<p>La Plan\u00e8te des Enfants vous propose cette\u00a0<span>Casquette\u00a0Batman<\/span><span style=\"text-decoration:underline;\"><strong>.<\/strong><\/span> R\u00e9glable par sratch. Image imprim\u00e9e devant et sur la visi\u00e8re. Tr\u00e8s l\u00e9g\u00e8re et prot\u00e8ge du soleil.<br \/>Mati\u00e8re:\u00a0 Fornt panel 100% polyester.back panel 100% coton<\/p>\n<p>Entretien: Lavage \u00e0 la main.<\/p>\n","protected":false},"featured_media":376938,"template":"","meta":[],"product_brand":[],"product_cat":[13486,13483,13615,13501,13540,13543],"product_tag":[15298,14659,15894,15417],"class_list":{"0":"post-376940","1":"product","2":"type-product","3":"status-publish","4":"has-post-thumbnail","6":"product_cat-accessoires","7":"product_cat-accueil","8":"product_cat-casquettes-bobs","9":"product_cat-nouveautes","10":"product_cat-nouvelle-collection-fille","11":"product_cat-printemps-2024","12":"product_tag-batman","13":"product_tag-casquette","14":"product_tag-casquette-batman","15":"product_tag-casquettes","16":"pa_couleur-gris","17":"pa_couleur-noir","18":"pa_genre-fille","19":"pa_taille-13991","20":"pa_taille-56cm","22":"first","23":"instock","24":"sale","25":"shipping-taxable","26":"purchasable","27":"product-type-variable","28":"has-default-attributes"},"_links":{"self":[{"href":"https:\/\/staging.laplanetedesenfants.com\/staging\/wp-json\/wp\/v2\/product\/376940","targetHints":{"allow":["GET"]}}],"collection":[{"href":"https:\/\/staging.laplanetedesenfants.com\/staging\/wp-json\/wp\/v2\/product"}],"about":[{"href":"https:\/\/staging.laplanetedesenfants.com\/staging\/wp-json\/wp\/v2\/types\/product"}],"version-history":[{"count":0,"href":"https:\/\/staging.laplanetedesenfants.com\/staging\/wp-json\/wp\/v2\/product\/376940\/revisions"}],"wp:featuredmedia":[{"embeddable":true,"href":"https:\/\/staging.laplanetedesenfants.com\/staging\/wp-json\/wp\/v2\/media\/376938"}],"wp:attachment":[{"href":"https:\/\/staging.laplanetedesenfants.com\/staging\/wp-json\/wp\/v2\/media?parent=376940"}],"wp:term":[{"taxonomy":"product_brand","embeddable":true,"href":"https:\/\/staging.laplanetedesenfants.com\/staging\/wp-json\/wp\/v2\/product_brand?post=376940"},{"taxonomy":"product_cat","embeddable":true,"href":"https:\/\/staging.laplanetedesenfants.com\/staging\/wp-json\/wp\/v2\/product_cat?post=376940"},{"taxonomy":"product_tag","embeddable":true,"href":"https:\/\/staging.laplanetedesenfants.com\/staging\/wp-json\/wp\/v2\/product_tag?post=376940"}],"curies":[{"name":"wp","href":"https:\/\/api.w.org\/{rel}","templated":true}]}}