{"id":379553,"date":"2022-05-04T13:19:59","date_gmt":"2022-05-04T13:19:59","guid":{"rendered":"https:\/\/staging.laplanetedesenfants.com\/staging\/product\/coussin-de-nuque-paw-patrol-repose-tete-cou-u-oreiller-de-voyage\/"},"modified":"2022-05-04T13:19:59","modified_gmt":"2022-05-04T13:19:59","slug":"coussin-de-nuque-paw-patrol-repose-tete-cou-u-oreiller-de-voyage","status":"publish","type":"product","link":"https:\/\/staging.laplanetedesenfants.com\/staging\/produit\/coussin-de-nuque-paw-patrol-repose-tete-cou-u-oreiller-de-voyage\/","title":{"rendered":"Coussin De Nuque Paw Patrol Repose T\u00eate Cou U Oreiller De Voyage"},"content":{"rendered":"<div class=\"fpBlk testSep extCode\" style=\"color:#666666;font-family:Poppins, sans-serif;font-size:14px;letter-spacing:1px;background-color:#ffffff;\">Coussin de Nuque Paw Patrol\u00a0<\/div>\n<div class=\"fpBlk testSep extCode\" style=\"color:#666666;font-family:Poppins, sans-serif;font-size:14px;letter-spacing:1px;background-color:#ffffff;\"><\/div>\n<div class=\"fpBlk testSep extCode\" style=\"color:#666666;font-family:Poppins, sans-serif;font-size:14px;letter-spacing:1px;background-color:#ffffff;\">-Pratique, style sp\u00e9cial, sort \u00e0 l&#8217;ordinaire, attrayant.-Id\u00e9al pour les voyages, les vacances,<\/div>\n","protected":false},"excerpt":{"rendered":"<div class=\"fpBlk testSep extCode\" style=\"color:#666666;font-family:Poppins, sans-serif;font-size:14px;letter-spacing:1px;background-color:#ffffff;\">Coussin de Nuque Paw Patrol\u00a0<\/div>\n<div class=\"fpBlk testSep extCode\" style=\"color:#666666;font-family:Poppins, sans-serif;font-size:14px;letter-spacing:1px;background-color:#ffffff;\"><\/div>\n<div class=\"fpBlk testSep extCode\" style=\"color:#666666;font-family:Poppins, sans-serif;font-size:14px;letter-spacing:1px;background-color:#ffffff;\">-Pratique, style sp\u00e9cial, sort \u00e0 l&#8217;ordinaire, attrayant.-Id\u00e9al pour les voyages, les vacances,<\/div>\n","protected":false},"featured_media":379552,"template":"","meta":[],"product_brand":[],"product_cat":[13483,13621,13489,13603],"product_tag":[16300,18614,18622,14624,18613],"class_list":{"0":"post-379553","1":"product","2":"type-product","3":"status-publish","4":"has-post-thumbnail","6":"product_cat-accueil","7":"product_cat-coussins","8":"product_cat-maison","9":"product_cat-parures-de-lit","10":"product_tag-coussin","11":"product_tag-coussin-de-nuque","12":"product_tag-coussin-de-nuque-paw-patrol-repo","13":"product_tag-paw-patrol","14":"product_tag-voyage","15":"pa_genre-fille","17":"first","18":"instock","19":"sale","20":"shipping-taxable","21":"purchasable","22":"product-type-simple"},"_links":{"self":[{"href":"https:\/\/staging.laplanetedesenfants.com\/staging\/wp-json\/wp\/v2\/product\/379553","targetHints":{"allow":["GET"]}}],"collection":[{"href":"https:\/\/staging.laplanetedesenfants.com\/staging\/wp-json\/wp\/v2\/product"}],"about":[{"href":"https:\/\/staging.laplanetedesenfants.com\/staging\/wp-json\/wp\/v2\/types\/product"}],"version-history":[{"count":0,"href":"https:\/\/staging.laplanetedesenfants.com\/staging\/wp-json\/wp\/v2\/product\/379553\/revisions"}],"wp:featuredmedia":[{"embeddable":true,"href":"https:\/\/staging.laplanetedesenfants.com\/staging\/wp-json\/wp\/v2\/media\/379552"}],"wp:attachment":[{"href":"https:\/\/staging.laplanetedesenfants.com\/staging\/wp-json\/wp\/v2\/media?parent=379553"}],"wp:term":[{"taxonomy":"product_brand","embeddable":true,"href":"https:\/\/staging.laplanetedesenfants.com\/staging\/wp-json\/wp\/v2\/product_brand?post=379553"},{"taxonomy":"product_cat","embeddable":true,"href":"https:\/\/staging.laplanetedesenfants.com\/staging\/wp-json\/wp\/v2\/product_cat?post=379553"},{"taxonomy":"product_tag","embeddable":true,"href":"https:\/\/staging.laplanetedesenfants.com\/staging\/wp-json\/wp\/v2\/product_tag?post=379553"}],"curies":[{"name":"wp","href":"https:\/\/api.w.org\/{rel}","templated":true}]}}