{"id":381305,"date":"2022-08-03T12:55:01","date_gmt":"2022-08-03T12:55:01","guid":{"rendered":"https:\/\/staging.laplanetedesenfants.com\/staging\/product\/poncho-de-bain-a-capuche-masha-and-bear\/"},"modified":"2022-08-03T12:55:01","modified_gmt":"2022-08-03T12:55:01","slug":"poncho-de-bain-a-capuche-masha-and-bear","status":"publish","type":"product","link":"https:\/\/staging.laplanetedesenfants.com\/staging\/produit\/poncho-de-bain-a-capuche-masha-and-bear\/","title":{"rendered":"Poncho de bain \u00e0 capuche Masha and Bear"},"content":{"rendered":"<p>Poncho de bain \u00e0 capuche Masha and Bear\u00a0<\/p>\n<p>-100 % Coton<\/p>\n<p>-300 GSM<\/p>\n<p>-Dimention : 55\u00a0X 110\u00a0cm<\/p>\n","protected":false},"excerpt":{"rendered":"<p>La Plan\u00e8te des Enfants vous propose ce\u00a0<span style=\"text-decoration:underline;\"><strong>Poncho de Bain \u00e0 Capuche Masha and Bear\u00a0<\/strong><\/span>Pratique \u00e0 enfiler, le\u00a0<span style=\"text-decoration:underline;\"><strong><span><strong>Poncho de Bain \u00e0 Capuche Masha and bear<\/strong><\/span>\u00a0<\/strong><\/span>prot\u00e9gera votre enfant \u00e0 la sortie du bain ou \u00e0 la plage. Fabriqu\u00e9 en Coton\u00a0il est confortable et doux au touch\u00e9. Couleurs contrastantes. Entretien: lavage \u00e0 40 \u00b0C.<\/p>\n<p>Dimensions 55&#215;110 cm<\/p>\n","protected":false},"featured_media":381303,"template":"","meta":[],"product_brand":[],"product_cat":[13486,13483,13507,13525,13501,13510,13666,13534,13513],"product_tag":[13478,14653,14596,15196,15193],"class_list":{"0":"post-381305","1":"product","2":"type-product","3":"status-publish","4":"has-post-thumbnail","6":"product_cat-accessoires","7":"product_cat-accueil","8":"product_cat-ete","9":"product_cat-garcons","10":"product_cat-nouveautes","11":"product_cat-plage","12":"product_cat-ponchos","13":"product_cat-promos","14":"product_cat-serviettes","15":"product_tag-bain","16":"product_tag-mer","17":"product_tag-poncho","18":"product_tag-poncho-capuche","19":"product_tag-poncho-de-bain","20":"pa_genre-fille","22":"first","23":"instock","24":"sale","25":"shipping-taxable","26":"purchasable","27":"product-type-simple"},"_links":{"self":[{"href":"https:\/\/staging.laplanetedesenfants.com\/staging\/wp-json\/wp\/v2\/product\/381305","targetHints":{"allow":["GET"]}}],"collection":[{"href":"https:\/\/staging.laplanetedesenfants.com\/staging\/wp-json\/wp\/v2\/product"}],"about":[{"href":"https:\/\/staging.laplanetedesenfants.com\/staging\/wp-json\/wp\/v2\/types\/product"}],"version-history":[{"count":0,"href":"https:\/\/staging.laplanetedesenfants.com\/staging\/wp-json\/wp\/v2\/product\/381305\/revisions"}],"wp:featuredmedia":[{"embeddable":true,"href":"https:\/\/staging.laplanetedesenfants.com\/staging\/wp-json\/wp\/v2\/media\/381303"}],"wp:attachment":[{"href":"https:\/\/staging.laplanetedesenfants.com\/staging\/wp-json\/wp\/v2\/media?parent=381305"}],"wp:term":[{"taxonomy":"product_brand","embeddable":true,"href":"https:\/\/staging.laplanetedesenfants.com\/staging\/wp-json\/wp\/v2\/product_brand?post=381305"},{"taxonomy":"product_cat","embeddable":true,"href":"https:\/\/staging.laplanetedesenfants.com\/staging\/wp-json\/wp\/v2\/product_cat?post=381305"},{"taxonomy":"product_tag","embeddable":true,"href":"https:\/\/staging.laplanetedesenfants.com\/staging\/wp-json\/wp\/v2\/product_tag?post=381305"}],"curies":[{"name":"wp","href":"https:\/\/api.w.org\/{rel}","templated":true}]}}