{"id":381822,"date":"2022-09-07T14:41:08","date_gmt":"2022-09-07T14:41:08","guid":{"rendered":"https:\/\/staging.laplanetedesenfants.com\/staging\/product\/ensemble-jogging-naruto\/"},"modified":"2022-09-07T14:41:08","modified_gmt":"2022-09-07T14:41:08","slug":"ensemble-jogging-naruto","status":"publish","type":"product","link":"https:\/\/staging.laplanetedesenfants.com\/staging\/produit\/ensemble-jogging-naruto\/","title":{"rendered":"Ensemble Jogging Naruto"},"content":{"rendered":"<p>Ensemble Jogging\u00a0Naruto<br \/>250 GSM\u00a0<\/p>\n<p>100% Polyester<\/p><\/p>\n","protected":false},"excerpt":{"rendered":"<p>La Plan\u00e8te des Enfants vous propose cet<strong><span style=\"text-decoration:underline;\">\u00a0Ensemble Naruto<\/span><\/strong>. Le Sweat zipp\u00e9 de cet\u00a0<span style=\"text-decoration:underline;\"><strong>Ensemble Jogging Naruto<\/strong><\/span>\u00a0est de couleurs contrast\u00e9e avec l&#8217; image du h\u00e9ros devant. Couleurs contrastantes et ray\u00e9es sur le col les poign\u00e9es et la taille. Finitions \u00e9lastiqu\u00e9es. Deux poches lat\u00e9rales. Int\u00e9rieur polaire pour un contact chaud et doux. Pour le jogging: Uni aux finitions de couleurs contrast\u00e9es et ray\u00e9es. Finitions \u00e9lastiqu\u00e9es. Image du h\u00e9ros sur la cuisse. Deux poches lat\u00e9rales. Int\u00e9rieur polaire pour un contact chaud et doux. Mati\u00e8re: 100% polyester. Entretien: Lavage \u00e0 40 \u00b0C.<\/p>\n","protected":false},"featured_media":381817,"template":"","meta":[],"product_brand":[],"product_cat":[13483,13525,13735,13501,13537],"product_tag":[13456,14584,18815,18814,18272],"class_list":{"0":"post-381822","1":"product","2":"type-product","3":"status-publish","4":"has-post-thumbnail","6":"product_cat-accueil","7":"product_cat-garcons","8":"product_cat-joggings","9":"product_cat-nouveautes","10":"product_cat-nouvelle-collection-garcon","11":"product_tag-ensemble","12":"product_tag-jogging","13":"product_tag-jogging-naruto","14":"product_tag-manga","15":"product_tag-naruto","16":"pa_couleur-bleuturquoise","17":"pa_couleur-vert","18":"pa_genre-garcon","19":"pa_taille-10ans_140cm","20":"pa_taille-12ans_152cm","21":"pa_taille-6ans_116cm","22":"pa_taille-7ans_122cm","23":"pa_taille-8ans_128cm","24":"pa_taille-9ans_134cm","26":"first","27":"instock","28":"sale","29":"shipping-taxable","30":"purchasable","31":"product-type-variable","32":"has-default-attributes"},"_links":{"self":[{"href":"https:\/\/staging.laplanetedesenfants.com\/staging\/wp-json\/wp\/v2\/product\/381822","targetHints":{"allow":["GET"]}}],"collection":[{"href":"https:\/\/staging.laplanetedesenfants.com\/staging\/wp-json\/wp\/v2\/product"}],"about":[{"href":"https:\/\/staging.laplanetedesenfants.com\/staging\/wp-json\/wp\/v2\/types\/product"}],"version-history":[{"count":0,"href":"https:\/\/staging.laplanetedesenfants.com\/staging\/wp-json\/wp\/v2\/product\/381822\/revisions"}],"wp:featuredmedia":[{"embeddable":true,"href":"https:\/\/staging.laplanetedesenfants.com\/staging\/wp-json\/wp\/v2\/media\/381817"}],"wp:attachment":[{"href":"https:\/\/staging.laplanetedesenfants.com\/staging\/wp-json\/wp\/v2\/media?parent=381822"}],"wp:term":[{"taxonomy":"product_brand","embeddable":true,"href":"https:\/\/staging.laplanetedesenfants.com\/staging\/wp-json\/wp\/v2\/product_brand?post=381822"},{"taxonomy":"product_cat","embeddable":true,"href":"https:\/\/staging.laplanetedesenfants.com\/staging\/wp-json\/wp\/v2\/product_cat?post=381822"},{"taxonomy":"product_tag","embeddable":true,"href":"https:\/\/staging.laplanetedesenfants.com\/staging\/wp-json\/wp\/v2\/product_tag?post=381822"}],"curies":[{"name":"wp","href":"https:\/\/api.w.org\/{rel}","templated":true}]}}