{"id":383444,"date":"2022-09-19T15:03:22","date_gmt":"2022-09-19T15:03:22","guid":{"rendered":"https:\/\/staging.laplanetedesenfants.com\/staging\/product\/boite-de-3-slips-naruto\/"},"modified":"2022-09-19T15:03:22","modified_gmt":"2022-09-19T15:03:22","slug":"boite-de-3-slips-naruto","status":"publish","type":"product","link":"https:\/\/staging.laplanetedesenfants.com\/staging\/produit\/boite-de-3-slips-naruto\/","title":{"rendered":"Boite De 3 Slips Naruto"},"content":{"rendered":"<p><strong><span style=\"background-color:#ffffff;color:#666666;font-family:Poppins, sans-serif;font-size:14px;letter-spacing:1px;\">Boite de Slips Naruto<\/span><\/strong>.<\/p>\n<p>Taille \u00e9lastique. Fond doubl\u00e9. Mati\u00e8re : 100% coton. Entretien : lavage \u00e0 30\u00b0C&#8221;<\/p>\n","protected":false},"excerpt":{"rendered":"<p>3 slips Naruto. Taille \u00e9lastique. Fond doubl\u00e9. Mati\u00e8re : 100% coton Entretien : lavage \u00e0 30\u00b0C&#8221;<\/p>\n","protected":false},"featured_media":383443,"template":"","meta":[],"product_brand":[],"product_cat":[13525,13537,13720],"product_tag":[18823,14588,18272,14590,14591,18824],"class_list":{"0":"post-383444","1":"product","2":"type-product","3":"status-publish","4":"has-post-thumbnail","6":"product_cat-garcons","7":"product_cat-nouvelle-collection-garcon","8":"product_cat-slips-boxers","9":"product_tag-boite-de-3-slips-naruto","10":"product_tag-ensemble-de-slip","11":"product_tag-naruto","12":"product_tag-slip","13":"product_tag-slips","14":"product_tag-slips-naruto","15":"pa_genre-garcon","16":"pa_taille-10_12ans","17":"pa_taille-4_5ans","18":"pa_taille-6_8ans","20":"first","21":"instock","22":"sale","23":"shipping-taxable","24":"purchasable","25":"product-type-variable","26":"has-default-attributes"},"_links":{"self":[{"href":"https:\/\/staging.laplanetedesenfants.com\/staging\/wp-json\/wp\/v2\/product\/383444","targetHints":{"allow":["GET"]}}],"collection":[{"href":"https:\/\/staging.laplanetedesenfants.com\/staging\/wp-json\/wp\/v2\/product"}],"about":[{"href":"https:\/\/staging.laplanetedesenfants.com\/staging\/wp-json\/wp\/v2\/types\/product"}],"version-history":[{"count":0,"href":"https:\/\/staging.laplanetedesenfants.com\/staging\/wp-json\/wp\/v2\/product\/383444\/revisions"}],"wp:featuredmedia":[{"embeddable":true,"href":"https:\/\/staging.laplanetedesenfants.com\/staging\/wp-json\/wp\/v2\/media\/383443"}],"wp:attachment":[{"href":"https:\/\/staging.laplanetedesenfants.com\/staging\/wp-json\/wp\/v2\/media?parent=383444"}],"wp:term":[{"taxonomy":"product_brand","embeddable":true,"href":"https:\/\/staging.laplanetedesenfants.com\/staging\/wp-json\/wp\/v2\/product_brand?post=383444"},{"taxonomy":"product_cat","embeddable":true,"href":"https:\/\/staging.laplanetedesenfants.com\/staging\/wp-json\/wp\/v2\/product_cat?post=383444"},{"taxonomy":"product_tag","embeddable":true,"href":"https:\/\/staging.laplanetedesenfants.com\/staging\/wp-json\/wp\/v2\/product_tag?post=383444"}],"curies":[{"name":"wp","href":"https:\/\/api.w.org\/{rel}","templated":true}]}}