{"id":385591,"date":"2022-11-03T12:26:12","date_gmt":"2022-11-03T12:26:12","guid":{"rendered":"https:\/\/staging.laplanetedesenfants.com\/staging\/product\/montre-digitale-nasa\/"},"modified":"2022-11-03T12:26:12","modified_gmt":"2022-11-03T12:26:12","slug":"montre-digitale-nasa","status":"publish","type":"product","link":"https:\/\/staging.laplanetedesenfants.com\/staging\/produit\/montre-digitale-nasa\/","title":{"rendered":"Montre digitale Nasa"},"content":{"rendered":"<p>La Plan\u00e8te des Enfants vous propose cette \u00a0<span><strong>Montre\u00a0digitale Nasa<\/strong><\/span>\u00a0digitale parfaitement adapt\u00e9 \u00e0 votre enfant, qui lui permettra d&#8217;apprendre \u00e0 lire l&#8217;heure tout en s&#8217;amusant.<\/p><\/p>\n","protected":false},"excerpt":{"rendered":"<p>Cette montre digitale permettra d&#8217;avoir l&#8217;heure en regardant ces personnages pr\u00e9f\u00e9r\u00e9s<\/p>\n<p>Le bracelet est en plastique imprim\u00e9 pour une bonne r\u00e9sistance et une manipulation ais\u00e9e.<\/p><\/p>\n","protected":false},"featured_media":385588,"template":"","meta":[],"product_brand":[],"product_cat":[13483,13489,13501,13669],"product_tag":[18873,13440,15391,18184],"class_list":{"0":"post-385591","1":"product","2":"type-product","3":"status-publish","4":"has-post-thumbnail","6":"product_cat-accueil","7":"product_cat-maison","8":"product_cat-nouveautes","9":"product_cat-reveils-montres-pendules","10":"product_tag-digitale","11":"product_tag-disney","12":"product_tag-montre","13":"product_tag-nasa","14":"pa_couleur-bleu","15":"pa_couleur-ciel","16":"pa_couleur-rouge","17":"pa_genre-garcon","19":"first","20":"instock","21":"sale","22":"shipping-taxable","23":"purchasable","24":"product-type-variable","25":"has-default-attributes"},"_links":{"self":[{"href":"https:\/\/staging.laplanetedesenfants.com\/staging\/wp-json\/wp\/v2\/product\/385591","targetHints":{"allow":["GET"]}}],"collection":[{"href":"https:\/\/staging.laplanetedesenfants.com\/staging\/wp-json\/wp\/v2\/product"}],"about":[{"href":"https:\/\/staging.laplanetedesenfants.com\/staging\/wp-json\/wp\/v2\/types\/product"}],"version-history":[{"count":0,"href":"https:\/\/staging.laplanetedesenfants.com\/staging\/wp-json\/wp\/v2\/product\/385591\/revisions"}],"wp:featuredmedia":[{"embeddable":true,"href":"https:\/\/staging.laplanetedesenfants.com\/staging\/wp-json\/wp\/v2\/media\/385588"}],"wp:attachment":[{"href":"https:\/\/staging.laplanetedesenfants.com\/staging\/wp-json\/wp\/v2\/media?parent=385591"}],"wp:term":[{"taxonomy":"product_brand","embeddable":true,"href":"https:\/\/staging.laplanetedesenfants.com\/staging\/wp-json\/wp\/v2\/product_brand?post=385591"},{"taxonomy":"product_cat","embeddable":true,"href":"https:\/\/staging.laplanetedesenfants.com\/staging\/wp-json\/wp\/v2\/product_cat?post=385591"},{"taxonomy":"product_tag","embeddable":true,"href":"https:\/\/staging.laplanetedesenfants.com\/staging\/wp-json\/wp\/v2\/product_tag?post=385591"}],"curies":[{"name":"wp","href":"https:\/\/api.w.org\/{rel}","templated":true}]}}