{"id":385691,"date":"2022-11-09T12:22:35","date_gmt":"2022-11-09T12:22:35","guid":{"rendered":"https:\/\/staging.laplanetedesenfants.com\/staging\/product\/tongs-miraculous-ladybug-2\/"},"modified":"2022-11-09T12:22:35","modified_gmt":"2022-11-09T12:22:35","slug":"tongs-miraculous-ladybug-2","status":"publish","type":"product","link":"https:\/\/staging.laplanetedesenfants.com\/staging\/produit\/tongs-miraculous-ladybug-2\/","title":{"rendered":"Tongs Miraculous &#8211; LadyBug"},"content":{"rendered":"<p>La Plan\u00e8te des Enfants vous propose ces <span style=\"text-decoration:underline;\"><strong>Tongs Miraculous<\/strong><\/span>synth\u00e9tique. Mati\u00e8re 100% PVC. Couleurs contrastantes. Entretien: Nettoyer \u00e0 la main avec une lingette.<\/p>\n","protected":false},"excerpt":{"rendered":"<p>La Plan\u00e8te des Enfants vous propose ces Tongs Miraculous &#8211; ,LadyBug<span style=\"text-decoration:underline;\"><strong>\u00a0<\/strong><\/span>synth\u00e9tique. Mati\u00e8re 100% PVC. Couleurs contrastantes. Entretien: Nettoyer \u00e0 la main avec une lingette.<\/p>\n","protected":false},"featured_media":385689,"template":"","meta":[],"product_brand":[],"product_cat":[13486,13483,13723,13519,13501,13540,13510],"product_tag":[15339,18029,14609,17680],"class_list":{"0":"post-385691","1":"product","2":"type-product","3":"status-publish","4":"has-post-thumbnail","6":"product_cat-accessoires","7":"product_cat-accueil","8":"product_cat-chaussons-tongs-bottes-de-pluie","9":"product_cat-ete-2","10":"product_cat-nouveautes","11":"product_cat-nouvelle-collection-fille","12":"product_cat-plage","13":"product_tag-avengers-marvel","14":"product_tag-ladybug","15":"product_tag-tong","16":"product_tag-tongs-miraculous","17":"pa_couleur-marine","18":"pa_couleur-rouge","19":"pa_genre-fille","20":"pa_pointure-26_27","21":"pa_pointure-28_30","22":"pa_pointure-30_32","23":"pa_pointure-33_34","25":"first","26":"instock","27":"sale","28":"shipping-taxable","29":"purchasable","30":"product-type-variable","31":"has-default-attributes"},"_links":{"self":[{"href":"https:\/\/staging.laplanetedesenfants.com\/staging\/wp-json\/wp\/v2\/product\/385691","targetHints":{"allow":["GET"]}}],"collection":[{"href":"https:\/\/staging.laplanetedesenfants.com\/staging\/wp-json\/wp\/v2\/product"}],"about":[{"href":"https:\/\/staging.laplanetedesenfants.com\/staging\/wp-json\/wp\/v2\/types\/product"}],"version-history":[{"count":0,"href":"https:\/\/staging.laplanetedesenfants.com\/staging\/wp-json\/wp\/v2\/product\/385691\/revisions"}],"wp:featuredmedia":[{"embeddable":true,"href":"https:\/\/staging.laplanetedesenfants.com\/staging\/wp-json\/wp\/v2\/media\/385689"}],"wp:attachment":[{"href":"https:\/\/staging.laplanetedesenfants.com\/staging\/wp-json\/wp\/v2\/media?parent=385691"}],"wp:term":[{"taxonomy":"product_brand","embeddable":true,"href":"https:\/\/staging.laplanetedesenfants.com\/staging\/wp-json\/wp\/v2\/product_brand?post=385691"},{"taxonomy":"product_cat","embeddable":true,"href":"https:\/\/staging.laplanetedesenfants.com\/staging\/wp-json\/wp\/v2\/product_cat?post=385691"},{"taxonomy":"product_tag","embeddable":true,"href":"https:\/\/staging.laplanetedesenfants.com\/staging\/wp-json\/wp\/v2\/product_tag?post=385691"}],"curies":[{"name":"wp","href":"https:\/\/api.w.org\/{rel}","templated":true}]}}