{"id":386492,"date":"2022-12-21T15:33:03","date_gmt":"2022-12-21T15:33:03","guid":{"rendered":"https:\/\/staging.laplanetedesenfants.com\/staging\/product\/coussin-de-nuque-dragon-ball-repose-tete-cou-u-oreiller-de-voyage\/"},"modified":"2022-12-21T15:33:03","modified_gmt":"2022-12-21T15:33:03","slug":"coussin-de-nuque-dragon-ball-repose-tete-cou-u-oreiller-de-voyage","status":"publish","type":"product","link":"https:\/\/staging.laplanetedesenfants.com\/staging\/produit\/coussin-de-nuque-dragon-ball-repose-tete-cou-u-oreiller-de-voyage\/","title":{"rendered":"Coussin de Nuque Dragon Ball Repose T\u00eate Cou U Oreiller de Voyage"},"content":{"rendered":"<div class=\"fpBlk testSep extCode\">Coussin de Nuque\u00a0Dragon Ball<\/div>\n<div class=\"fpBlk testSep extCode\"><\/div>\n<div class=\"fpBlk testSep extCode\">-Pratique, style sp\u00e9cial, sort \u00e0 l&#8217;ordinaire, attrayant.-Id\u00e9al pour les voyages, les vacances<\/div>\n","protected":false},"excerpt":{"rendered":"<div class=\"fpBlk testSep extCode\">Coussin de Nuque\u00a0Dragon Ball<\/div>\n<div class=\"fpBlk testSep extCode\"><\/div>\n<div class=\"fpBlk testSep extCode\">-Pratique, style sp\u00e9cial, sort \u00e0 l&#8217;ordinaire, attrayant.-Id\u00e9al pour les voyages, les vacances<\/div>\n","protected":false},"featured_media":386491,"template":"","meta":[],"product_brand":[],"product_cat":[13483,13621,13489,13603],"product_tag":[16300,18614,15322,18775,18613],"class_list":{"0":"post-386492","1":"product","2":"type-product","3":"status-publish","4":"has-post-thumbnail","6":"product_cat-accueil","7":"product_cat-coussins","8":"product_cat-maison","9":"product_cat-parures-de-lit","10":"product_tag-coussin","11":"product_tag-coussin-de-nuque","12":"product_tag-dragon-ball","13":"product_tag-licorne-repose-tete-cou-u-oreill","14":"product_tag-voyage","15":"pa_genre-garcon","17":"first","18":"instock","19":"sale","20":"shipping-taxable","21":"purchasable","22":"product-type-simple"},"_links":{"self":[{"href":"https:\/\/staging.laplanetedesenfants.com\/staging\/wp-json\/wp\/v2\/product\/386492","targetHints":{"allow":["GET"]}}],"collection":[{"href":"https:\/\/staging.laplanetedesenfants.com\/staging\/wp-json\/wp\/v2\/product"}],"about":[{"href":"https:\/\/staging.laplanetedesenfants.com\/staging\/wp-json\/wp\/v2\/types\/product"}],"version-history":[{"count":0,"href":"https:\/\/staging.laplanetedesenfants.com\/staging\/wp-json\/wp\/v2\/product\/386492\/revisions"}],"wp:featuredmedia":[{"embeddable":true,"href":"https:\/\/staging.laplanetedesenfants.com\/staging\/wp-json\/wp\/v2\/media\/386491"}],"wp:attachment":[{"href":"https:\/\/staging.laplanetedesenfants.com\/staging\/wp-json\/wp\/v2\/media?parent=386492"}],"wp:term":[{"taxonomy":"product_brand","embeddable":true,"href":"https:\/\/staging.laplanetedesenfants.com\/staging\/wp-json\/wp\/v2\/product_brand?post=386492"},{"taxonomy":"product_cat","embeddable":true,"href":"https:\/\/staging.laplanetedesenfants.com\/staging\/wp-json\/wp\/v2\/product_cat?post=386492"},{"taxonomy":"product_tag","embeddable":true,"href":"https:\/\/staging.laplanetedesenfants.com\/staging\/wp-json\/wp\/v2\/product_tag?post=386492"}],"curies":[{"name":"wp","href":"https:\/\/api.w.org\/{rel}","templated":true}]}}