{"id":387950,"date":"2023-03-16T14:43:55","date_gmt":"2023-03-16T14:43:55","guid":{"rendered":"https:\/\/staging.laplanetedesenfants.com\/staging\/product\/casquette-bebe-101-dalmatiens\/"},"modified":"2023-03-16T14:43:55","modified_gmt":"2023-03-16T14:43:55","slug":"casquette-bebe-101-dalmatiens","status":"publish","type":"product","link":"https:\/\/staging.laplanetedesenfants.com\/staging\/produit\/casquette-bebe-101-dalmatiens\/","title":{"rendered":"Casquette  B\u00e9b\u00e9 101 Dalmatiens"},"content":{"rendered":"<p>La Plan\u00e8te des Enfants vous propose cette\u00a0<span style=\"text-decoration:underline;\"><strong>Casquette\u00a0<\/strong><\/span><b><span style=\"text-decoration:underline;\">B\u00e9b\u00e9 101 Dalmatiens<\/span><\/b>. R\u00e9glable par scratch. Image imprim\u00e9e devant et sur la visi\u00e8re. Tr\u00e8s l\u00e9g\u00e8re et prot\u00e8ge du soleil.<br \/>Entretien: Lavage \u00e0 la main.<\/p><\/p>\n","protected":false},"excerpt":{"rendered":"<p>La Plan\u00e8te des Enfants vous propose cette\u00a0<span style=\"text-decoration:underline;\"><strong>Casquette\u00a0<\/strong><\/span><b><span style=\"text-decoration:underline;\">B\u00e9b\u00e9 101 Dalmatiens<\/span><\/b>.\u00a0 Image imprim\u00e9e devant et sur la visi\u00e8re. Tr\u00e8s l\u00e9g\u00e8re et prot\u00e8ge du soleil.<br \/>Entretien: Lavage \u00e0 la main.<\/p>\n<p>35%polyestere et 65%coton .<\/p><\/p>\n","protected":false},"featured_media":387947,"template":"","meta":[],"product_brand":[],"product_cat":[13486,13483,13615,13507,13501,13534,13504],"product_tag":[18993,14659,18481,14799,14652],"class_list":{"0":"post-387950","1":"product","2":"type-product","3":"status-publish","4":"has-post-thumbnail","6":"product_cat-accessoires","7":"product_cat-accueil","8":"product_cat-casquettes-bobs","9":"product_cat-ete","10":"product_cat-nouveautes","11":"product_cat-promos","12":"product_cat-tous-les-produits","13":"product_tag-101-dalmatiens","14":"product_tag-casquette","15":"product_tag-casquette-bebe","16":"product_tag-enfants","17":"product_tag-plage","18":"pa_couleur-bleu","19":"pa_couleur-rose","20":"pa_taille-44_46cm","21":"pa_taille-48_50","23":"first","24":"instock","25":"sale","26":"shipping-taxable","27":"purchasable","28":"product-type-variable","29":"has-default-attributes"},"_links":{"self":[{"href":"https:\/\/staging.laplanetedesenfants.com\/staging\/wp-json\/wp\/v2\/product\/387950","targetHints":{"allow":["GET"]}}],"collection":[{"href":"https:\/\/staging.laplanetedesenfants.com\/staging\/wp-json\/wp\/v2\/product"}],"about":[{"href":"https:\/\/staging.laplanetedesenfants.com\/staging\/wp-json\/wp\/v2\/types\/product"}],"version-history":[{"count":0,"href":"https:\/\/staging.laplanetedesenfants.com\/staging\/wp-json\/wp\/v2\/product\/387950\/revisions"}],"wp:featuredmedia":[{"embeddable":true,"href":"https:\/\/staging.laplanetedesenfants.com\/staging\/wp-json\/wp\/v2\/media\/387947"}],"wp:attachment":[{"href":"https:\/\/staging.laplanetedesenfants.com\/staging\/wp-json\/wp\/v2\/media?parent=387950"}],"wp:term":[{"taxonomy":"product_brand","embeddable":true,"href":"https:\/\/staging.laplanetedesenfants.com\/staging\/wp-json\/wp\/v2\/product_brand?post=387950"},{"taxonomy":"product_cat","embeddable":true,"href":"https:\/\/staging.laplanetedesenfants.com\/staging\/wp-json\/wp\/v2\/product_cat?post=387950"},{"taxonomy":"product_tag","embeddable":true,"href":"https:\/\/staging.laplanetedesenfants.com\/staging\/wp-json\/wp\/v2\/product_tag?post=387950"}],"curies":[{"name":"wp","href":"https:\/\/api.w.org\/{rel}","templated":true}]}}